{"id":1931,"date":"2024-03-26T16:21:32","date_gmt":"2024-03-26T15:21:32","guid":{"rendered":"https:\/\/europoly.com\/?post_type=product&#038;p=1931"},"modified":"2026-04-15T09:11:55","modified_gmt":"2026-04-15T07:11:55","slug":"double-enveloppe","status":"publish","type":"product","link":"https:\/\/europoly.com\/de\/produit\/double-enveloppe\/","title":{"rendered":"Double enveloppe"},"content":{"rendered":"<p>EUROPOLY con\u00e7oit des produits fa\u00e7onn\u00e9s aux demandes et exigences de ses clients. En effet dans l\u2019exemple cit\u00e9 nous avons r\u00e9alis\u00e9 plusieurs armoires ayant trois contraintes :<\/p>\n<p>1. L\u2019armoire devait avoir un socle sp\u00e9cifique facilement enterrable et facilement d\u00e9montable pour l\u2019installer rapidement ailleurs.<br \/>\n2. L\u2019armoire devait \u00eatre double peau, un coffret dans une armoire polyester avec ventilation permettant de diminuer au maximum les effets de variation de temp\u00e9rature.<br \/>\n3. Le coffret int\u00e9rieur devait avoir une \u00e9tag\u00e8re et tiroir sur-mesure pour l\u2019installation d\u2019enregistreurs.<\/p>\n<p>Compr\u00e9hension de la demande, \u00e9tude du cahier des charges, gamme de fabrication et production ont \u00e9t\u00e9 mis en place et cet ensemble de comp\u00e9tences ont permis de satisfaire pleinement notre client.<\/p>\n","protected":false},"excerpt":{"rendered":"<p>EUROPOLY con\u00e7oit des produits fa\u00e7onn\u00e9s aux demandes et exigences de ses clients. En effet dans l\u2019exemple cit\u00e9 nous avons r\u00e9alis\u00e9 plusieurs armoires ayant trois contraintes : 1. L\u2019armoire devait avoir un socle sp\u00e9cifique facilement enterrable et facilement d\u00e9montable pour l\u2019installer rapidement ailleurs. 2. L\u2019armoire devait \u00eatre double peau, un coffret dans une armoire polyester avec [&hellip;]<\/p>\n","protected":false},"featured_media":1933,"comment_status":"closed","ping_status":"closed","template":"","meta":{"_acf_changed":false,"_monsterinsights_skip_tracking":false,"_monsterinsights_sitenote_active":false,"_monsterinsights_sitenote_note":"","_monsterinsights_sitenote_category":0},"product_brand":[],"product_cat":[56],"product_tag":[],"class_list":{"0":"post-1931","1":"product","2":"type-product","3":"status-publish","4":"has-post-thumbnail","6":"product_cat-sur-mesure","8":"first","9":"instock","10":"shipping-taxable","11":"product-type-simple"},"acf":[],"yoast_head":"<!-- This site is optimized with the Yoast SEO plugin v27.5 - https:\/\/yoast.com\/product\/yoast-seo-wordpress\/ -->\n<title>Double enveloppe - Europoly<\/title>\n<meta name=\"description\" content=\"Double enveloppe \u2013 Coffrets et armoires polyester haute r\u00e9sistance pour applications industrielles. Fabrication Europoly, sp\u00e9cialiste des solutions polyester.\" \/>\n<meta name=\"robots\" content=\"index, follow, max-snippet:-1, max-image-preview:large, max-video-preview:-1\" \/>\n<link rel=\"canonical\" href=\"https:\/\/europoly.com\/de\/produit\/double-enveloppe\/\" \/>\n<meta property=\"og:locale\" content=\"de_DE\" \/>\n<meta property=\"og:type\" content=\"article\" \/>\n<meta property=\"og:title\" content=\"Double enveloppe - Europoly\" \/>\n<meta property=\"og:description\" content=\"Double enveloppe \u2013 Coffrets et armoires polyester haute r\u00e9sistance pour applications industrielles. Fabrication Europoly, sp\u00e9cialiste des solutions polyester.\" \/>\n<meta property=\"og:url\" content=\"https:\/\/europoly.com\/produit\/double-enveloppe\/\" \/>\n<meta property=\"og:site_name\" content=\"Europoly\" \/>\n<meta property=\"article:modified_time\" content=\"2026-04-15T07:11:55+00:00\" \/>\n<meta property=\"og:image\" content=\"https:\/\/europoly.com\/wp-content\/uploads\/2024\/03\/armoires_coffrets_polyester_sur-mesure_xl1.gif\" \/>\n\t<meta property=\"og:image:width\" content=\"300\" \/>\n\t<meta property=\"og:image:height\" content=\"318\" \/>\n\t<meta property=\"og:image:type\" content=\"image\/gif\" \/>\n<meta name=\"twitter:card\" content=\"summary_large_image\" \/>\n<meta name=\"twitter:label1\" content=\"Gesch\u00e4tzte Lesezeit\" \/>\n\t<meta name=\"twitter:data1\" content=\"1\u00a0Minute\" \/>\n<script type=\"application\/ld+json\" class=\"yoast-schema-graph\">{\"@context\":\"https:\\\/\\\/schema.org\",\"@graph\":[{\"@type\":\"WebPage\",\"@id\":\"https:\\\/\\\/europoly.com\\\/produit\\\/double-enveloppe\\\/\",\"url\":\"https:\\\/\\\/europoly.com\\\/produit\\\/double-enveloppe\\\/\",\"name\":\"Double enveloppe - Europoly\",\"isPartOf\":{\"@id\":\"https:\\\/\\\/europoly.com\\\/#website\"},\"primaryImageOfPage\":{\"@id\":\"https:\\\/\\\/europoly.com\\\/produit\\\/double-enveloppe\\\/#primaryimage\"},\"image\":{\"@id\":\"https:\\\/\\\/europoly.com\\\/produit\\\/double-enveloppe\\\/#primaryimage\"},\"thumbnailUrl\":\"https:\\\/\\\/europoly.com\\\/wp-content\\\/uploads\\\/2024\\\/03\\\/armoires_coffrets_polyester_sur-mesure_xl1.gif\",\"datePublished\":\"2024-03-26T15:21:32+00:00\",\"dateModified\":\"2026-04-15T07:11:55+00:00\",\"description\":\"Double enveloppe \u2013 Coffrets et armoires polyester haute r\u00e9sistance pour applications industrielles. Fabrication Europoly, sp\u00e9cialiste des solutions polyester.\",\"breadcrumb\":{\"@id\":\"https:\\\/\\\/europoly.com\\\/produit\\\/double-enveloppe\\\/#breadcrumb\"},\"inLanguage\":\"de\",\"potentialAction\":[{\"@type\":\"ReadAction\",\"target\":[\"https:\\\/\\\/europoly.com\\\/produit\\\/double-enveloppe\\\/\"]}]},{\"@type\":\"ImageObject\",\"inLanguage\":\"de\",\"@id\":\"https:\\\/\\\/europoly.com\\\/produit\\\/double-enveloppe\\\/#primaryimage\",\"url\":\"https:\\\/\\\/europoly.com\\\/wp-content\\\/uploads\\\/2024\\\/03\\\/armoires_coffrets_polyester_sur-mesure_xl1.gif\",\"contentUrl\":\"https:\\\/\\\/europoly.com\\\/wp-content\\\/uploads\\\/2024\\\/03\\\/armoires_coffrets_polyester_sur-mesure_xl1.gif\",\"width\":300,\"height\":318},{\"@type\":\"BreadcrumbList\",\"@id\":\"https:\\\/\\\/europoly.com\\\/produit\\\/double-enveloppe\\\/#breadcrumb\",\"itemListElement\":[{\"@type\":\"ListItem\",\"position\":1,\"name\":\"Accueil\",\"item\":\"https:\\\/\\\/europoly.com\\\/de\\\/startseite\\\/\"},{\"@type\":\"ListItem\",\"position\":2,\"name\":\"Shop\",\"item\":\"https:\\\/\\\/europoly.com\\\/shop\\\/\"},{\"@type\":\"ListItem\",\"position\":3,\"name\":\"Double enveloppe\"}]},{\"@type\":\"WebSite\",\"@id\":\"https:\\\/\\\/europoly.com\\\/#website\",\"url\":\"https:\\\/\\\/europoly.com\\\/\",\"name\":\"Europoly\",\"description\":\"\",\"publisher\":{\"@id\":\"https:\\\/\\\/europoly.com\\\/#organization\"},\"potentialAction\":[{\"@type\":\"SearchAction\",\"target\":{\"@type\":\"EntryPoint\",\"urlTemplate\":\"https:\\\/\\\/europoly.com\\\/?s={search_term_string}\"},\"query-input\":{\"@type\":\"PropertyValueSpecification\",\"valueRequired\":true,\"valueName\":\"search_term_string\"}}],\"inLanguage\":\"de\"},{\"@type\":\"Organization\",\"@id\":\"https:\\\/\\\/europoly.com\\\/#organization\",\"name\":\"Europoly\",\"url\":\"https:\\\/\\\/europoly.com\\\/\",\"logo\":{\"@type\":\"ImageObject\",\"inLanguage\":\"de\",\"@id\":\"https:\\\/\\\/europoly.com\\\/#\\\/schema\\\/logo\\\/image\\\/\",\"url\":\"https:\\\/\\\/europoly.com\\\/wp-content\\\/uploads\\\/2023\\\/10\\\/Logo-europoly-fabricants-armoires-polyester.png\",\"contentUrl\":\"https:\\\/\\\/europoly.com\\\/wp-content\\\/uploads\\\/2023\\\/10\\\/Logo-europoly-fabricants-armoires-polyester.png\",\"width\":283,\"height\":369,\"caption\":\"Europoly\"},\"image\":{\"@id\":\"https:\\\/\\\/europoly.com\\\/#\\\/schema\\\/logo\\\/image\\\/\"}}]}<\/script>\n<!-- \/ Yoast SEO plugin. -->","yoast_head_json":{"title":"Double enveloppe - Europoly","description":"Double enveloppe \u2013 Coffrets et armoires polyester haute r\u00e9sistance pour applications industrielles. Fabrication Europoly, sp\u00e9cialiste des solutions polyester.","robots":{"index":"index","follow":"follow","max-snippet":"max-snippet:-1","max-image-preview":"max-image-preview:large","max-video-preview":"max-video-preview:-1"},"canonical":"https:\/\/europoly.com\/de\/produit\/double-enveloppe\/","og_locale":"de_DE","og_type":"article","og_title":"Double enveloppe - Europoly","og_description":"Double enveloppe \u2013 Coffrets et armoires polyester haute r\u00e9sistance pour applications industrielles. Fabrication Europoly, sp\u00e9cialiste des solutions polyester.","og_url":"https:\/\/europoly.com\/produit\/double-enveloppe\/","og_site_name":"Europoly","article_modified_time":"2026-04-15T07:11:55+00:00","og_image":[{"width":300,"height":318,"url":"https:\/\/europoly.com\/wp-content\/uploads\/2024\/03\/armoires_coffrets_polyester_sur-mesure_xl1.gif","type":"image\/gif"}],"twitter_card":"summary_large_image","twitter_misc":{"Gesch\u00e4tzte Lesezeit":"1\u00a0Minute"},"schema":{"@context":"https:\/\/schema.org","@graph":[{"@type":"WebPage","@id":"https:\/\/europoly.com\/produit\/double-enveloppe\/","url":"https:\/\/europoly.com\/produit\/double-enveloppe\/","name":"Double enveloppe - Europoly","isPartOf":{"@id":"https:\/\/europoly.com\/#website"},"primaryImageOfPage":{"@id":"https:\/\/europoly.com\/produit\/double-enveloppe\/#primaryimage"},"image":{"@id":"https:\/\/europoly.com\/produit\/double-enveloppe\/#primaryimage"},"thumbnailUrl":"https:\/\/europoly.com\/wp-content\/uploads\/2024\/03\/armoires_coffrets_polyester_sur-mesure_xl1.gif","datePublished":"2024-03-26T15:21:32+00:00","dateModified":"2026-04-15T07:11:55+00:00","description":"Double enveloppe \u2013 Coffrets et armoires polyester haute r\u00e9sistance pour applications industrielles. Fabrication Europoly, sp\u00e9cialiste des solutions polyester.","breadcrumb":{"@id":"https:\/\/europoly.com\/produit\/double-enveloppe\/#breadcrumb"},"inLanguage":"de","potentialAction":[{"@type":"ReadAction","target":["https:\/\/europoly.com\/produit\/double-enveloppe\/"]}]},{"@type":"ImageObject","inLanguage":"de","@id":"https:\/\/europoly.com\/produit\/double-enveloppe\/#primaryimage","url":"https:\/\/europoly.com\/wp-content\/uploads\/2024\/03\/armoires_coffrets_polyester_sur-mesure_xl1.gif","contentUrl":"https:\/\/europoly.com\/wp-content\/uploads\/2024\/03\/armoires_coffrets_polyester_sur-mesure_xl1.gif","width":300,"height":318},{"@type":"BreadcrumbList","@id":"https:\/\/europoly.com\/produit\/double-enveloppe\/#breadcrumb","itemListElement":[{"@type":"ListItem","position":1,"name":"Accueil","item":"https:\/\/europoly.com\/de\/startseite\/"},{"@type":"ListItem","position":2,"name":"Shop","item":"https:\/\/europoly.com\/shop\/"},{"@type":"ListItem","position":3,"name":"Double enveloppe"}]},{"@type":"WebSite","@id":"https:\/\/europoly.com\/#website","url":"https:\/\/europoly.com\/","name":"Europoly","description":"","publisher":{"@id":"https:\/\/europoly.com\/#organization"},"potentialAction":[{"@type":"SearchAction","target":{"@type":"EntryPoint","urlTemplate":"https:\/\/europoly.com\/?s={search_term_string}"},"query-input":{"@type":"PropertyValueSpecification","valueRequired":true,"valueName":"search_term_string"}}],"inLanguage":"de"},{"@type":"Organization","@id":"https:\/\/europoly.com\/#organization","name":"Europoly","url":"https:\/\/europoly.com\/","logo":{"@type":"ImageObject","inLanguage":"de","@id":"https:\/\/europoly.com\/#\/schema\/logo\/image\/","url":"https:\/\/europoly.com\/wp-content\/uploads\/2023\/10\/Logo-europoly-fabricants-armoires-polyester.png","contentUrl":"https:\/\/europoly.com\/wp-content\/uploads\/2023\/10\/Logo-europoly-fabricants-armoires-polyester.png","width":283,"height":369,"caption":"Europoly"},"image":{"@id":"https:\/\/europoly.com\/#\/schema\/logo\/image\/"}}]}},"_links":{"self":[{"href":"https:\/\/europoly.com\/de\/wp-json\/wp\/v2\/product\/1931","targetHints":{"allow":["GET"]}}],"collection":[{"href":"https:\/\/europoly.com\/de\/wp-json\/wp\/v2\/product"}],"about":[{"href":"https:\/\/europoly.com\/de\/wp-json\/wp\/v2\/types\/product"}],"replies":[{"embeddable":true,"href":"https:\/\/europoly.com\/de\/wp-json\/wp\/v2\/comments?post=1931"}],"wp:featuredmedia":[{"embeddable":true,"href":"https:\/\/europoly.com\/de\/wp-json\/wp\/v2\/media\/1933"}],"wp:attachment":[{"href":"https:\/\/europoly.com\/de\/wp-json\/wp\/v2\/media?parent=1931"}],"wp:term":[{"taxonomy":"product_brand","embeddable":true,"href":"https:\/\/europoly.com\/de\/wp-json\/wp\/v2\/product_brand?post=1931"},{"taxonomy":"product_cat","embeddable":true,"href":"https:\/\/europoly.com\/de\/wp-json\/wp\/v2\/product_cat?post=1931"},{"taxonomy":"product_tag","embeddable":true,"href":"https:\/\/europoly.com\/de\/wp-json\/wp\/v2\/product_tag?post=1931"}],"curies":[{"name":"wp","href":"https:\/\/api.w.org\/{rel}","templated":true}]}}