{"id":1939,"date":"2024-03-26T16:22:58","date_gmt":"2024-03-26T15:22:58","guid":{"rendered":"https:\/\/europoly.com\/?post_type=product&#038;p=1939"},"modified":"2026-04-15T08:47:52","modified_gmt":"2026-04-15T06:47:52","slug":"metro-de-paris-ratp","status":"publish","type":"product","link":"https:\/\/europoly.com\/de\/produit\/metro-de-paris-ratp\/","title":{"rendered":"M\u00e9tro de Paris &#8211; RATP"},"content":{"rendered":"<p>Armoire d\u00e9di\u00e9e \u00e0 une application de haute tension dans le milieu ferroviaire. Ici, l\u2019int\u00e9r\u00eat est d\u2019obtenir une accessibilit\u00e9 totale de tous les \u00e9l\u00e9ments internes \u00e0 l\u2019armoire.<\/p>\n<p>Notre bureau d\u2019\u00e9tude a cr\u00e9\u00e9 la solution : un syst\u00e8me de portes permettant l\u2019acc\u00e8s par tous les c\u00f4t\u00e9s de l\u2019armoire tout en gardant la rigidit\u00e9 de l\u2019ensemble.<\/p>\n","protected":false},"excerpt":{"rendered":"<p>Armoire d\u00e9di\u00e9e \u00e0 une application de haute tension dans le milieu ferroviaire. Ici, l\u2019int\u00e9r\u00eat est d\u2019obtenir une accessibilit\u00e9 totale de tous les \u00e9l\u00e9ments internes \u00e0 l\u2019armoire. Notre bureau d\u2019\u00e9tude a cr\u00e9\u00e9 la solution : un syst\u00e8me de portes permettant l\u2019acc\u00e8s par tous les c\u00f4t\u00e9s de l\u2019armoire tout en gardant la rigidit\u00e9 de l\u2019ensemble.<\/p>\n","protected":false},"featured_media":1941,"comment_status":"closed","ping_status":"closed","template":"","meta":{"_acf_changed":false,"_monsterinsights_skip_tracking":false,"_monsterinsights_sitenote_active":false,"_monsterinsights_sitenote_note":"","_monsterinsights_sitenote_category":0},"product_brand":[],"product_cat":[56],"product_tag":[],"class_list":{"0":"post-1939","1":"product","2":"type-product","3":"status-publish","4":"has-post-thumbnail","6":"product_cat-sur-mesure","8":"first","9":"instock","10":"shipping-taxable","11":"product-type-simple"},"acf":[],"yoast_head":"<!-- This site is optimized with the Yoast SEO plugin v27.5 - https:\/\/yoast.com\/product\/yoast-seo-wordpress\/ -->\n<title>M\u00e9tro de Paris - RATP - Europoly<\/title>\n<meta name=\"description\" content=\"M\u00e9tro de Paris - RATP \u2013 Coffrets et armoires polyester haute r\u00e9sistance pour applications industrielles. Fabrication Europoly, sp\u00e9cialiste des solutions polyester.\" \/>\n<meta name=\"robots\" content=\"index, follow, max-snippet:-1, max-image-preview:large, max-video-preview:-1\" \/>\n<link rel=\"canonical\" href=\"https:\/\/europoly.com\/de\/produit\/metro-de-paris-ratp\/\" \/>\n<meta property=\"og:locale\" content=\"de_DE\" \/>\n<meta property=\"og:type\" content=\"article\" \/>\n<meta property=\"og:title\" content=\"M\u00e9tro de Paris - RATP - Europoly\" \/>\n<meta property=\"og:description\" content=\"M\u00e9tro de Paris - RATP \u2013 Coffrets et armoires polyester haute r\u00e9sistance pour applications industrielles. Fabrication Europoly, sp\u00e9cialiste des solutions polyester.\" \/>\n<meta property=\"og:url\" content=\"https:\/\/europoly.com\/produit\/metro-de-paris-ratp\/\" \/>\n<meta property=\"og:site_name\" content=\"Europoly\" \/>\n<meta property=\"article:modified_time\" content=\"2026-04-15T06:47:52+00:00\" \/>\n<meta property=\"og:image\" content=\"https:\/\/europoly.com\/wp-content\/uploads\/2024\/03\/armoires_coffrets_polyester_paris_ht_xl.jpg\" \/>\n\t<meta property=\"og:image:width\" content=\"650\" \/>\n\t<meta property=\"og:image:height\" content=\"425\" \/>\n\t<meta property=\"og:image:type\" content=\"image\/jpeg\" \/>\n<meta name=\"twitter:card\" content=\"summary_large_image\" \/>\n<meta name=\"twitter:label1\" content=\"Gesch\u00e4tzte Lesezeit\" \/>\n\t<meta name=\"twitter:data1\" content=\"1\u00a0Minute\" \/>\n<script type=\"application\/ld+json\" class=\"yoast-schema-graph\">{\"@context\":\"https:\\\/\\\/schema.org\",\"@graph\":[{\"@type\":\"WebPage\",\"@id\":\"https:\\\/\\\/europoly.com\\\/produit\\\/metro-de-paris-ratp\\\/\",\"url\":\"https:\\\/\\\/europoly.com\\\/produit\\\/metro-de-paris-ratp\\\/\",\"name\":\"M\u00e9tro de Paris - RATP - Europoly\",\"isPartOf\":{\"@id\":\"https:\\\/\\\/europoly.com\\\/#website\"},\"primaryImageOfPage\":{\"@id\":\"https:\\\/\\\/europoly.com\\\/produit\\\/metro-de-paris-ratp\\\/#primaryimage\"},\"image\":{\"@id\":\"https:\\\/\\\/europoly.com\\\/produit\\\/metro-de-paris-ratp\\\/#primaryimage\"},\"thumbnailUrl\":\"https:\\\/\\\/europoly.com\\\/wp-content\\\/uploads\\\/2024\\\/03\\\/armoires_coffrets_polyester_paris_ht_xl.jpg\",\"datePublished\":\"2024-03-26T15:22:58+00:00\",\"dateModified\":\"2026-04-15T06:47:52+00:00\",\"description\":\"M\u00e9tro de Paris - RATP \u2013 Coffrets et armoires polyester haute r\u00e9sistance pour applications industrielles. Fabrication Europoly, sp\u00e9cialiste des solutions polyester.\",\"breadcrumb\":{\"@id\":\"https:\\\/\\\/europoly.com\\\/produit\\\/metro-de-paris-ratp\\\/#breadcrumb\"},\"inLanguage\":\"de\",\"potentialAction\":[{\"@type\":\"ReadAction\",\"target\":[\"https:\\\/\\\/europoly.com\\\/produit\\\/metro-de-paris-ratp\\\/\"]}]},{\"@type\":\"ImageObject\",\"inLanguage\":\"de\",\"@id\":\"https:\\\/\\\/europoly.com\\\/produit\\\/metro-de-paris-ratp\\\/#primaryimage\",\"url\":\"https:\\\/\\\/europoly.com\\\/wp-content\\\/uploads\\\/2024\\\/03\\\/armoires_coffrets_polyester_paris_ht_xl.jpg\",\"contentUrl\":\"https:\\\/\\\/europoly.com\\\/wp-content\\\/uploads\\\/2024\\\/03\\\/armoires_coffrets_polyester_paris_ht_xl.jpg\",\"width\":650,\"height\":425,\"caption\":\"Armoire \u00e9lectrique en polyester haute tension Europoly utilis\u00e9e sur le r\u00e9seau du m\u00e9tro parisien\"},{\"@type\":\"BreadcrumbList\",\"@id\":\"https:\\\/\\\/europoly.com\\\/produit\\\/metro-de-paris-ratp\\\/#breadcrumb\",\"itemListElement\":[{\"@type\":\"ListItem\",\"position\":1,\"name\":\"Accueil\",\"item\":\"https:\\\/\\\/europoly.com\\\/de\\\/startseite\\\/\"},{\"@type\":\"ListItem\",\"position\":2,\"name\":\"Shop\",\"item\":\"https:\\\/\\\/europoly.com\\\/shop\\\/\"},{\"@type\":\"ListItem\",\"position\":3,\"name\":\"M\u00e9tro de Paris &#8211; RATP\"}]},{\"@type\":\"WebSite\",\"@id\":\"https:\\\/\\\/europoly.com\\\/#website\",\"url\":\"https:\\\/\\\/europoly.com\\\/\",\"name\":\"Europoly\",\"description\":\"\",\"publisher\":{\"@id\":\"https:\\\/\\\/europoly.com\\\/#organization\"},\"potentialAction\":[{\"@type\":\"SearchAction\",\"target\":{\"@type\":\"EntryPoint\",\"urlTemplate\":\"https:\\\/\\\/europoly.com\\\/?s={search_term_string}\"},\"query-input\":{\"@type\":\"PropertyValueSpecification\",\"valueRequired\":true,\"valueName\":\"search_term_string\"}}],\"inLanguage\":\"de\"},{\"@type\":\"Organization\",\"@id\":\"https:\\\/\\\/europoly.com\\\/#organization\",\"name\":\"Europoly\",\"url\":\"https:\\\/\\\/europoly.com\\\/\",\"logo\":{\"@type\":\"ImageObject\",\"inLanguage\":\"de\",\"@id\":\"https:\\\/\\\/europoly.com\\\/#\\\/schema\\\/logo\\\/image\\\/\",\"url\":\"https:\\\/\\\/europoly.com\\\/wp-content\\\/uploads\\\/2023\\\/10\\\/Logo-europoly-fabricants-armoires-polyester.png\",\"contentUrl\":\"https:\\\/\\\/europoly.com\\\/wp-content\\\/uploads\\\/2023\\\/10\\\/Logo-europoly-fabricants-armoires-polyester.png\",\"width\":283,\"height\":369,\"caption\":\"Europoly\"},\"image\":{\"@id\":\"https:\\\/\\\/europoly.com\\\/#\\\/schema\\\/logo\\\/image\\\/\"}}]}<\/script>\n<!-- \/ Yoast SEO plugin. -->","yoast_head_json":{"title":"M\u00e9tro de Paris - RATP - Europoly","description":"M\u00e9tro de Paris - RATP \u2013 Coffrets et armoires polyester haute r\u00e9sistance pour applications industrielles. Fabrication Europoly, sp\u00e9cialiste des solutions polyester.","robots":{"index":"index","follow":"follow","max-snippet":"max-snippet:-1","max-image-preview":"max-image-preview:large","max-video-preview":"max-video-preview:-1"},"canonical":"https:\/\/europoly.com\/de\/produit\/metro-de-paris-ratp\/","og_locale":"de_DE","og_type":"article","og_title":"M\u00e9tro de Paris - RATP - Europoly","og_description":"M\u00e9tro de Paris - RATP \u2013 Coffrets et armoires polyester haute r\u00e9sistance pour applications industrielles. Fabrication Europoly, sp\u00e9cialiste des solutions polyester.","og_url":"https:\/\/europoly.com\/produit\/metro-de-paris-ratp\/","og_site_name":"Europoly","article_modified_time":"2026-04-15T06:47:52+00:00","og_image":[{"width":650,"height":425,"url":"https:\/\/europoly.com\/wp-content\/uploads\/2024\/03\/armoires_coffrets_polyester_paris_ht_xl.jpg","type":"image\/jpeg"}],"twitter_card":"summary_large_image","twitter_misc":{"Gesch\u00e4tzte Lesezeit":"1\u00a0Minute"},"schema":{"@context":"https:\/\/schema.org","@graph":[{"@type":"WebPage","@id":"https:\/\/europoly.com\/produit\/metro-de-paris-ratp\/","url":"https:\/\/europoly.com\/produit\/metro-de-paris-ratp\/","name":"M\u00e9tro de Paris - RATP - Europoly","isPartOf":{"@id":"https:\/\/europoly.com\/#website"},"primaryImageOfPage":{"@id":"https:\/\/europoly.com\/produit\/metro-de-paris-ratp\/#primaryimage"},"image":{"@id":"https:\/\/europoly.com\/produit\/metro-de-paris-ratp\/#primaryimage"},"thumbnailUrl":"https:\/\/europoly.com\/wp-content\/uploads\/2024\/03\/armoires_coffrets_polyester_paris_ht_xl.jpg","datePublished":"2024-03-26T15:22:58+00:00","dateModified":"2026-04-15T06:47:52+00:00","description":"M\u00e9tro de Paris - RATP \u2013 Coffrets et armoires polyester haute r\u00e9sistance pour applications industrielles. Fabrication Europoly, sp\u00e9cialiste des solutions polyester.","breadcrumb":{"@id":"https:\/\/europoly.com\/produit\/metro-de-paris-ratp\/#breadcrumb"},"inLanguage":"de","potentialAction":[{"@type":"ReadAction","target":["https:\/\/europoly.com\/produit\/metro-de-paris-ratp\/"]}]},{"@type":"ImageObject","inLanguage":"de","@id":"https:\/\/europoly.com\/produit\/metro-de-paris-ratp\/#primaryimage","url":"https:\/\/europoly.com\/wp-content\/uploads\/2024\/03\/armoires_coffrets_polyester_paris_ht_xl.jpg","contentUrl":"https:\/\/europoly.com\/wp-content\/uploads\/2024\/03\/armoires_coffrets_polyester_paris_ht_xl.jpg","width":650,"height":425,"caption":"Armoire \u00e9lectrique en polyester haute tension Europoly utilis\u00e9e sur le r\u00e9seau du m\u00e9tro parisien"},{"@type":"BreadcrumbList","@id":"https:\/\/europoly.com\/produit\/metro-de-paris-ratp\/#breadcrumb","itemListElement":[{"@type":"ListItem","position":1,"name":"Accueil","item":"https:\/\/europoly.com\/de\/startseite\/"},{"@type":"ListItem","position":2,"name":"Shop","item":"https:\/\/europoly.com\/shop\/"},{"@type":"ListItem","position":3,"name":"M\u00e9tro de Paris &#8211; RATP"}]},{"@type":"WebSite","@id":"https:\/\/europoly.com\/#website","url":"https:\/\/europoly.com\/","name":"Europoly","description":"","publisher":{"@id":"https:\/\/europoly.com\/#organization"},"potentialAction":[{"@type":"SearchAction","target":{"@type":"EntryPoint","urlTemplate":"https:\/\/europoly.com\/?s={search_term_string}"},"query-input":{"@type":"PropertyValueSpecification","valueRequired":true,"valueName":"search_term_string"}}],"inLanguage":"de"},{"@type":"Organization","@id":"https:\/\/europoly.com\/#organization","name":"Europoly","url":"https:\/\/europoly.com\/","logo":{"@type":"ImageObject","inLanguage":"de","@id":"https:\/\/europoly.com\/#\/schema\/logo\/image\/","url":"https:\/\/europoly.com\/wp-content\/uploads\/2023\/10\/Logo-europoly-fabricants-armoires-polyester.png","contentUrl":"https:\/\/europoly.com\/wp-content\/uploads\/2023\/10\/Logo-europoly-fabricants-armoires-polyester.png","width":283,"height":369,"caption":"Europoly"},"image":{"@id":"https:\/\/europoly.com\/#\/schema\/logo\/image\/"}}]}},"_links":{"self":[{"href":"https:\/\/europoly.com\/de\/wp-json\/wp\/v2\/product\/1939","targetHints":{"allow":["GET"]}}],"collection":[{"href":"https:\/\/europoly.com\/de\/wp-json\/wp\/v2\/product"}],"about":[{"href":"https:\/\/europoly.com\/de\/wp-json\/wp\/v2\/types\/product"}],"replies":[{"embeddable":true,"href":"https:\/\/europoly.com\/de\/wp-json\/wp\/v2\/comments?post=1939"}],"wp:featuredmedia":[{"embeddable":true,"href":"https:\/\/europoly.com\/de\/wp-json\/wp\/v2\/media\/1941"}],"wp:attachment":[{"href":"https:\/\/europoly.com\/de\/wp-json\/wp\/v2\/media?parent=1939"}],"wp:term":[{"taxonomy":"product_brand","embeddable":true,"href":"https:\/\/europoly.com\/de\/wp-json\/wp\/v2\/product_brand?post=1939"},{"taxonomy":"product_cat","embeddable":true,"href":"https:\/\/europoly.com\/de\/wp-json\/wp\/v2\/product_cat?post=1939"},{"taxonomy":"product_tag","embeddable":true,"href":"https:\/\/europoly.com\/de\/wp-json\/wp\/v2\/product_tag?post=1939"}],"curies":[{"name":"wp","href":"https:\/\/api.w.org\/{rel}","templated":true}]}}