{"id":494,"date":"2023-11-07T13:41:03","date_gmt":"2023-11-07T12:41:03","guid":{"rendered":"https:\/\/europoly.com\/?post_type=product&#038;p=494"},"modified":"2024-11-06T17:45:34","modified_gmt":"2024-11-06T16:45:34","slug":"euro-urbain","status":"publish","type":"product","link":"https:\/\/europoly.com\/de\/produit\/euro-urbain\/","title":{"rendered":"Euro urbain"},"content":{"rendered":"<p><strong>Armoires \u201cpointes diamant\u201d \u2013 anti-affiches \u2013 anti-graffitis<\/strong><br \/>\n920x720x250 \u00e0 1500x2000x800 mm<\/p>\n<p><strong>Les + qui font la diff\u00e9rence<br \/>\n<\/strong>Relief \u201cPointes de diamant\u201d anti-affiche sur porte et\/ou corps<br \/>\nFinition anti-graffiti<br \/>\nGarantie du rev\u00eatement polyester : 10 ans<\/p>\n<p><strong>Degr\u00e9 de protection IP44\/55 \/ Protection m\u00e9canique IK10<br \/>\n<\/strong>Armoire polyester arm\u00e9 fibre de verre, \u00e9tanche, finition Gel Coat anti UV, inserts pour c\u00e2blage en fond d\u2019armoire, charni\u00e8res polyamide axe inox, fermeture par poign\u00e9e polyamide actionnant une cr\u00e9mone 3 points.<\/p>\n<p><strong>Tr\u00e8s haute r\u00e9sistance \u00e0 la corrosion<\/strong><\/p>\n","protected":false},"excerpt":{"rendered":"<p>Armoires \u201cpointes diamant\u201d \u2013 anti-affiches \u2013 anti-graffitis 920x720x250 \u00e0 1500x2000x800 mm Les + qui font la diff\u00e9rence Relief \u201cPointes de diamant\u201d anti-affiche sur porte et\/ou corps Finition anti-graffiti Garantie du rev\u00eatement polyester : 10 ans Degr\u00e9 de protection IP44\/55 \/ Protection m\u00e9canique IK10 Armoire polyester arm\u00e9 fibre de verre, \u00e9tanche, finition Gel Coat anti UV, [&hellip;]<\/p>\n","protected":false},"featured_media":1197,"comment_status":"closed","ping_status":"closed","template":"","meta":{"_acf_changed":false,"_monsterinsights_skip_tracking":false,"_monsterinsights_sitenote_active":false,"_monsterinsights_sitenote_note":"","_monsterinsights_sitenote_category":0},"product_brand":[],"product_cat":[17],"product_tag":[],"class_list":{"0":"post-494","1":"product","2":"type-product","3":"status-publish","4":"has-post-thumbnail","6":"product_cat-non-classe","8":"first","9":"instock","10":"shipping-taxable","11":"product-type-simple"},"acf":[],"yoast_head":"<!-- This site is optimized with the Yoast SEO plugin v27.5 - https:\/\/yoast.com\/product\/yoast-seo-wordpress\/ -->\n<title>Euro urbain - Europoly<\/title>\n<meta name=\"description\" content=\"Euro urbain \u2013 Coffrets et armoires polyester haute r\u00e9sistance pour applications industrielles. Fabrication Europoly, sp\u00e9cialiste des solutions polyester.\" \/>\n<meta name=\"robots\" content=\"index, follow, max-snippet:-1, max-image-preview:large, max-video-preview:-1\" \/>\n<link rel=\"canonical\" href=\"https:\/\/europoly.com\/de\/produit\/euro-urbain\/\" \/>\n<meta property=\"og:locale\" content=\"de_DE\" \/>\n<meta property=\"og:type\" content=\"article\" \/>\n<meta property=\"og:title\" content=\"Euro urbain - Europoly\" \/>\n<meta property=\"og:description\" content=\"Euro urbain \u2013 Coffrets et armoires polyester haute r\u00e9sistance pour applications industrielles. Fabrication Europoly, sp\u00e9cialiste des solutions polyester.\" \/>\n<meta property=\"og:url\" content=\"https:\/\/europoly.com\/produit\/euro-urbain\/\" \/>\n<meta property=\"og:site_name\" content=\"Europoly\" \/>\n<meta property=\"article:modified_time\" content=\"2024-11-06T16:45:34+00:00\" \/>\n<meta property=\"og:image\" content=\"https:\/\/europoly.com\/wp-content\/uploads\/2023\/11\/EuroUrbainCouleur.png\" \/>\n\t<meta property=\"og:image:width\" content=\"596\" \/>\n\t<meta property=\"og:image:height\" content=\"842\" \/>\n\t<meta property=\"og:image:type\" content=\"image\/png\" \/>\n<meta name=\"twitter:card\" content=\"summary_large_image\" \/>\n<meta name=\"twitter:label1\" content=\"Gesch\u00e4tzte Lesezeit\" \/>\n\t<meta name=\"twitter:data1\" content=\"1\u00a0Minute\" \/>\n<script type=\"application\/ld+json\" class=\"yoast-schema-graph\">{\"@context\":\"https:\\\/\\\/schema.org\",\"@graph\":[{\"@type\":\"WebPage\",\"@id\":\"https:\\\/\\\/europoly.com\\\/produit\\\/euro-urbain\\\/\",\"url\":\"https:\\\/\\\/europoly.com\\\/produit\\\/euro-urbain\\\/\",\"name\":\"Euro urbain - Europoly\",\"isPartOf\":{\"@id\":\"https:\\\/\\\/europoly.com\\\/#website\"},\"primaryImageOfPage\":{\"@id\":\"https:\\\/\\\/europoly.com\\\/produit\\\/euro-urbain\\\/#primaryimage\"},\"image\":{\"@id\":\"https:\\\/\\\/europoly.com\\\/produit\\\/euro-urbain\\\/#primaryimage\"},\"thumbnailUrl\":\"https:\\\/\\\/europoly.com\\\/wp-content\\\/uploads\\\/2023\\\/11\\\/EuroUrbainCouleur.png\",\"datePublished\":\"2023-11-07T12:41:03+00:00\",\"dateModified\":\"2024-11-06T16:45:34+00:00\",\"description\":\"Euro urbain \u2013 Coffrets et armoires polyester haute r\u00e9sistance pour applications industrielles. Fabrication Europoly, sp\u00e9cialiste des solutions polyester.\",\"breadcrumb\":{\"@id\":\"https:\\\/\\\/europoly.com\\\/produit\\\/euro-urbain\\\/#breadcrumb\"},\"inLanguage\":\"de\",\"potentialAction\":[{\"@type\":\"ReadAction\",\"target\":[\"https:\\\/\\\/europoly.com\\\/produit\\\/euro-urbain\\\/\"]}]},{\"@type\":\"ImageObject\",\"inLanguage\":\"de\",\"@id\":\"https:\\\/\\\/europoly.com\\\/produit\\\/euro-urbain\\\/#primaryimage\",\"url\":\"https:\\\/\\\/europoly.com\\\/wp-content\\\/uploads\\\/2023\\\/11\\\/EuroUrbainCouleur.png\",\"contentUrl\":\"https:\\\/\\\/europoly.com\\\/wp-content\\\/uploads\\\/2023\\\/11\\\/EuroUrbainCouleur.png\",\"width\":596,\"height\":842},{\"@type\":\"BreadcrumbList\",\"@id\":\"https:\\\/\\\/europoly.com\\\/produit\\\/euro-urbain\\\/#breadcrumb\",\"itemListElement\":[{\"@type\":\"ListItem\",\"position\":1,\"name\":\"Accueil\",\"item\":\"https:\\\/\\\/europoly.com\\\/de\\\/startseite\\\/\"},{\"@type\":\"ListItem\",\"position\":2,\"name\":\"Shop\",\"item\":\"https:\\\/\\\/europoly.com\\\/shop\\\/\"},{\"@type\":\"ListItem\",\"position\":3,\"name\":\"Euro urbain\"}]},{\"@type\":\"WebSite\",\"@id\":\"https:\\\/\\\/europoly.com\\\/#website\",\"url\":\"https:\\\/\\\/europoly.com\\\/\",\"name\":\"Europoly\",\"description\":\"\",\"publisher\":{\"@id\":\"https:\\\/\\\/europoly.com\\\/#organization\"},\"potentialAction\":[{\"@type\":\"SearchAction\",\"target\":{\"@type\":\"EntryPoint\",\"urlTemplate\":\"https:\\\/\\\/europoly.com\\\/?s={search_term_string}\"},\"query-input\":{\"@type\":\"PropertyValueSpecification\",\"valueRequired\":true,\"valueName\":\"search_term_string\"}}],\"inLanguage\":\"de\"},{\"@type\":\"Organization\",\"@id\":\"https:\\\/\\\/europoly.com\\\/#organization\",\"name\":\"Europoly\",\"url\":\"https:\\\/\\\/europoly.com\\\/\",\"logo\":{\"@type\":\"ImageObject\",\"inLanguage\":\"de\",\"@id\":\"https:\\\/\\\/europoly.com\\\/#\\\/schema\\\/logo\\\/image\\\/\",\"url\":\"https:\\\/\\\/europoly.com\\\/wp-content\\\/uploads\\\/2023\\\/10\\\/Logo-europoly-fabricants-armoires-polyester.png\",\"contentUrl\":\"https:\\\/\\\/europoly.com\\\/wp-content\\\/uploads\\\/2023\\\/10\\\/Logo-europoly-fabricants-armoires-polyester.png\",\"width\":283,\"height\":369,\"caption\":\"Europoly\"},\"image\":{\"@id\":\"https:\\\/\\\/europoly.com\\\/#\\\/schema\\\/logo\\\/image\\\/\"}}]}<\/script>\n<!-- \/ Yoast SEO plugin. -->","yoast_head_json":{"title":"Euro urbain - Europoly","description":"Euro urbain \u2013 Coffrets et armoires polyester haute r\u00e9sistance pour applications industrielles. Fabrication Europoly, sp\u00e9cialiste des solutions polyester.","robots":{"index":"index","follow":"follow","max-snippet":"max-snippet:-1","max-image-preview":"max-image-preview:large","max-video-preview":"max-video-preview:-1"},"canonical":"https:\/\/europoly.com\/de\/produit\/euro-urbain\/","og_locale":"de_DE","og_type":"article","og_title":"Euro urbain - Europoly","og_description":"Euro urbain \u2013 Coffrets et armoires polyester haute r\u00e9sistance pour applications industrielles. Fabrication Europoly, sp\u00e9cialiste des solutions polyester.","og_url":"https:\/\/europoly.com\/produit\/euro-urbain\/","og_site_name":"Europoly","article_modified_time":"2024-11-06T16:45:34+00:00","og_image":[{"width":596,"height":842,"url":"https:\/\/europoly.com\/wp-content\/uploads\/2023\/11\/EuroUrbainCouleur.png","type":"image\/png"}],"twitter_card":"summary_large_image","twitter_misc":{"Gesch\u00e4tzte Lesezeit":"1\u00a0Minute"},"schema":{"@context":"https:\/\/schema.org","@graph":[{"@type":"WebPage","@id":"https:\/\/europoly.com\/produit\/euro-urbain\/","url":"https:\/\/europoly.com\/produit\/euro-urbain\/","name":"Euro urbain - Europoly","isPartOf":{"@id":"https:\/\/europoly.com\/#website"},"primaryImageOfPage":{"@id":"https:\/\/europoly.com\/produit\/euro-urbain\/#primaryimage"},"image":{"@id":"https:\/\/europoly.com\/produit\/euro-urbain\/#primaryimage"},"thumbnailUrl":"https:\/\/europoly.com\/wp-content\/uploads\/2023\/11\/EuroUrbainCouleur.png","datePublished":"2023-11-07T12:41:03+00:00","dateModified":"2024-11-06T16:45:34+00:00","description":"Euro urbain \u2013 Coffrets et armoires polyester haute r\u00e9sistance pour applications industrielles. Fabrication Europoly, sp\u00e9cialiste des solutions polyester.","breadcrumb":{"@id":"https:\/\/europoly.com\/produit\/euro-urbain\/#breadcrumb"},"inLanguage":"de","potentialAction":[{"@type":"ReadAction","target":["https:\/\/europoly.com\/produit\/euro-urbain\/"]}]},{"@type":"ImageObject","inLanguage":"de","@id":"https:\/\/europoly.com\/produit\/euro-urbain\/#primaryimage","url":"https:\/\/europoly.com\/wp-content\/uploads\/2023\/11\/EuroUrbainCouleur.png","contentUrl":"https:\/\/europoly.com\/wp-content\/uploads\/2023\/11\/EuroUrbainCouleur.png","width":596,"height":842},{"@type":"BreadcrumbList","@id":"https:\/\/europoly.com\/produit\/euro-urbain\/#breadcrumb","itemListElement":[{"@type":"ListItem","position":1,"name":"Accueil","item":"https:\/\/europoly.com\/de\/startseite\/"},{"@type":"ListItem","position":2,"name":"Shop","item":"https:\/\/europoly.com\/shop\/"},{"@type":"ListItem","position":3,"name":"Euro urbain"}]},{"@type":"WebSite","@id":"https:\/\/europoly.com\/#website","url":"https:\/\/europoly.com\/","name":"Europoly","description":"","publisher":{"@id":"https:\/\/europoly.com\/#organization"},"potentialAction":[{"@type":"SearchAction","target":{"@type":"EntryPoint","urlTemplate":"https:\/\/europoly.com\/?s={search_term_string}"},"query-input":{"@type":"PropertyValueSpecification","valueRequired":true,"valueName":"search_term_string"}}],"inLanguage":"de"},{"@type":"Organization","@id":"https:\/\/europoly.com\/#organization","name":"Europoly","url":"https:\/\/europoly.com\/","logo":{"@type":"ImageObject","inLanguage":"de","@id":"https:\/\/europoly.com\/#\/schema\/logo\/image\/","url":"https:\/\/europoly.com\/wp-content\/uploads\/2023\/10\/Logo-europoly-fabricants-armoires-polyester.png","contentUrl":"https:\/\/europoly.com\/wp-content\/uploads\/2023\/10\/Logo-europoly-fabricants-armoires-polyester.png","width":283,"height":369,"caption":"Europoly"},"image":{"@id":"https:\/\/europoly.com\/#\/schema\/logo\/image\/"}}]}},"_links":{"self":[{"href":"https:\/\/europoly.com\/de\/wp-json\/wp\/v2\/product\/494","targetHints":{"allow":["GET"]}}],"collection":[{"href":"https:\/\/europoly.com\/de\/wp-json\/wp\/v2\/product"}],"about":[{"href":"https:\/\/europoly.com\/de\/wp-json\/wp\/v2\/types\/product"}],"replies":[{"embeddable":true,"href":"https:\/\/europoly.com\/de\/wp-json\/wp\/v2\/comments?post=494"}],"wp:featuredmedia":[{"embeddable":true,"href":"https:\/\/europoly.com\/de\/wp-json\/wp\/v2\/media\/1197"}],"wp:attachment":[{"href":"https:\/\/europoly.com\/de\/wp-json\/wp\/v2\/media?parent=494"}],"wp:term":[{"taxonomy":"product_brand","embeddable":true,"href":"https:\/\/europoly.com\/de\/wp-json\/wp\/v2\/product_brand?post=494"},{"taxonomy":"product_cat","embeddable":true,"href":"https:\/\/europoly.com\/de\/wp-json\/wp\/v2\/product_cat?post=494"},{"taxonomy":"product_tag","embeddable":true,"href":"https:\/\/europoly.com\/de\/wp-json\/wp\/v2\/product_tag?post=494"}],"curies":[{"name":"wp","href":"https:\/\/api.w.org\/{rel}","templated":true}]}}