{"id":496,"date":"2023-11-07T13:41:36","date_gmt":"2023-11-07T12:41:36","guid":{"rendered":"https:\/\/europoly.com\/?post_type=product&#038;p=496"},"modified":"2024-06-26T15:31:11","modified_gmt":"2024-06-26T13:31:11","slug":"acces-lecteur-badge","status":"publish","type":"product","link":"https:\/\/europoly.com\/de\/produit\/acces-lecteur-badge\/","title":{"rendered":"Acc\u00e8s : lecteur badge"},"content":{"rendered":"<p><b>Sur mesure adapt\u00e9 \u00e0 vos besoins<\/b><br \/>\nToutes configurations peuvent \u00eatre \u00e9tudi\u00e9es.<\/p>\n<p>Pupitre polyester arm\u00e9 fibre de verre finition gel coat anti-UV. Stratification entre deux peaux polyester d\u2019un maillage m\u00e9tallique cuivre assurant un \u00e9cran aux perturbations \u00e9lectromagn\u00e9tiques. Montage de ces bornes de contr\u00f4le d\u2019acc\u00e8s au sol ou mural. D\u00e9coupes et per\u00e7ages r\u00e9alis\u00e9s sur mesure.<\/p>\n","protected":false},"excerpt":{"rendered":"<p>Sur mesure adapt\u00e9 \u00e0 vos besoins Toutes configurations peuvent \u00eatre \u00e9tudi\u00e9es. Pupitre polyester arm\u00e9 fibre de verre finition gel coat anti-UV. Stratification entre deux peaux polyester d\u2019un maillage m\u00e9tallique cuivre assurant un \u00e9cran aux perturbations \u00e9lectromagn\u00e9tiques. Montage de ces bornes de contr\u00f4le d\u2019acc\u00e8s au sol ou mural. D\u00e9coupes et per\u00e7ages r\u00e9alis\u00e9s sur mesure.<\/p>\n","protected":false},"featured_media":1330,"comment_status":"closed","ping_status":"closed","template":"","meta":{"_acf_changed":false,"_monsterinsights_skip_tracking":false,"_monsterinsights_sitenote_active":false,"_monsterinsights_sitenote_note":"","_monsterinsights_sitenote_category":0},"product_brand":[],"product_cat":[56],"product_tag":[],"class_list":{"0":"post-496","1":"product","2":"type-product","3":"status-publish","4":"has-post-thumbnail","6":"product_cat-sur-mesure","8":"first","9":"instock","10":"shipping-taxable","11":"product-type-simple"},"acf":[],"yoast_head":"<!-- This site is optimized with the Yoast SEO plugin v27.5 - https:\/\/yoast.com\/product\/yoast-seo-wordpress\/ -->\n<title>Acc\u00e8s : lecteur badge - Europoly<\/title>\n<meta name=\"description\" content=\"Acc\u00e8s : lecteur badge \u2013 Coffrets et armoires polyester haute r\u00e9sistance pour applications industrielles. Fabrication Europoly, sp\u00e9cialiste des solutions polyester.\" \/>\n<meta name=\"robots\" content=\"index, follow, max-snippet:-1, max-image-preview:large, max-video-preview:-1\" \/>\n<link rel=\"canonical\" href=\"https:\/\/europoly.com\/de\/produit\/acces-lecteur-badge\/\" \/>\n<meta property=\"og:locale\" content=\"de_DE\" \/>\n<meta property=\"og:type\" content=\"article\" \/>\n<meta property=\"og:title\" content=\"Acc\u00e8s : lecteur badge - Europoly\" \/>\n<meta property=\"og:description\" content=\"Acc\u00e8s : lecteur badge \u2013 Coffrets et armoires polyester haute r\u00e9sistance pour applications industrielles. Fabrication Europoly, sp\u00e9cialiste des solutions polyester.\" \/>\n<meta property=\"og:url\" content=\"https:\/\/europoly.com\/produit\/acces-lecteur-badge\/\" \/>\n<meta property=\"og:site_name\" content=\"Europoly\" \/>\n<meta property=\"article:modified_time\" content=\"2024-06-26T13:31:11+00:00\" \/>\n<meta property=\"og:image\" content=\"https:\/\/europoly.com\/wp-content\/uploads\/2023\/11\/armoires_coffrets_polyester_acces_xl.jpg\" \/>\n\t<meta property=\"og:image:width\" content=\"400\" \/>\n\t<meta property=\"og:image:height\" content=\"641\" \/>\n\t<meta property=\"og:image:type\" content=\"image\/jpeg\" \/>\n<meta name=\"twitter:card\" content=\"summary_large_image\" \/>\n<meta name=\"twitter:label1\" content=\"Gesch\u00e4tzte Lesezeit\" \/>\n\t<meta name=\"twitter:data1\" content=\"1\u00a0Minute\" \/>\n<script type=\"application\/ld+json\" class=\"yoast-schema-graph\">{\"@context\":\"https:\\\/\\\/schema.org\",\"@graph\":[{\"@type\":\"WebPage\",\"@id\":\"https:\\\/\\\/europoly.com\\\/produit\\\/acces-lecteur-badge\\\/\",\"url\":\"https:\\\/\\\/europoly.com\\\/produit\\\/acces-lecteur-badge\\\/\",\"name\":\"Acc\u00e8s : lecteur badge - Europoly\",\"isPartOf\":{\"@id\":\"https:\\\/\\\/europoly.com\\\/#website\"},\"primaryImageOfPage\":{\"@id\":\"https:\\\/\\\/europoly.com\\\/produit\\\/acces-lecteur-badge\\\/#primaryimage\"},\"image\":{\"@id\":\"https:\\\/\\\/europoly.com\\\/produit\\\/acces-lecteur-badge\\\/#primaryimage\"},\"thumbnailUrl\":\"https:\\\/\\\/europoly.com\\\/wp-content\\\/uploads\\\/2023\\\/11\\\/armoires_coffrets_polyester_acces_xl.jpg\",\"datePublished\":\"2023-11-07T12:41:36+00:00\",\"dateModified\":\"2024-06-26T13:31:11+00:00\",\"description\":\"Acc\u00e8s : lecteur badge \u2013 Coffrets et armoires polyester haute r\u00e9sistance pour applications industrielles. Fabrication Europoly, sp\u00e9cialiste des solutions polyester.\",\"breadcrumb\":{\"@id\":\"https:\\\/\\\/europoly.com\\\/produit\\\/acces-lecteur-badge\\\/#breadcrumb\"},\"inLanguage\":\"de\",\"potentialAction\":[{\"@type\":\"ReadAction\",\"target\":[\"https:\\\/\\\/europoly.com\\\/produit\\\/acces-lecteur-badge\\\/\"]}]},{\"@type\":\"ImageObject\",\"inLanguage\":\"de\",\"@id\":\"https:\\\/\\\/europoly.com\\\/produit\\\/acces-lecteur-badge\\\/#primaryimage\",\"url\":\"https:\\\/\\\/europoly.com\\\/wp-content\\\/uploads\\\/2023\\\/11\\\/armoires_coffrets_polyester_acces_xl.jpg\",\"contentUrl\":\"https:\\\/\\\/europoly.com\\\/wp-content\\\/uploads\\\/2023\\\/11\\\/armoires_coffrets_polyester_acces_xl.jpg\",\"width\":400,\"height\":641},{\"@type\":\"BreadcrumbList\",\"@id\":\"https:\\\/\\\/europoly.com\\\/produit\\\/acces-lecteur-badge\\\/#breadcrumb\",\"itemListElement\":[{\"@type\":\"ListItem\",\"position\":1,\"name\":\"Accueil\",\"item\":\"https:\\\/\\\/europoly.com\\\/de\\\/startseite\\\/\"},{\"@type\":\"ListItem\",\"position\":2,\"name\":\"Shop\",\"item\":\"https:\\\/\\\/europoly.com\\\/shop\\\/\"},{\"@type\":\"ListItem\",\"position\":3,\"name\":\"Acc\u00e8s : lecteur badge\"}]},{\"@type\":\"WebSite\",\"@id\":\"https:\\\/\\\/europoly.com\\\/#website\",\"url\":\"https:\\\/\\\/europoly.com\\\/\",\"name\":\"Europoly\",\"description\":\"\",\"publisher\":{\"@id\":\"https:\\\/\\\/europoly.com\\\/#organization\"},\"potentialAction\":[{\"@type\":\"SearchAction\",\"target\":{\"@type\":\"EntryPoint\",\"urlTemplate\":\"https:\\\/\\\/europoly.com\\\/?s={search_term_string}\"},\"query-input\":{\"@type\":\"PropertyValueSpecification\",\"valueRequired\":true,\"valueName\":\"search_term_string\"}}],\"inLanguage\":\"de\"},{\"@type\":\"Organization\",\"@id\":\"https:\\\/\\\/europoly.com\\\/#organization\",\"name\":\"Europoly\",\"url\":\"https:\\\/\\\/europoly.com\\\/\",\"logo\":{\"@type\":\"ImageObject\",\"inLanguage\":\"de\",\"@id\":\"https:\\\/\\\/europoly.com\\\/#\\\/schema\\\/logo\\\/image\\\/\",\"url\":\"https:\\\/\\\/europoly.com\\\/wp-content\\\/uploads\\\/2023\\\/10\\\/Logo-europoly-fabricants-armoires-polyester.png\",\"contentUrl\":\"https:\\\/\\\/europoly.com\\\/wp-content\\\/uploads\\\/2023\\\/10\\\/Logo-europoly-fabricants-armoires-polyester.png\",\"width\":283,\"height\":369,\"caption\":\"Europoly\"},\"image\":{\"@id\":\"https:\\\/\\\/europoly.com\\\/#\\\/schema\\\/logo\\\/image\\\/\"}}]}<\/script>\n<!-- \/ Yoast SEO plugin. -->","yoast_head_json":{"title":"Acc\u00e8s : lecteur badge - Europoly","description":"Acc\u00e8s : lecteur badge \u2013 Coffrets et armoires polyester haute r\u00e9sistance pour applications industrielles. Fabrication Europoly, sp\u00e9cialiste des solutions polyester.","robots":{"index":"index","follow":"follow","max-snippet":"max-snippet:-1","max-image-preview":"max-image-preview:large","max-video-preview":"max-video-preview:-1"},"canonical":"https:\/\/europoly.com\/de\/produit\/acces-lecteur-badge\/","og_locale":"de_DE","og_type":"article","og_title":"Acc\u00e8s : lecteur badge - Europoly","og_description":"Acc\u00e8s : lecteur badge \u2013 Coffrets et armoires polyester haute r\u00e9sistance pour applications industrielles. Fabrication Europoly, sp\u00e9cialiste des solutions polyester.","og_url":"https:\/\/europoly.com\/produit\/acces-lecteur-badge\/","og_site_name":"Europoly","article_modified_time":"2024-06-26T13:31:11+00:00","og_image":[{"width":400,"height":641,"url":"https:\/\/europoly.com\/wp-content\/uploads\/2023\/11\/armoires_coffrets_polyester_acces_xl.jpg","type":"image\/jpeg"}],"twitter_card":"summary_large_image","twitter_misc":{"Gesch\u00e4tzte Lesezeit":"1\u00a0Minute"},"schema":{"@context":"https:\/\/schema.org","@graph":[{"@type":"WebPage","@id":"https:\/\/europoly.com\/produit\/acces-lecteur-badge\/","url":"https:\/\/europoly.com\/produit\/acces-lecteur-badge\/","name":"Acc\u00e8s : lecteur badge - Europoly","isPartOf":{"@id":"https:\/\/europoly.com\/#website"},"primaryImageOfPage":{"@id":"https:\/\/europoly.com\/produit\/acces-lecteur-badge\/#primaryimage"},"image":{"@id":"https:\/\/europoly.com\/produit\/acces-lecteur-badge\/#primaryimage"},"thumbnailUrl":"https:\/\/europoly.com\/wp-content\/uploads\/2023\/11\/armoires_coffrets_polyester_acces_xl.jpg","datePublished":"2023-11-07T12:41:36+00:00","dateModified":"2024-06-26T13:31:11+00:00","description":"Acc\u00e8s : lecteur badge \u2013 Coffrets et armoires polyester haute r\u00e9sistance pour applications industrielles. Fabrication Europoly, sp\u00e9cialiste des solutions polyester.","breadcrumb":{"@id":"https:\/\/europoly.com\/produit\/acces-lecteur-badge\/#breadcrumb"},"inLanguage":"de","potentialAction":[{"@type":"ReadAction","target":["https:\/\/europoly.com\/produit\/acces-lecteur-badge\/"]}]},{"@type":"ImageObject","inLanguage":"de","@id":"https:\/\/europoly.com\/produit\/acces-lecteur-badge\/#primaryimage","url":"https:\/\/europoly.com\/wp-content\/uploads\/2023\/11\/armoires_coffrets_polyester_acces_xl.jpg","contentUrl":"https:\/\/europoly.com\/wp-content\/uploads\/2023\/11\/armoires_coffrets_polyester_acces_xl.jpg","width":400,"height":641},{"@type":"BreadcrumbList","@id":"https:\/\/europoly.com\/produit\/acces-lecteur-badge\/#breadcrumb","itemListElement":[{"@type":"ListItem","position":1,"name":"Accueil","item":"https:\/\/europoly.com\/de\/startseite\/"},{"@type":"ListItem","position":2,"name":"Shop","item":"https:\/\/europoly.com\/shop\/"},{"@type":"ListItem","position":3,"name":"Acc\u00e8s : lecteur badge"}]},{"@type":"WebSite","@id":"https:\/\/europoly.com\/#website","url":"https:\/\/europoly.com\/","name":"Europoly","description":"","publisher":{"@id":"https:\/\/europoly.com\/#organization"},"potentialAction":[{"@type":"SearchAction","target":{"@type":"EntryPoint","urlTemplate":"https:\/\/europoly.com\/?s={search_term_string}"},"query-input":{"@type":"PropertyValueSpecification","valueRequired":true,"valueName":"search_term_string"}}],"inLanguage":"de"},{"@type":"Organization","@id":"https:\/\/europoly.com\/#organization","name":"Europoly","url":"https:\/\/europoly.com\/","logo":{"@type":"ImageObject","inLanguage":"de","@id":"https:\/\/europoly.com\/#\/schema\/logo\/image\/","url":"https:\/\/europoly.com\/wp-content\/uploads\/2023\/10\/Logo-europoly-fabricants-armoires-polyester.png","contentUrl":"https:\/\/europoly.com\/wp-content\/uploads\/2023\/10\/Logo-europoly-fabricants-armoires-polyester.png","width":283,"height":369,"caption":"Europoly"},"image":{"@id":"https:\/\/europoly.com\/#\/schema\/logo\/image\/"}}]}},"_links":{"self":[{"href":"https:\/\/europoly.com\/de\/wp-json\/wp\/v2\/product\/496","targetHints":{"allow":["GET"]}}],"collection":[{"href":"https:\/\/europoly.com\/de\/wp-json\/wp\/v2\/product"}],"about":[{"href":"https:\/\/europoly.com\/de\/wp-json\/wp\/v2\/types\/product"}],"replies":[{"embeddable":true,"href":"https:\/\/europoly.com\/de\/wp-json\/wp\/v2\/comments?post=496"}],"wp:featuredmedia":[{"embeddable":true,"href":"https:\/\/europoly.com\/de\/wp-json\/wp\/v2\/media\/1330"}],"wp:attachment":[{"href":"https:\/\/europoly.com\/de\/wp-json\/wp\/v2\/media?parent=496"}],"wp:term":[{"taxonomy":"product_brand","embeddable":true,"href":"https:\/\/europoly.com\/de\/wp-json\/wp\/v2\/product_brand?post=496"},{"taxonomy":"product_cat","embeddable":true,"href":"https:\/\/europoly.com\/de\/wp-json\/wp\/v2\/product_cat?post=496"},{"taxonomy":"product_tag","embeddable":true,"href":"https:\/\/europoly.com\/de\/wp-json\/wp\/v2\/product_tag?post=496"}],"curies":[{"name":"wp","href":"https:\/\/api.w.org\/{rel}","templated":true}]}}