{"id":499,"date":"2023-11-07T13:43:56","date_gmt":"2023-11-07T12:43:56","guid":{"rendered":"https:\/\/europoly.com\/?post_type=product&#038;p=499"},"modified":"2024-06-26T15:31:38","modified_gmt":"2024-06-26T13:31:38","slug":"armoire-fibre-optique-telecom","status":"publish","type":"product","link":"https:\/\/europoly.com\/de\/produit\/armoire-fibre-optique-telecom\/","title":{"rendered":"Armoire fibre optique t\u00e9l\u00e9com"},"content":{"rendered":"<p><b>Sur mesure adapt\u00e9 \u00e0 vos besoins<\/b><br \/>\nToutes configurations peuvent \u00eatre \u00e9tudi\u00e9es.<\/p>\n<p>EUROPOLY, en collaboration avec ses clients et les op\u00e9rateurs t\u00e9l\u00e9coms, r\u00e9alise des armoires pour le d\u00e9veloppement du FTTH (fibre optique aux abonn\u00e9s).<\/p>\n<p>Les deux d\u00e9fis principaux pour ce march\u00e9 est de personnaliser les produits aux exigences du client, r\u00e9alisation de d\u00e9coupes, per\u00e7ages \u00e0 diff\u00e9rents endroits de l\u2019armoire, et surtout r\u00e9pondre sur de grandes quantit\u00e9s en tr\u00e8s peu de temps.<\/p>\n<p>Gr\u00e2ce \u00e0 notre flexibilit\u00e9 en production \u00e0 nos produits d\u00e9montables et modulaires nous pouvons, sous un d\u00e9lai tr\u00e8s court, fabriquer de grandes quantit\u00e9s de produits.<\/p>\n","protected":false},"excerpt":{"rendered":"<p>Sur mesure adapt\u00e9 \u00e0 vos besoins Toutes configurations peuvent \u00eatre \u00e9tudi\u00e9es. EUROPOLY, en collaboration avec ses clients et les op\u00e9rateurs t\u00e9l\u00e9coms, r\u00e9alise des armoires pour le d\u00e9veloppement du FTTH (fibre optique aux abonn\u00e9s). Les deux d\u00e9fis principaux pour ce march\u00e9 est de personnaliser les produits aux exigences du client, r\u00e9alisation de d\u00e9coupes, per\u00e7ages \u00e0 diff\u00e9rents [&hellip;]<\/p>\n","protected":false},"featured_media":1328,"comment_status":"closed","ping_status":"closed","template":"","meta":{"_acf_changed":false,"_monsterinsights_skip_tracking":false,"_monsterinsights_sitenote_active":false,"_monsterinsights_sitenote_note":"","_monsterinsights_sitenote_category":0},"product_brand":[],"product_cat":[56],"product_tag":[],"class_list":{"0":"post-499","1":"product","2":"type-product","3":"status-publish","4":"has-post-thumbnail","6":"product_cat-sur-mesure","8":"first","9":"instock","10":"shipping-taxable","11":"product-type-simple"},"acf":[],"yoast_head":"<!-- This site is optimized with the Yoast SEO plugin v27.5 - https:\/\/yoast.com\/product\/yoast-seo-wordpress\/ -->\n<title>Armoire fibre optique t\u00e9l\u00e9com - Europoly<\/title>\n<meta name=\"description\" content=\"Armoire fibre optique t\u00e9l\u00e9com \u2013 Coffrets et armoires polyester haute r\u00e9sistance pour applications industrielles. Fabrication Europoly, sp\u00e9cialiste des solutions polyester.\" \/>\n<meta name=\"robots\" content=\"index, follow, max-snippet:-1, max-image-preview:large, max-video-preview:-1\" \/>\n<link rel=\"canonical\" href=\"https:\/\/europoly.com\/de\/produit\/armoire-fibre-optique-telecom\/\" \/>\n<meta property=\"og:locale\" content=\"de_DE\" \/>\n<meta property=\"og:type\" content=\"article\" \/>\n<meta property=\"og:title\" content=\"Armoire fibre optique t\u00e9l\u00e9com - Europoly\" \/>\n<meta property=\"og:description\" content=\"Armoire fibre optique t\u00e9l\u00e9com \u2013 Coffrets et armoires polyester haute r\u00e9sistance pour applications industrielles. Fabrication Europoly, sp\u00e9cialiste des solutions polyester.\" \/>\n<meta property=\"og:url\" content=\"https:\/\/europoly.com\/produit\/armoire-fibre-optique-telecom\/\" \/>\n<meta property=\"og:site_name\" content=\"Europoly\" \/>\n<meta property=\"article:modified_time\" content=\"2024-06-26T13:31:38+00:00\" \/>\n<meta property=\"og:image\" content=\"https:\/\/europoly.com\/wp-content\/uploads\/2023\/11\/armoires_coffrets_polyester_personnalisation_xl.jpg\" \/>\n\t<meta property=\"og:image:width\" content=\"650\" \/>\n\t<meta property=\"og:image:height\" content=\"526\" \/>\n\t<meta property=\"og:image:type\" content=\"image\/jpeg\" \/>\n<meta name=\"twitter:card\" content=\"summary_large_image\" \/>\n<meta name=\"twitter:label1\" content=\"Gesch\u00e4tzte Lesezeit\" \/>\n\t<meta name=\"twitter:data1\" content=\"1\u00a0Minute\" \/>\n<script type=\"application\/ld+json\" class=\"yoast-schema-graph\">{\"@context\":\"https:\\\/\\\/schema.org\",\"@graph\":[{\"@type\":\"WebPage\",\"@id\":\"https:\\\/\\\/europoly.com\\\/produit\\\/armoire-fibre-optique-telecom\\\/\",\"url\":\"https:\\\/\\\/europoly.com\\\/produit\\\/armoire-fibre-optique-telecom\\\/\",\"name\":\"Armoire fibre optique t\u00e9l\u00e9com - Europoly\",\"isPartOf\":{\"@id\":\"https:\\\/\\\/europoly.com\\\/#website\"},\"primaryImageOfPage\":{\"@id\":\"https:\\\/\\\/europoly.com\\\/produit\\\/armoire-fibre-optique-telecom\\\/#primaryimage\"},\"image\":{\"@id\":\"https:\\\/\\\/europoly.com\\\/produit\\\/armoire-fibre-optique-telecom\\\/#primaryimage\"},\"thumbnailUrl\":\"https:\\\/\\\/europoly.com\\\/wp-content\\\/uploads\\\/2023\\\/11\\\/armoires_coffrets_polyester_personnalisation_xl.jpg\",\"datePublished\":\"2023-11-07T12:43:56+00:00\",\"dateModified\":\"2024-06-26T13:31:38+00:00\",\"description\":\"Armoire fibre optique t\u00e9l\u00e9com \u2013 Coffrets et armoires polyester haute r\u00e9sistance pour applications industrielles. Fabrication Europoly, sp\u00e9cialiste des solutions polyester.\",\"breadcrumb\":{\"@id\":\"https:\\\/\\\/europoly.com\\\/produit\\\/armoire-fibre-optique-telecom\\\/#breadcrumb\"},\"inLanguage\":\"de\",\"potentialAction\":[{\"@type\":\"ReadAction\",\"target\":[\"https:\\\/\\\/europoly.com\\\/produit\\\/armoire-fibre-optique-telecom\\\/\"]}]},{\"@type\":\"ImageObject\",\"inLanguage\":\"de\",\"@id\":\"https:\\\/\\\/europoly.com\\\/produit\\\/armoire-fibre-optique-telecom\\\/#primaryimage\",\"url\":\"https:\\\/\\\/europoly.com\\\/wp-content\\\/uploads\\\/2023\\\/11\\\/armoires_coffrets_polyester_personnalisation_xl.jpg\",\"contentUrl\":\"https:\\\/\\\/europoly.com\\\/wp-content\\\/uploads\\\/2023\\\/11\\\/armoires_coffrets_polyester_personnalisation_xl.jpg\",\"width\":650,\"height\":526},{\"@type\":\"BreadcrumbList\",\"@id\":\"https:\\\/\\\/europoly.com\\\/produit\\\/armoire-fibre-optique-telecom\\\/#breadcrumb\",\"itemListElement\":[{\"@type\":\"ListItem\",\"position\":1,\"name\":\"Accueil\",\"item\":\"https:\\\/\\\/europoly.com\\\/de\\\/startseite\\\/\"},{\"@type\":\"ListItem\",\"position\":2,\"name\":\"Shop\",\"item\":\"https:\\\/\\\/europoly.com\\\/shop\\\/\"},{\"@type\":\"ListItem\",\"position\":3,\"name\":\"Armoire fibre optique t\u00e9l\u00e9com\"}]},{\"@type\":\"WebSite\",\"@id\":\"https:\\\/\\\/europoly.com\\\/#website\",\"url\":\"https:\\\/\\\/europoly.com\\\/\",\"name\":\"Europoly\",\"description\":\"\",\"publisher\":{\"@id\":\"https:\\\/\\\/europoly.com\\\/#organization\"},\"potentialAction\":[{\"@type\":\"SearchAction\",\"target\":{\"@type\":\"EntryPoint\",\"urlTemplate\":\"https:\\\/\\\/europoly.com\\\/?s={search_term_string}\"},\"query-input\":{\"@type\":\"PropertyValueSpecification\",\"valueRequired\":true,\"valueName\":\"search_term_string\"}}],\"inLanguage\":\"de\"},{\"@type\":\"Organization\",\"@id\":\"https:\\\/\\\/europoly.com\\\/#organization\",\"name\":\"Europoly\",\"url\":\"https:\\\/\\\/europoly.com\\\/\",\"logo\":{\"@type\":\"ImageObject\",\"inLanguage\":\"de\",\"@id\":\"https:\\\/\\\/europoly.com\\\/#\\\/schema\\\/logo\\\/image\\\/\",\"url\":\"https:\\\/\\\/europoly.com\\\/wp-content\\\/uploads\\\/2023\\\/10\\\/Logo-europoly-fabricants-armoires-polyester.png\",\"contentUrl\":\"https:\\\/\\\/europoly.com\\\/wp-content\\\/uploads\\\/2023\\\/10\\\/Logo-europoly-fabricants-armoires-polyester.png\",\"width\":283,\"height\":369,\"caption\":\"Europoly\"},\"image\":{\"@id\":\"https:\\\/\\\/europoly.com\\\/#\\\/schema\\\/logo\\\/image\\\/\"}}]}<\/script>\n<!-- \/ Yoast SEO plugin. -->","yoast_head_json":{"title":"Armoire fibre optique t\u00e9l\u00e9com - Europoly","description":"Armoire fibre optique t\u00e9l\u00e9com \u2013 Coffrets et armoires polyester haute r\u00e9sistance pour applications industrielles. Fabrication Europoly, sp\u00e9cialiste des solutions polyester.","robots":{"index":"index","follow":"follow","max-snippet":"max-snippet:-1","max-image-preview":"max-image-preview:large","max-video-preview":"max-video-preview:-1"},"canonical":"https:\/\/europoly.com\/de\/produit\/armoire-fibre-optique-telecom\/","og_locale":"de_DE","og_type":"article","og_title":"Armoire fibre optique t\u00e9l\u00e9com - Europoly","og_description":"Armoire fibre optique t\u00e9l\u00e9com \u2013 Coffrets et armoires polyester haute r\u00e9sistance pour applications industrielles. Fabrication Europoly, sp\u00e9cialiste des solutions polyester.","og_url":"https:\/\/europoly.com\/produit\/armoire-fibre-optique-telecom\/","og_site_name":"Europoly","article_modified_time":"2024-06-26T13:31:38+00:00","og_image":[{"width":650,"height":526,"url":"https:\/\/europoly.com\/wp-content\/uploads\/2023\/11\/armoires_coffrets_polyester_personnalisation_xl.jpg","type":"image\/jpeg"}],"twitter_card":"summary_large_image","twitter_misc":{"Gesch\u00e4tzte Lesezeit":"1\u00a0Minute"},"schema":{"@context":"https:\/\/schema.org","@graph":[{"@type":"WebPage","@id":"https:\/\/europoly.com\/produit\/armoire-fibre-optique-telecom\/","url":"https:\/\/europoly.com\/produit\/armoire-fibre-optique-telecom\/","name":"Armoire fibre optique t\u00e9l\u00e9com - Europoly","isPartOf":{"@id":"https:\/\/europoly.com\/#website"},"primaryImageOfPage":{"@id":"https:\/\/europoly.com\/produit\/armoire-fibre-optique-telecom\/#primaryimage"},"image":{"@id":"https:\/\/europoly.com\/produit\/armoire-fibre-optique-telecom\/#primaryimage"},"thumbnailUrl":"https:\/\/europoly.com\/wp-content\/uploads\/2023\/11\/armoires_coffrets_polyester_personnalisation_xl.jpg","datePublished":"2023-11-07T12:43:56+00:00","dateModified":"2024-06-26T13:31:38+00:00","description":"Armoire fibre optique t\u00e9l\u00e9com \u2013 Coffrets et armoires polyester haute r\u00e9sistance pour applications industrielles. Fabrication Europoly, sp\u00e9cialiste des solutions polyester.","breadcrumb":{"@id":"https:\/\/europoly.com\/produit\/armoire-fibre-optique-telecom\/#breadcrumb"},"inLanguage":"de","potentialAction":[{"@type":"ReadAction","target":["https:\/\/europoly.com\/produit\/armoire-fibre-optique-telecom\/"]}]},{"@type":"ImageObject","inLanguage":"de","@id":"https:\/\/europoly.com\/produit\/armoire-fibre-optique-telecom\/#primaryimage","url":"https:\/\/europoly.com\/wp-content\/uploads\/2023\/11\/armoires_coffrets_polyester_personnalisation_xl.jpg","contentUrl":"https:\/\/europoly.com\/wp-content\/uploads\/2023\/11\/armoires_coffrets_polyester_personnalisation_xl.jpg","width":650,"height":526},{"@type":"BreadcrumbList","@id":"https:\/\/europoly.com\/produit\/armoire-fibre-optique-telecom\/#breadcrumb","itemListElement":[{"@type":"ListItem","position":1,"name":"Accueil","item":"https:\/\/europoly.com\/de\/startseite\/"},{"@type":"ListItem","position":2,"name":"Shop","item":"https:\/\/europoly.com\/shop\/"},{"@type":"ListItem","position":3,"name":"Armoire fibre optique t\u00e9l\u00e9com"}]},{"@type":"WebSite","@id":"https:\/\/europoly.com\/#website","url":"https:\/\/europoly.com\/","name":"Europoly","description":"","publisher":{"@id":"https:\/\/europoly.com\/#organization"},"potentialAction":[{"@type":"SearchAction","target":{"@type":"EntryPoint","urlTemplate":"https:\/\/europoly.com\/?s={search_term_string}"},"query-input":{"@type":"PropertyValueSpecification","valueRequired":true,"valueName":"search_term_string"}}],"inLanguage":"de"},{"@type":"Organization","@id":"https:\/\/europoly.com\/#organization","name":"Europoly","url":"https:\/\/europoly.com\/","logo":{"@type":"ImageObject","inLanguage":"de","@id":"https:\/\/europoly.com\/#\/schema\/logo\/image\/","url":"https:\/\/europoly.com\/wp-content\/uploads\/2023\/10\/Logo-europoly-fabricants-armoires-polyester.png","contentUrl":"https:\/\/europoly.com\/wp-content\/uploads\/2023\/10\/Logo-europoly-fabricants-armoires-polyester.png","width":283,"height":369,"caption":"Europoly"},"image":{"@id":"https:\/\/europoly.com\/#\/schema\/logo\/image\/"}}]}},"_links":{"self":[{"href":"https:\/\/europoly.com\/de\/wp-json\/wp\/v2\/product\/499","targetHints":{"allow":["GET"]}}],"collection":[{"href":"https:\/\/europoly.com\/de\/wp-json\/wp\/v2\/product"}],"about":[{"href":"https:\/\/europoly.com\/de\/wp-json\/wp\/v2\/types\/product"}],"replies":[{"embeddable":true,"href":"https:\/\/europoly.com\/de\/wp-json\/wp\/v2\/comments?post=499"}],"wp:featuredmedia":[{"embeddable":true,"href":"https:\/\/europoly.com\/de\/wp-json\/wp\/v2\/media\/1328"}],"wp:attachment":[{"href":"https:\/\/europoly.com\/de\/wp-json\/wp\/v2\/media?parent=499"}],"wp:term":[{"taxonomy":"product_brand","embeddable":true,"href":"https:\/\/europoly.com\/de\/wp-json\/wp\/v2\/product_brand?post=499"},{"taxonomy":"product_cat","embeddable":true,"href":"https:\/\/europoly.com\/de\/wp-json\/wp\/v2\/product_cat?post=499"},{"taxonomy":"product_tag","embeddable":true,"href":"https:\/\/europoly.com\/de\/wp-json\/wp\/v2\/product_tag?post=499"}],"curies":[{"name":"wp","href":"https:\/\/api.w.org\/{rel}","templated":true}]}}