{"id":501,"date":"2023-11-07T13:44:43","date_gmt":"2023-11-07T12:44:43","guid":{"rendered":"https:\/\/europoly.com\/?post_type=product&#038;p=501"},"modified":"2024-06-26T15:31:56","modified_gmt":"2024-06-26T13:31:56","slug":"armoire-photovoltaique","status":"publish","type":"product","link":"https:\/\/europoly.com\/de\/produit\/armoire-photovoltaique\/","title":{"rendered":"Armoire photovolta\u00efque"},"content":{"rendered":"<div class=\"elementor-element elementor-element-e81fe19 elementor-widget elementor-widget-spacer\" data-id=\"e81fe19\" data-element_type=\"widget\" data-widget_type=\"spacer.default\">\n<div class=\"elementor-widget-container\">\n<div class=\"elementor-spacer\">\n<div class=\"elementor-spacer-inner\"><b>Sur mesure adapt\u00e9 \u00e0 vos besoins<br \/>\n<\/b>Toutes configurations peuvent \u00eatre \u00e9tudi\u00e9es.<\/div>\n<\/div>\n<\/div>\n<\/div>\n<p>EUROPOLY a \u00e9t\u00e9 retenu par de grandes soci\u00e9t\u00e9s sp\u00e9cialis\u00e9es dans le domaine du photovolta\u00efque.<\/p>\n<p>En effet les caract\u00e9ristiques de nos armoires polyester permettent de r\u00e9pondre aux exigences des cahiers des charges sp\u00e9cifiques au domaine du photovolta\u00efque telles que : l\u2019anti-corrosion, l\u2019anti-graffiti, l\u2019isolation \u00e9lectrique (classe II), l\u00e9g\u00e8ret\u00e9 du mat\u00e9riau donc facilit\u00e9 d\u2019installation, indice de protection \u00e9lev\u00e9 IP55\/IP44, tenue aux impacts m\u00e9caniques en ad\u00e9quation avec les normes fran\u00e7aises IK10 type EDF, enfin un coefficient d\u2019isolation thermique plus \u00e9lev\u00e9 que des armoires en aluminium ou en m\u00e9tal.<\/p>\n","protected":false},"excerpt":{"rendered":"<p>Sur mesure adapt\u00e9 \u00e0 vos besoins Toutes configurations peuvent \u00eatre \u00e9tudi\u00e9es. EUROPOLY a \u00e9t\u00e9 retenu par de grandes soci\u00e9t\u00e9s sp\u00e9cialis\u00e9es dans le domaine du photovolta\u00efque. En effet les caract\u00e9ristiques de nos armoires polyester permettent de r\u00e9pondre aux exigences des cahiers des charges sp\u00e9cifiques au domaine du photovolta\u00efque telles que : l\u2019anti-corrosion, l\u2019anti-graffiti, l\u2019isolation \u00e9lectrique (classe [&hellip;]<\/p>\n","protected":false},"featured_media":1325,"comment_status":"closed","ping_status":"closed","template":"","meta":{"_acf_changed":false,"_monsterinsights_skip_tracking":false,"_monsterinsights_sitenote_active":false,"_monsterinsights_sitenote_note":"","_monsterinsights_sitenote_category":0},"product_brand":[],"product_cat":[56],"product_tag":[],"class_list":{"0":"post-501","1":"product","2":"type-product","3":"status-publish","4":"has-post-thumbnail","6":"product_cat-sur-mesure","8":"first","9":"instock","10":"shipping-taxable","11":"product-type-simple"},"acf":[],"yoast_head":"<!-- This site is optimized with the Yoast SEO plugin v27.5 - https:\/\/yoast.com\/product\/yoast-seo-wordpress\/ -->\n<title>Armoire photovolta\u00efque - Europoly<\/title>\n<meta name=\"description\" content=\"Armoire photovolta\u00efque \u2013 Coffrets et armoires polyester haute r\u00e9sistance pour applications industrielles. Fabrication Europoly, sp\u00e9cialiste des solutions polyester.\" \/>\n<meta name=\"robots\" content=\"index, follow, max-snippet:-1, max-image-preview:large, max-video-preview:-1\" \/>\n<link rel=\"canonical\" href=\"https:\/\/europoly.com\/de\/produit\/armoire-photovoltaique\/\" \/>\n<meta property=\"og:locale\" content=\"de_DE\" \/>\n<meta property=\"og:type\" content=\"article\" \/>\n<meta property=\"og:title\" content=\"Armoire photovolta\u00efque - Europoly\" \/>\n<meta property=\"og:description\" content=\"Armoire photovolta\u00efque \u2013 Coffrets et armoires polyester haute r\u00e9sistance pour applications industrielles. Fabrication Europoly, sp\u00e9cialiste des solutions polyester.\" \/>\n<meta property=\"og:url\" content=\"https:\/\/europoly.com\/produit\/armoire-photovoltaique\/\" \/>\n<meta property=\"og:site_name\" content=\"Europoly\" \/>\n<meta property=\"article:modified_time\" content=\"2024-06-26T13:31:56+00:00\" \/>\n<meta property=\"og:image\" content=\"https:\/\/europoly.com\/wp-content\/uploads\/2023\/11\/armoires_coffrets_polyester_maxi_euro_xl.jpg\" \/>\n\t<meta property=\"og:image:width\" content=\"650\" \/>\n\t<meta property=\"og:image:height\" content=\"594\" \/>\n\t<meta property=\"og:image:type\" content=\"image\/jpeg\" \/>\n<meta name=\"twitter:card\" content=\"summary_large_image\" \/>\n<meta name=\"twitter:label1\" content=\"Gesch\u00e4tzte Lesezeit\" \/>\n\t<meta name=\"twitter:data1\" content=\"1\u00a0Minute\" \/>\n<script type=\"application\/ld+json\" class=\"yoast-schema-graph\">{\"@context\":\"https:\\\/\\\/schema.org\",\"@graph\":[{\"@type\":\"WebPage\",\"@id\":\"https:\\\/\\\/europoly.com\\\/produit\\\/armoire-photovoltaique\\\/\",\"url\":\"https:\\\/\\\/europoly.com\\\/produit\\\/armoire-photovoltaique\\\/\",\"name\":\"Armoire photovolta\u00efque - Europoly\",\"isPartOf\":{\"@id\":\"https:\\\/\\\/europoly.com\\\/#website\"},\"primaryImageOfPage\":{\"@id\":\"https:\\\/\\\/europoly.com\\\/produit\\\/armoire-photovoltaique\\\/#primaryimage\"},\"image\":{\"@id\":\"https:\\\/\\\/europoly.com\\\/produit\\\/armoire-photovoltaique\\\/#primaryimage\"},\"thumbnailUrl\":\"https:\\\/\\\/europoly.com\\\/wp-content\\\/uploads\\\/2023\\\/11\\\/armoires_coffrets_polyester_maxi_euro_xl.jpg\",\"datePublished\":\"2023-11-07T12:44:43+00:00\",\"dateModified\":\"2024-06-26T13:31:56+00:00\",\"description\":\"Armoire photovolta\u00efque \u2013 Coffrets et armoires polyester haute r\u00e9sistance pour applications industrielles. Fabrication Europoly, sp\u00e9cialiste des solutions polyester.\",\"breadcrumb\":{\"@id\":\"https:\\\/\\\/europoly.com\\\/produit\\\/armoire-photovoltaique\\\/#breadcrumb\"},\"inLanguage\":\"de\",\"potentialAction\":[{\"@type\":\"ReadAction\",\"target\":[\"https:\\\/\\\/europoly.com\\\/produit\\\/armoire-photovoltaique\\\/\"]}]},{\"@type\":\"ImageObject\",\"inLanguage\":\"de\",\"@id\":\"https:\\\/\\\/europoly.com\\\/produit\\\/armoire-photovoltaique\\\/#primaryimage\",\"url\":\"https:\\\/\\\/europoly.com\\\/wp-content\\\/uploads\\\/2023\\\/11\\\/armoires_coffrets_polyester_maxi_euro_xl.jpg\",\"contentUrl\":\"https:\\\/\\\/europoly.com\\\/wp-content\\\/uploads\\\/2023\\\/11\\\/armoires_coffrets_polyester_maxi_euro_xl.jpg\",\"width\":650,\"height\":594},{\"@type\":\"BreadcrumbList\",\"@id\":\"https:\\\/\\\/europoly.com\\\/produit\\\/armoire-photovoltaique\\\/#breadcrumb\",\"itemListElement\":[{\"@type\":\"ListItem\",\"position\":1,\"name\":\"Accueil\",\"item\":\"https:\\\/\\\/europoly.com\\\/de\\\/startseite\\\/\"},{\"@type\":\"ListItem\",\"position\":2,\"name\":\"Shop\",\"item\":\"https:\\\/\\\/europoly.com\\\/shop\\\/\"},{\"@type\":\"ListItem\",\"position\":3,\"name\":\"Armoire photovolta\u00efque\"}]},{\"@type\":\"WebSite\",\"@id\":\"https:\\\/\\\/europoly.com\\\/#website\",\"url\":\"https:\\\/\\\/europoly.com\\\/\",\"name\":\"Europoly\",\"description\":\"\",\"publisher\":{\"@id\":\"https:\\\/\\\/europoly.com\\\/#organization\"},\"potentialAction\":[{\"@type\":\"SearchAction\",\"target\":{\"@type\":\"EntryPoint\",\"urlTemplate\":\"https:\\\/\\\/europoly.com\\\/?s={search_term_string}\"},\"query-input\":{\"@type\":\"PropertyValueSpecification\",\"valueRequired\":true,\"valueName\":\"search_term_string\"}}],\"inLanguage\":\"de\"},{\"@type\":\"Organization\",\"@id\":\"https:\\\/\\\/europoly.com\\\/#organization\",\"name\":\"Europoly\",\"url\":\"https:\\\/\\\/europoly.com\\\/\",\"logo\":{\"@type\":\"ImageObject\",\"inLanguage\":\"de\",\"@id\":\"https:\\\/\\\/europoly.com\\\/#\\\/schema\\\/logo\\\/image\\\/\",\"url\":\"https:\\\/\\\/europoly.com\\\/wp-content\\\/uploads\\\/2023\\\/10\\\/Logo-europoly-fabricants-armoires-polyester.png\",\"contentUrl\":\"https:\\\/\\\/europoly.com\\\/wp-content\\\/uploads\\\/2023\\\/10\\\/Logo-europoly-fabricants-armoires-polyester.png\",\"width\":283,\"height\":369,\"caption\":\"Europoly\"},\"image\":{\"@id\":\"https:\\\/\\\/europoly.com\\\/#\\\/schema\\\/logo\\\/image\\\/\"}}]}<\/script>\n<!-- \/ Yoast SEO plugin. -->","yoast_head_json":{"title":"Armoire photovolta\u00efque - Europoly","description":"Armoire photovolta\u00efque \u2013 Coffrets et armoires polyester haute r\u00e9sistance pour applications industrielles. Fabrication Europoly, sp\u00e9cialiste des solutions polyester.","robots":{"index":"index","follow":"follow","max-snippet":"max-snippet:-1","max-image-preview":"max-image-preview:large","max-video-preview":"max-video-preview:-1"},"canonical":"https:\/\/europoly.com\/de\/produit\/armoire-photovoltaique\/","og_locale":"de_DE","og_type":"article","og_title":"Armoire photovolta\u00efque - Europoly","og_description":"Armoire photovolta\u00efque \u2013 Coffrets et armoires polyester haute r\u00e9sistance pour applications industrielles. Fabrication Europoly, sp\u00e9cialiste des solutions polyester.","og_url":"https:\/\/europoly.com\/produit\/armoire-photovoltaique\/","og_site_name":"Europoly","article_modified_time":"2024-06-26T13:31:56+00:00","og_image":[{"width":650,"height":594,"url":"https:\/\/europoly.com\/wp-content\/uploads\/2023\/11\/armoires_coffrets_polyester_maxi_euro_xl.jpg","type":"image\/jpeg"}],"twitter_card":"summary_large_image","twitter_misc":{"Gesch\u00e4tzte Lesezeit":"1\u00a0Minute"},"schema":{"@context":"https:\/\/schema.org","@graph":[{"@type":"WebPage","@id":"https:\/\/europoly.com\/produit\/armoire-photovoltaique\/","url":"https:\/\/europoly.com\/produit\/armoire-photovoltaique\/","name":"Armoire photovolta\u00efque - Europoly","isPartOf":{"@id":"https:\/\/europoly.com\/#website"},"primaryImageOfPage":{"@id":"https:\/\/europoly.com\/produit\/armoire-photovoltaique\/#primaryimage"},"image":{"@id":"https:\/\/europoly.com\/produit\/armoire-photovoltaique\/#primaryimage"},"thumbnailUrl":"https:\/\/europoly.com\/wp-content\/uploads\/2023\/11\/armoires_coffrets_polyester_maxi_euro_xl.jpg","datePublished":"2023-11-07T12:44:43+00:00","dateModified":"2024-06-26T13:31:56+00:00","description":"Armoire photovolta\u00efque \u2013 Coffrets et armoires polyester haute r\u00e9sistance pour applications industrielles. Fabrication Europoly, sp\u00e9cialiste des solutions polyester.","breadcrumb":{"@id":"https:\/\/europoly.com\/produit\/armoire-photovoltaique\/#breadcrumb"},"inLanguage":"de","potentialAction":[{"@type":"ReadAction","target":["https:\/\/europoly.com\/produit\/armoire-photovoltaique\/"]}]},{"@type":"ImageObject","inLanguage":"de","@id":"https:\/\/europoly.com\/produit\/armoire-photovoltaique\/#primaryimage","url":"https:\/\/europoly.com\/wp-content\/uploads\/2023\/11\/armoires_coffrets_polyester_maxi_euro_xl.jpg","contentUrl":"https:\/\/europoly.com\/wp-content\/uploads\/2023\/11\/armoires_coffrets_polyester_maxi_euro_xl.jpg","width":650,"height":594},{"@type":"BreadcrumbList","@id":"https:\/\/europoly.com\/produit\/armoire-photovoltaique\/#breadcrumb","itemListElement":[{"@type":"ListItem","position":1,"name":"Accueil","item":"https:\/\/europoly.com\/de\/startseite\/"},{"@type":"ListItem","position":2,"name":"Shop","item":"https:\/\/europoly.com\/shop\/"},{"@type":"ListItem","position":3,"name":"Armoire photovolta\u00efque"}]},{"@type":"WebSite","@id":"https:\/\/europoly.com\/#website","url":"https:\/\/europoly.com\/","name":"Europoly","description":"","publisher":{"@id":"https:\/\/europoly.com\/#organization"},"potentialAction":[{"@type":"SearchAction","target":{"@type":"EntryPoint","urlTemplate":"https:\/\/europoly.com\/?s={search_term_string}"},"query-input":{"@type":"PropertyValueSpecification","valueRequired":true,"valueName":"search_term_string"}}],"inLanguage":"de"},{"@type":"Organization","@id":"https:\/\/europoly.com\/#organization","name":"Europoly","url":"https:\/\/europoly.com\/","logo":{"@type":"ImageObject","inLanguage":"de","@id":"https:\/\/europoly.com\/#\/schema\/logo\/image\/","url":"https:\/\/europoly.com\/wp-content\/uploads\/2023\/10\/Logo-europoly-fabricants-armoires-polyester.png","contentUrl":"https:\/\/europoly.com\/wp-content\/uploads\/2023\/10\/Logo-europoly-fabricants-armoires-polyester.png","width":283,"height":369,"caption":"Europoly"},"image":{"@id":"https:\/\/europoly.com\/#\/schema\/logo\/image\/"}}]}},"_links":{"self":[{"href":"https:\/\/europoly.com\/de\/wp-json\/wp\/v2\/product\/501","targetHints":{"allow":["GET"]}}],"collection":[{"href":"https:\/\/europoly.com\/de\/wp-json\/wp\/v2\/product"}],"about":[{"href":"https:\/\/europoly.com\/de\/wp-json\/wp\/v2\/types\/product"}],"replies":[{"embeddable":true,"href":"https:\/\/europoly.com\/de\/wp-json\/wp\/v2\/comments?post=501"}],"wp:featuredmedia":[{"embeddable":true,"href":"https:\/\/europoly.com\/de\/wp-json\/wp\/v2\/media\/1325"}],"wp:attachment":[{"href":"https:\/\/europoly.com\/de\/wp-json\/wp\/v2\/media?parent=501"}],"wp:term":[{"taxonomy":"product_brand","embeddable":true,"href":"https:\/\/europoly.com\/de\/wp-json\/wp\/v2\/product_brand?post=501"},{"taxonomy":"product_cat","embeddable":true,"href":"https:\/\/europoly.com\/de\/wp-json\/wp\/v2\/product_cat?post=501"},{"taxonomy":"product_tag","embeddable":true,"href":"https:\/\/europoly.com\/de\/wp-json\/wp\/v2\/product_tag?post=501"}],"curies":[{"name":"wp","href":"https:\/\/api.w.org\/{rel}","templated":true}]}}