{"id":1772,"date":"2023-10-20T07:55:31","date_gmt":"2023-10-20T05:55:31","guid":{"rendered":"https:\/\/europoly.com\/attualita\/"},"modified":"2026-03-11T11:52:16","modified_gmt":"2026-03-11T10:52:16","slug":"attualita","status":"publish","type":"page","link":"https:\/\/europoly.com\/it\/attualita\/","title":{"rendered":"Attualit\u00e0"},"content":{"rendered":"\t\t<div data-elementor-type=\"wp-page\" data-elementor-id=\"1772\" class=\"elementor elementor-1772 elementor-20\" data-elementor-post-type=\"page\">\n\t\t\t\t\t\t<section class=\"elementor-section elementor-top-section elementor-element elementor-element-b511652 elementor-section-boxed elementor-section-height-default elementor-section-height-default\" data-id=\"b511652\" data-element_type=\"section\" data-e-type=\"section\" data-settings=\"{&quot;jet_parallax_layout_list&quot;:[]}\">\n\t\t\t\t\t\t<div class=\"elementor-container elementor-column-gap-default\">\n\t\t\t\t\t<div class=\"elementor-column elementor-col-100 elementor-top-column elementor-element elementor-element-d86f136\" data-id=\"d86f136\" data-element_type=\"column\" data-e-type=\"column\">\n\t\t\t<div class=\"elementor-widget-wrap elementor-element-populated\">\n\t\t\t\t\t\t<div class=\"elementor-element elementor-element-58154c3 elementor-widget elementor-widget-heading\" data-id=\"58154c3\" data-element_type=\"widget\" data-e-type=\"widget\" data-widget_type=\"heading.default\">\n\t\t\t\t<div class=\"elementor-widget-container\">\n\t\t\t\t\t<h1 class=\"elementor-heading-title elementor-size-default\">Le notizie Europoly<\/h1>\t\t\t\t<\/div>\n\t\t\t\t<\/div>\n\t\t\t\t\t<\/div>\n\t\t<\/div>\n\t\t\t\t\t<\/div>\n\t\t<\/section>\n\t\t\t\t<section class=\"elementor-section elementor-top-section elementor-element elementor-element-6d0e0c6 elementor-section-boxed elementor-section-height-default elementor-section-height-default\" data-id=\"6d0e0c6\" data-element_type=\"section\" data-e-type=\"section\" data-settings=\"{&quot;jet_parallax_layout_list&quot;:[]}\">\n\t\t\t\t\t\t<div class=\"elementor-container elementor-column-gap-default\">\n\t\t\t\t\t<div class=\"elementor-column elementor-col-100 elementor-top-column elementor-element elementor-element-1adab71\" data-id=\"1adab71\" data-element_type=\"column\" data-e-type=\"column\">\n\t\t\t<div class=\"elementor-widget-wrap elementor-element-populated\">\n\t\t\t\t\t\t<div class=\"elementor-element elementor-element-983c023 elementor-grid-3 elementor-grid-tablet-2 elementor-grid-mobile-1 elementor-posts--thumbnail-top elementor-widget elementor-widget-posts\" data-id=\"983c023\" data-element_type=\"widget\" data-e-type=\"widget\" data-settings=\"{&quot;pagination_type&quot;:&quot;numbers_and_prev_next&quot;,&quot;classic_columns&quot;:&quot;3&quot;,&quot;classic_columns_tablet&quot;:&quot;2&quot;,&quot;classic_columns_mobile&quot;:&quot;1&quot;,&quot;classic_row_gap&quot;:{&quot;unit&quot;:&quot;px&quot;,&quot;size&quot;:35,&quot;sizes&quot;:[]},&quot;classic_row_gap_widescreen&quot;:{&quot;unit&quot;:&quot;px&quot;,&quot;size&quot;:&quot;&quot;,&quot;sizes&quot;:[]},&quot;classic_row_gap_tablet&quot;:{&quot;unit&quot;:&quot;px&quot;,&quot;size&quot;:&quot;&quot;,&quot;sizes&quot;:[]},&quot;classic_row_gap_mobile&quot;:{&quot;unit&quot;:&quot;px&quot;,&quot;size&quot;:&quot;&quot;,&quot;sizes&quot;:[]}}\" data-widget_type=\"posts.classic\">\n\t\t\t\t<div class=\"elementor-widget-container\">\n\t\t\t\t\t\t\t<div class=\"elementor-posts-container elementor-posts elementor-posts--skin-classic elementor-grid\" role=\"list\">\n\t\t\t\t<article class=\"elementor-post elementor-grid-item post-3331 post type-post status-publish format-standard has-post-thumbnail hentry category-non-categorizzato\" role=\"listitem\">\n\t\t\t\t<a class=\"elementor-post__thumbnail__link\" href=\"https:\/\/europoly.com\/it\/armadio-in-poliestere-o-armadio-metallico-quale-scelta-strategica-per-gli-ambienti-del-settore-delle-energie-rinnovabili\/\" tabindex=\"-1\" >\n\t\t\t<div class=\"elementor-post__thumbnail\"><img fetchpriority=\"high\" decoding=\"async\" width=\"300\" height=\"169\" src=\"https:\/\/europoly.com\/wp-content\/uploads\/2026\/03\/Armoire-milieu-salin-300x169.jpg\" class=\"attachment-medium size-medium wp-image-2845\" alt=\"Europoly : Armoires \u00e9lectriques ext\u00e9rieures en polyester install\u00e9es en bord de mer pour applications portuaires en environnement salin\" srcset=\"https:\/\/europoly.com\/wp-content\/uploads\/2026\/03\/Armoire-milieu-salin-300x169.jpg 300w, https:\/\/europoly.com\/wp-content\/uploads\/2026\/03\/Armoire-milieu-salin-1024x576.jpg 1024w, https:\/\/europoly.com\/wp-content\/uploads\/2026\/03\/Armoire-milieu-salin-768x432.jpg 768w, https:\/\/europoly.com\/wp-content\/uploads\/2026\/03\/Armoire-milieu-salin-1536x864.jpg 1536w, https:\/\/europoly.com\/wp-content\/uploads\/2026\/03\/Armoire-milieu-salin-600x338.jpg 600w, https:\/\/europoly.com\/wp-content\/uploads\/2026\/03\/Armoire-milieu-salin.jpg 1920w\" sizes=\"(max-width: 300px) 100vw, 300px\" \/><\/div>\n\t\t<\/a>\n\t\t\t\t<div class=\"elementor-post__text\">\n\t\t\t\t<h3 class=\"elementor-post__title\">\n\t\t\t<a href=\"https:\/\/europoly.com\/it\/armadio-in-poliestere-o-armadio-metallico-quale-scelta-strategica-per-gli-ambienti-del-settore-delle-energie-rinnovabili\/\" >\n\t\t\t\tArmadio in poliestere o armadio metallico: quale scelta strategica per gli ambienti del settore delle energie rinnovabili?\t\t\t<\/a>\n\t\t<\/h3>\n\t\t\t\t<div class=\"elementor-post__meta-data\">\n\t\t\t\t\t<span class=\"elementor-post-date\">\n\t\t\t19 Marzo 2026\t\t<\/span>\n\t\t\t\t<\/div>\n\t\t\t\t<div class=\"elementor-post__excerpt\">\n\t\t\t<p>Introduzione Lo sviluppo delle energie rinnovabili sta registrando un\u2019accelerazione senza precedenti in Europa e a livello mondiale. Secondo l\u2019Agenzia Internazionale dell\u2019Energia (AIE), nel 2023 sono<\/p>\n\t\t<\/div>\n\t\t\n\t\t<a class=\"elementor-post__read-more\" href=\"https:\/\/europoly.com\/it\/armadio-in-poliestere-o-armadio-metallico-quale-scelta-strategica-per-gli-ambienti-del-settore-delle-energie-rinnovabili\/\" aria-label=\"Leggi tutto Armadio in poliestere o armadio metallico: quale scelta strategica per gli ambienti del settore delle energie rinnovabili?\" tabindex=\"-1\" >\n\t\t\tPer saperne di pi\u00f9 \u00bb\t\t<\/a>\n\n\t\t\t\t<\/div>\n\t\t\t\t<\/article>\n\t\t\t\t<article class=\"elementor-post elementor-grid-item post-2828 post type-post status-publish format-standard has-post-thumbnail hentry category-non-categorizzato\" role=\"listitem\">\n\t\t\t\t<a class=\"elementor-post__thumbnail__link\" href=\"https:\/\/europoly.com\/it\/personalizzazione-degli-armadi\/\" tabindex=\"-1\" >\n\t\t\t<div class=\"elementor-post__thumbnail\"><img decoding=\"async\" width=\"300\" height=\"139\" src=\"https:\/\/europoly.com\/wp-content\/uploads\/2024\/12\/1000012359-300x139.jpg\" class=\"attachment-medium size-medium wp-image-2538\" alt=\"Gamme d\u2019armoires et coffrets \u00e9lectriques en polyester fabriqu\u00e9s par Europoly\" srcset=\"https:\/\/europoly.com\/wp-content\/uploads\/2024\/12\/1000012359-300x139.jpg 300w, https:\/\/europoly.com\/wp-content\/uploads\/2024\/12\/1000012359-1024x473.jpg 1024w, https:\/\/europoly.com\/wp-content\/uploads\/2024\/12\/1000012359-768x355.jpg 768w, https:\/\/europoly.com\/wp-content\/uploads\/2024\/12\/1000012359-600x277.jpg 600w, https:\/\/europoly.com\/wp-content\/uploads\/2024\/12\/1000012359.jpg 1200w\" sizes=\"(max-width: 300px) 100vw, 300px\" \/><\/div>\n\t\t<\/a>\n\t\t\t\t<div class=\"elementor-post__text\">\n\t\t\t\t<h3 class=\"elementor-post__title\">\n\t\t\t<a href=\"https:\/\/europoly.com\/it\/personalizzazione-degli-armadi\/\" >\n\t\t\t\tPersonalizzazione degli armadi\t\t\t<\/a>\n\t\t<\/h3>\n\t\t\t\t<div class=\"elementor-post__meta-data\">\n\t\t\t\t\t<span class=\"elementor-post-date\">\n\t\t\t16 Dicembre 2024\t\t<\/span>\n\t\t\t\t<\/div>\n\t\t\t\t<div class=\"elementor-post__excerpt\">\n\t\t\t<p>Offriamo la possibilit\u00e0 di personalizzare gli armadi in poliestere che produciamo. Infatti, siamo gli unici produttori di armadi e shelter in poliestere in grado di<\/p>\n\t\t<\/div>\n\t\t\n\t\t<a class=\"elementor-post__read-more\" href=\"https:\/\/europoly.com\/it\/personalizzazione-degli-armadi\/\" aria-label=\"Leggi tutto Personalizzazione degli armadi\" tabindex=\"-1\" >\n\t\t\tPer saperne di pi\u00f9 \u00bb\t\t<\/a>\n\n\t\t\t\t<\/div>\n\t\t\t\t<\/article>\n\t\t\t\t<article class=\"elementor-post elementor-grid-item post-2830 post type-post status-publish format-standard has-post-thumbnail hentry category-non-categorizzato\" role=\"listitem\">\n\t\t\t\t<a class=\"elementor-post__thumbnail__link\" href=\"https:\/\/europoly.com\/it\/riciclaggio-dei-contenitori-stradali-della-metropole-grand-lyon\/\" tabindex=\"-1\" >\n\t\t\t<div class=\"elementor-post__thumbnail\"><img decoding=\"async\" width=\"300\" height=\"200\" src=\"https:\/\/europoly.com\/wp-content\/uploads\/2024\/10\/Capture-decran-2024-10-21-a-10.18.21-300x200.png\" class=\"attachment-medium size-medium wp-image-2488\" alt=\"Techniciens intervenant sur une armoire \u00e9lectrique ext\u00e9rieure en polyester en environnement urbain\" srcset=\"https:\/\/europoly.com\/wp-content\/uploads\/2024\/10\/Capture-decran-2024-10-21-a-10.18.21-300x200.png 300w, https:\/\/europoly.com\/wp-content\/uploads\/2024\/10\/Capture-decran-2024-10-21-a-10.18.21-768x513.png 768w, https:\/\/europoly.com\/wp-content\/uploads\/2024\/10\/Capture-decran-2024-10-21-a-10.18.21-600x401.png 600w, https:\/\/europoly.com\/wp-content\/uploads\/2024\/10\/Capture-decran-2024-10-21-a-10.18.21.png 789w\" sizes=\"(max-width: 300px) 100vw, 300px\" \/><\/div>\n\t\t<\/a>\n\t\t\t\t<div class=\"elementor-post__text\">\n\t\t\t\t<h3 class=\"elementor-post__title\">\n\t\t\t<a href=\"https:\/\/europoly.com\/it\/riciclaggio-dei-contenitori-stradali-della-metropole-grand-lyon\/\" >\n\t\t\t\tRiciclaggio dei contenitori stradali della M\u00e9tropole Grand Lyon\t\t\t<\/a>\n\t\t<\/h3>\n\t\t\t\t<div class=\"elementor-post__meta-data\">\n\t\t\t\t\t<span class=\"elementor-post-date\">\n\t\t\t21 Ottobre 2024\t\t<\/span>\n\t\t\t\t<\/div>\n\t\t\t\t<div class=\"elementor-post__excerpt\">\n\t\t\t<p>La nostra societ\u00e0 moderna dovr\u00e0 affrontare numerose sfide nei prossimi decenni, in particolare quella della salvaguardia del nostro pianeta.<\/p>\n\t\t<\/div>\n\t\t\n\t\t<a class=\"elementor-post__read-more\" href=\"https:\/\/europoly.com\/it\/riciclaggio-dei-contenitori-stradali-della-metropole-grand-lyon\/\" aria-label=\"Leggi tutto Riciclaggio dei contenitori stradali della M\u00e9tropole Grand Lyon\" tabindex=\"-1\" >\n\t\t\tPer saperne di pi\u00f9 \u00bb\t\t<\/a>\n\n\t\t\t\t<\/div>\n\t\t\t\t<\/article>\n\t\t\t\t<\/div>\n\t\t\n\t\t\t\t\t\t<\/div>\n\t\t\t\t<\/div>\n\t\t\t\t\t<\/div>\n\t\t<\/div>\n\t\t\t\t\t<\/div>\n\t\t<\/section>\n\t\t\t\t<\/div>\n\t\t","protected":false},"excerpt":{"rendered":"<p>Le notizie Europoly<\/p>\n","protected":false},"author":1,"featured_media":0,"parent":0,"menu_order":0,"comment_status":"closed","ping_status":"closed","template":"","meta":{"_acf_changed":false,"_monsterinsights_skip_tracking":false,"_monsterinsights_sitenote_active":false,"_monsterinsights_sitenote_note":"","_monsterinsights_sitenote_category":0,"footnotes":""},"class_list":["post-1772","page","type-page","status-publish","hentry"],"acf":[],"yoast_head":"<!-- This site is optimized with the Yoast SEO plugin v27.5 - https:\/\/yoast.com\/product\/yoast-seo-wordpress\/ -->\n<title>Attualit\u00e0 - Europoly<\/title>\n<meta name=\"description\" content=\"Attualit\u00e0 | Europoly, sp\u00e9cialiste des coffrets et armoires polyester pour environnements industriels exigeants.\" \/>\n<meta name=\"robots\" content=\"index, follow, max-snippet:-1, max-image-preview:large, max-video-preview:-1\" \/>\n<link rel=\"canonical\" href=\"https:\/\/europoly.com\/it\/riciclaggio-dei-contenitori-stradali-della-metropole-grand-lyon\/\" \/>\n<meta property=\"og:locale\" content=\"it_IT\" \/>\n<meta property=\"og:type\" content=\"article\" \/>\n<meta property=\"og:title\" content=\"Attualit\u00e0 - Europoly\" \/>\n<meta property=\"og:description\" content=\"Attualit\u00e0 | Europoly, sp\u00e9cialiste des coffrets et armoires polyester pour environnements industriels exigeants.\" \/>\n<meta property=\"og:url\" content=\"https:\/\/europoly.com\/it\/attualita\/\" \/>\n<meta property=\"og:site_name\" content=\"Europoly\" \/>\n<meta property=\"article:modified_time\" content=\"2026-03-11T10:52:16+00:00\" \/>\n<meta name=\"twitter:card\" content=\"summary_large_image\" \/>\n<script type=\"application\/ld+json\" class=\"yoast-schema-graph\">{\"@context\":\"https:\\\/\\\/schema.org\",\"@graph\":[{\"@type\":\"WebPage\",\"@id\":\"https:\\\/\\\/europoly.com\\\/it\\\/attualita\\\/\",\"url\":\"https:\\\/\\\/europoly.com\\\/it\\\/attualita\\\/\",\"name\":\"Attualit\u00e0 - Europoly\",\"isPartOf\":{\"@id\":\"https:\\\/\\\/europoly.com\\\/#website\"},\"datePublished\":\"2023-10-20T05:55:31+00:00\",\"dateModified\":\"2026-03-11T10:52:16+00:00\",\"description\":\"Attualit\u00e0 | Europoly, sp\u00e9cialiste des coffrets et armoires polyester pour environnements industriels exigeants.\",\"breadcrumb\":{\"@id\":\"https:\\\/\\\/europoly.com\\\/it\\\/attualita\\\/#breadcrumb\"},\"inLanguage\":\"it-IT\",\"potentialAction\":[{\"@type\":\"ReadAction\",\"target\":[\"https:\\\/\\\/europoly.com\\\/it\\\/attualita\\\/\"]}]},{\"@type\":\"BreadcrumbList\",\"@id\":\"https:\\\/\\\/europoly.com\\\/it\\\/attualita\\\/#breadcrumb\",\"itemListElement\":[{\"@type\":\"ListItem\",\"position\":1,\"name\":\"Accueil\",\"item\":\"https:\\\/\\\/europoly.com\\\/it\\\/casa\\\/\"},{\"@type\":\"ListItem\",\"position\":2,\"name\":\"Attualit\u00e0\"}]},{\"@type\":\"WebSite\",\"@id\":\"https:\\\/\\\/europoly.com\\\/#website\",\"url\":\"https:\\\/\\\/europoly.com\\\/\",\"name\":\"Europoly\",\"description\":\"\",\"publisher\":{\"@id\":\"https:\\\/\\\/europoly.com\\\/#organization\"},\"potentialAction\":[{\"@type\":\"SearchAction\",\"target\":{\"@type\":\"EntryPoint\",\"urlTemplate\":\"https:\\\/\\\/europoly.com\\\/?s={search_term_string}\"},\"query-input\":{\"@type\":\"PropertyValueSpecification\",\"valueRequired\":true,\"valueName\":\"search_term_string\"}}],\"inLanguage\":\"it-IT\"},{\"@type\":\"Organization\",\"@id\":\"https:\\\/\\\/europoly.com\\\/#organization\",\"name\":\"Europoly\",\"url\":\"https:\\\/\\\/europoly.com\\\/\",\"logo\":{\"@type\":\"ImageObject\",\"inLanguage\":\"it-IT\",\"@id\":\"https:\\\/\\\/europoly.com\\\/#\\\/schema\\\/logo\\\/image\\\/\",\"url\":\"https:\\\/\\\/europoly.com\\\/wp-content\\\/uploads\\\/2023\\\/10\\\/Logo-europoly-fabricants-armoires-polyester.png\",\"contentUrl\":\"https:\\\/\\\/europoly.com\\\/wp-content\\\/uploads\\\/2023\\\/10\\\/Logo-europoly-fabricants-armoires-polyester.png\",\"width\":283,\"height\":369,\"caption\":\"Europoly\"},\"image\":{\"@id\":\"https:\\\/\\\/europoly.com\\\/#\\\/schema\\\/logo\\\/image\\\/\"}}]}<\/script>\n<!-- \/ Yoast SEO plugin. -->","yoast_head_json":{"title":"Attualit\u00e0 - Europoly","description":"Attualit\u00e0 | Europoly, sp\u00e9cialiste des coffrets et armoires polyester pour environnements industriels exigeants.","robots":{"index":"index","follow":"follow","max-snippet":"max-snippet:-1","max-image-preview":"max-image-preview:large","max-video-preview":"max-video-preview:-1"},"canonical":"https:\/\/europoly.com\/it\/riciclaggio-dei-contenitori-stradali-della-metropole-grand-lyon\/","og_locale":"it_IT","og_type":"article","og_title":"Attualit\u00e0 - Europoly","og_description":"Attualit\u00e0 | Europoly, sp\u00e9cialiste des coffrets et armoires polyester pour environnements industriels exigeants.","og_url":"https:\/\/europoly.com\/it\/attualita\/","og_site_name":"Europoly","article_modified_time":"2026-03-11T10:52:16+00:00","twitter_card":"summary_large_image","schema":{"@context":"https:\/\/schema.org","@graph":[{"@type":"WebPage","@id":"https:\/\/europoly.com\/it\/attualita\/","url":"https:\/\/europoly.com\/it\/attualita\/","name":"Attualit\u00e0 - Europoly","isPartOf":{"@id":"https:\/\/europoly.com\/#website"},"datePublished":"2023-10-20T05:55:31+00:00","dateModified":"2026-03-11T10:52:16+00:00","description":"Attualit\u00e0 | Europoly, sp\u00e9cialiste des coffrets et armoires polyester pour environnements industriels exigeants.","breadcrumb":{"@id":"https:\/\/europoly.com\/it\/attualita\/#breadcrumb"},"inLanguage":"it-IT","potentialAction":[{"@type":"ReadAction","target":["https:\/\/europoly.com\/it\/attualita\/"]}]},{"@type":"BreadcrumbList","@id":"https:\/\/europoly.com\/it\/attualita\/#breadcrumb","itemListElement":[{"@type":"ListItem","position":1,"name":"Accueil","item":"https:\/\/europoly.com\/it\/casa\/"},{"@type":"ListItem","position":2,"name":"Attualit\u00e0"}]},{"@type":"WebSite","@id":"https:\/\/europoly.com\/#website","url":"https:\/\/europoly.com\/","name":"Europoly","description":"","publisher":{"@id":"https:\/\/europoly.com\/#organization"},"potentialAction":[{"@type":"SearchAction","target":{"@type":"EntryPoint","urlTemplate":"https:\/\/europoly.com\/?s={search_term_string}"},"query-input":{"@type":"PropertyValueSpecification","valueRequired":true,"valueName":"search_term_string"}}],"inLanguage":"it-IT"},{"@type":"Organization","@id":"https:\/\/europoly.com\/#organization","name":"Europoly","url":"https:\/\/europoly.com\/","logo":{"@type":"ImageObject","inLanguage":"it-IT","@id":"https:\/\/europoly.com\/#\/schema\/logo\/image\/","url":"https:\/\/europoly.com\/wp-content\/uploads\/2023\/10\/Logo-europoly-fabricants-armoires-polyester.png","contentUrl":"https:\/\/europoly.com\/wp-content\/uploads\/2023\/10\/Logo-europoly-fabricants-armoires-polyester.png","width":283,"height":369,"caption":"Europoly"},"image":{"@id":"https:\/\/europoly.com\/#\/schema\/logo\/image\/"}}]}},"_links":{"self":[{"href":"https:\/\/europoly.com\/it\/wp-json\/wp\/v2\/pages\/1772","targetHints":{"allow":["GET"]}}],"collection":[{"href":"https:\/\/europoly.com\/it\/wp-json\/wp\/v2\/pages"}],"about":[{"href":"https:\/\/europoly.com\/it\/wp-json\/wp\/v2\/types\/page"}],"author":[{"embeddable":true,"href":"https:\/\/europoly.com\/it\/wp-json\/wp\/v2\/users\/1"}],"replies":[{"embeddable":true,"href":"https:\/\/europoly.com\/it\/wp-json\/wp\/v2\/comments?post=1772"}],"version-history":[{"count":2,"href":"https:\/\/europoly.com\/it\/wp-json\/wp\/v2\/pages\/1772\/revisions"}],"predecessor-version":[{"id":2746,"href":"https:\/\/europoly.com\/it\/wp-json\/wp\/v2\/pages\/1772\/revisions\/2746"}],"wp:attachment":[{"href":"https:\/\/europoly.com\/it\/wp-json\/wp\/v2\/media?parent=1772"}],"curies":[{"name":"wp","href":"https:\/\/api.w.org\/{rel}","templated":true}]}}