{"id":1822,"date":"2023-10-20T07:53:35","date_gmt":"2023-10-20T05:53:35","guid":{"rendered":"https:\/\/europoly.com\/le-nostre-realizzazioni\/"},"modified":"2026-03-11T11:54:38","modified_gmt":"2026-03-11T10:54:38","slug":"le-nostre-realizzazioni","status":"publish","type":"page","link":"https:\/\/europoly.com\/it\/le-nostre-realizzazioni\/","title":{"rendered":"Le nostre realizzazioni"},"content":{"rendered":"\t\t<div data-elementor-type=\"wp-page\" data-elementor-id=\"1822\" class=\"elementor elementor-1822 elementor-14\" data-elementor-post-type=\"page\">\n\t\t\t\t\t\t<section class=\"elementor-section elementor-top-section elementor-element elementor-element-917300b elementor-section-boxed elementor-section-height-default elementor-section-height-default\" data-id=\"917300b\" data-element_type=\"section\" data-e-type=\"section\" data-settings=\"{&quot;jet_parallax_layout_list&quot;:[]}\">\n\t\t\t\t\t\t<div class=\"elementor-container elementor-column-gap-default\">\n\t\t\t\t\t<div class=\"elementor-column elementor-col-100 elementor-top-column elementor-element elementor-element-1c1a1ee\" data-id=\"1c1a1ee\" data-element_type=\"column\" data-e-type=\"column\">\n\t\t\t<div class=\"elementor-widget-wrap elementor-element-populated\">\n\t\t\t\t\t\t<section class=\"elementor-section elementor-inner-section elementor-element elementor-element-693c88b elementor-section-boxed elementor-section-height-default elementor-section-height-default\" data-id=\"693c88b\" data-element_type=\"section\" data-e-type=\"section\" data-settings=\"{&quot;jet_parallax_layout_list&quot;:[]}\">\n\t\t\t\t\t\t<div class=\"elementor-container elementor-column-gap-default\">\n\t\t\t\t\t<div class=\"elementor-column elementor-col-50 elementor-inner-column elementor-element elementor-element-91d3259\" data-id=\"91d3259\" data-element_type=\"column\" data-e-type=\"column\">\n\t\t\t<div class=\"elementor-widget-wrap elementor-element-populated\">\n\t\t\t\t\t\t<div class=\"elementor-element elementor-element-32ec296 elementor-widget elementor-widget-heading\" data-id=\"32ec296\" data-element_type=\"widget\" data-e-type=\"widget\" data-widget_type=\"heading.default\">\n\t\t\t\t<div class=\"elementor-widget-container\">\n\t\t\t\t\t<h1 class=\"elementor-heading-title elementor-size-default\">Le nostre realizzazioni<\/h1>\t\t\t\t<\/div>\n\t\t\t\t<\/div>\n\t\t\t\t<div class=\"elementor-element elementor-element-1df8b36 elementor-widget elementor-widget-text-editor\" data-id=\"1df8b36\" data-element_type=\"widget\" data-e-type=\"widget\" data-widget_type=\"text-editor.default\">\n\t\t\t\t<div class=\"elementor-widget-container\">\n\t\t\t\t\t\t\t\t\t<p><span class=\"s2\">Da oltre 24 anni Europoly \u00e8 leader nella produzione di armadi, cabine e contenitori in poliestere, GRP e fibra di vetro rinforzata.<\/span><\/p><p><span class=\"s2\">Il poliestere \u00e8 particolarmente indicato per applicazioni esterne o interne in ambienti umidi e\/o corrosivi.<\/span><\/p><p><span class=\"s2\">Grazie alla nostra ampia gamma di prodotti \u201cMade in France\u201d, troverete sicuramente quello che fa al caso vostro.<\/span><\/p><p><span class=\"s2\">Ces quelques exemples de r\u00e9alisations vous permettront de visualiser nos diff\u00e9rentes implantations en milieux r\u00e9els.<\/span><\/p><p><span class=\"s2\">Non esitate a contattarci per le vostre esigenze specifiche.<\/span><\/p>\t\t\t\t\t\t\t\t<\/div>\n\t\t\t\t<\/div>\n\t\t\t\t<div class=\"elementor-element elementor-element-e4dda75 elementor-widget elementor-widget-button\" data-id=\"e4dda75\" data-element_type=\"widget\" data-e-type=\"widget\" data-widget_type=\"button.default\">\n\t\t\t\t<div class=\"elementor-widget-container\">\n\t\t\t\t\t\t\t\t\t<div class=\"elementor-button-wrapper\">\n\t\t\t\t\t<a class=\"elementor-button elementor-button-link elementor-size-sm\" href=\"https:\/\/europoly.com\/it\/prodotti\/\">\n\t\t\t\t\t\t<span class=\"elementor-button-content-wrapper\">\n\t\t\t\t\t\t\t\t\t<span class=\"elementor-button-text\">I prodotti<\/span>\n\t\t\t\t\t<\/span>\n\t\t\t\t\t<\/a>\n\t\t\t\t<\/div>\n\t\t\t\t\t\t\t\t<\/div>\n\t\t\t\t<\/div>\n\t\t\t\t\t<\/div>\n\t\t<\/div>\n\t\t\t\t<div class=\"elementor-column elementor-col-50 elementor-inner-column elementor-element elementor-element-3393a23\" data-id=\"3393a23\" data-element_type=\"column\" data-e-type=\"column\">\n\t\t\t<div class=\"elementor-widget-wrap elementor-element-populated\">\n\t\t\t\t\t\t<div class=\"elementor-element elementor-element-b6bd8a7 elementor-widget elementor-widget-image\" data-id=\"b6bd8a7\" data-element_type=\"widget\" data-e-type=\"widget\" data-widget_type=\"image.default\">\n\t\t\t\t<div class=\"elementor-widget-container\">\n\t\t\t\t\t\t\t\t\t\t\t\t\t\t\t<img fetchpriority=\"high\" decoding=\"async\" width=\"700\" height=\"525\" src=\"https:\/\/europoly.com\/wp-content\/uploads\/2023\/11\/mega-euro-photo1-min-1.jpg\" class=\"attachment-large size-large wp-image-1620\" alt=\"\" srcset=\"https:\/\/europoly.com\/wp-content\/uploads\/2023\/11\/mega-euro-photo1-min-1.jpg 700w, https:\/\/europoly.com\/wp-content\/uploads\/2023\/11\/mega-euro-photo1-min-1-300x225.jpg 300w, https:\/\/europoly.com\/wp-content\/uploads\/2023\/11\/mega-euro-photo1-min-1-600x450.jpg 600w\" sizes=\"(max-width: 700px) 100vw, 700px\" \/>\t\t\t\t\t\t\t\t\t\t\t\t\t\t\t<\/div>\n\t\t\t\t<\/div>\n\t\t\t\t<div class=\"elementor-element elementor-element-32f2012 elementor-absolute elementor-widget elementor-widget-image\" data-id=\"32f2012\" data-element_type=\"widget\" data-e-type=\"widget\" data-settings=\"{&quot;_position&quot;:&quot;absolute&quot;}\" data-widget_type=\"image.default\">\n\t\t\t\t<div class=\"elementor-widget-container\">\n\t\t\t\t\t\t\t\t\t\t\t\t\t\t\t<img decoding=\"async\" width=\"800\" height=\"799\" src=\"https:\/\/europoly.com\/wp-content\/uploads\/2023\/10\/fond-europoly-2.png\" class=\"attachment-large size-large wp-image-1382\" alt=\"\" srcset=\"https:\/\/europoly.com\/wp-content\/uploads\/2023\/10\/fond-europoly-2.png 839w, https:\/\/europoly.com\/wp-content\/uploads\/2023\/10\/fond-europoly-2-300x300.png 300w, https:\/\/europoly.com\/wp-content\/uploads\/2023\/10\/fond-europoly-2-150x150.png 150w, https:\/\/europoly.com\/wp-content\/uploads\/2023\/10\/fond-europoly-2-768x767.png 768w, https:\/\/europoly.com\/wp-content\/uploads\/2023\/10\/fond-europoly-2-600x599.png 600w, https:\/\/europoly.com\/wp-content\/uploads\/2023\/10\/fond-europoly-2-100x100.png 100w\" sizes=\"(max-width: 800px) 100vw, 800px\" \/>\t\t\t\t\t\t\t\t\t\t\t\t\t\t\t<\/div>\n\t\t\t\t<\/div>\n\t\t\t\t\t<\/div>\n\t\t<\/div>\n\t\t\t\t\t<\/div>\n\t\t<\/section>\n\t\t\t\t\t<\/div>\n\t\t<\/div>\n\t\t\t\t\t<\/div>\n\t\t<\/section>\n\t\t\t\t<section class=\"elementor-section elementor-top-section elementor-element elementor-element-993553e elementor-section-boxed elementor-section-height-default elementor-section-height-default\" data-id=\"993553e\" data-element_type=\"section\" data-e-type=\"section\" data-settings=\"{&quot;jet_parallax_layout_list&quot;:[]}\">\n\t\t\t\t\t\t<div class=\"elementor-container elementor-column-gap-default\">\n\t\t\t\t\t<div class=\"elementor-column elementor-col-100 elementor-top-column elementor-element elementor-element-8b4a742\" data-id=\"8b4a742\" data-element_type=\"column\" data-e-type=\"column\">\n\t\t\t<div class=\"elementor-widget-wrap elementor-element-populated\">\n\t\t\t\t\t\t<div class=\"elementor-element elementor-element-480b608 elementor-grid-3 elementor-grid-tablet-2 elementor-grid-mobile-1 elementor-posts--thumbnail-top elementor-card-shadow-yes elementor-posts__hover-gradient elementor-widget elementor-widget-posts\" data-id=\"480b608\" data-element_type=\"widget\" data-e-type=\"widget\" data-settings=\"{&quot;cards_columns&quot;:&quot;3&quot;,&quot;cards_columns_tablet&quot;:&quot;2&quot;,&quot;cards_columns_mobile&quot;:&quot;1&quot;,&quot;cards_row_gap&quot;:{&quot;unit&quot;:&quot;px&quot;,&quot;size&quot;:35,&quot;sizes&quot;:[]},&quot;cards_row_gap_widescreen&quot;:{&quot;unit&quot;:&quot;px&quot;,&quot;size&quot;:&quot;&quot;,&quot;sizes&quot;:[]},&quot;cards_row_gap_tablet&quot;:{&quot;unit&quot;:&quot;px&quot;,&quot;size&quot;:&quot;&quot;,&quot;sizes&quot;:[]},&quot;cards_row_gap_mobile&quot;:{&quot;unit&quot;:&quot;px&quot;,&quot;size&quot;:&quot;&quot;,&quot;sizes&quot;:[]}}\" data-widget_type=\"posts.cards\">\n\t\t\t\t<div class=\"elementor-widget-container\">\n\t\t\t\t\t\t\t<div class=\"elementor-posts-container elementor-posts elementor-posts--skin-cards elementor-grid\" role=\"list\">\n\t\t\t\t<article class=\"elementor-post elementor-grid-item post-3310 realisation type-realisation status-publish has-post-thumbnail hentry\" role=\"listitem\">\n\t\t\t<div class=\"elementor-post__card\">\n\t\t\t\t<a class=\"elementor-post__thumbnail__link\" href=\"https:\/\/europoly.com\/it\/realisation\/su-misura-armadi-terminali-quadri-elettrici-apparecchiature-specializzate\/\" tabindex=\"-1\" ><div class=\"elementor-post__thumbnail\"><img decoding=\"async\" width=\"300\" height=\"212\" src=\"https:\/\/europoly.com\/wp-content\/uploads\/2024\/07\/sur-mesure-3-300x212.jpg\" class=\"attachment-medium size-medium wp-image-2327\" alt=\"\" srcset=\"https:\/\/europoly.com\/wp-content\/uploads\/2024\/07\/sur-mesure-3-300x212.jpg 300w, https:\/\/europoly.com\/wp-content\/uploads\/2024\/07\/sur-mesure-3.jpg 463w\" sizes=\"(max-width: 300px) 100vw, 300px\" \/><\/div><\/a>\n\t\t\t\t<div class=\"elementor-post__text\">\n\t\t\t\t<h3 class=\"elementor-post__title\">\n\t\t\t<a href=\"https:\/\/europoly.com\/it\/realisation\/su-misura-armadi-terminali-quadri-elettrici-apparecchiature-specializzate\/\" >\n\t\t\t\tSU MISURA: Armadi, terminali, quadri elettrici, apparecchiature specializzate\t\t\t<\/a>\n\t\t<\/h3>\n\t\t\n\t\t<a class=\"elementor-post__read-more\" href=\"https:\/\/europoly.com\/it\/realisation\/su-misura-armadi-terminali-quadri-elettrici-apparecchiature-specializzate\/\" aria-label=\"Leggi tutto SU MISURA: Armadi, terminali, quadri elettrici, apparecchiature specializzate\" tabindex=\"-1\" >\n\t\t\tScoprire\t\t<\/a>\n\n\t\t\t\t<\/div>\n\t\t\t\t\t<\/div>\n\t\t<\/article>\n\t\t\t\t<article class=\"elementor-post elementor-grid-item post-3312 realisation type-realisation status-publish has-post-thumbnail hentry\" role=\"listitem\">\n\t\t\t<div class=\"elementor-post__card\">\n\t\t\t\t<a class=\"elementor-post__thumbnail__link\" href=\"https:\/\/europoly.com\/it\/realisation\/maxi-euro-armadi-di-grandi-dimensioni-ip55-65\/\" tabindex=\"-1\" ><div class=\"elementor-post__thumbnail\"><img loading=\"lazy\" decoding=\"async\" width=\"300\" height=\"212\" src=\"https:\/\/europoly.com\/wp-content\/uploads\/2024\/06\/maxi-euro-3-300x212.jpg\" class=\"attachment-medium size-medium wp-image-2351\" alt=\"\" srcset=\"https:\/\/europoly.com\/wp-content\/uploads\/2024\/06\/maxi-euro-3-300x212.jpg 300w, https:\/\/europoly.com\/wp-content\/uploads\/2024\/06\/maxi-euro-3.jpg 463w\" sizes=\"(max-width: 300px) 100vw, 300px\" \/><\/div><\/a>\n\t\t\t\t<div class=\"elementor-post__text\">\n\t\t\t\t<h3 class=\"elementor-post__title\">\n\t\t\t<a href=\"https:\/\/europoly.com\/it\/realisation\/maxi-euro-armadi-di-grandi-dimensioni-ip55-65\/\" >\n\t\t\t\tMAXI EURO: Armadi di grandi dimensioni (IP55\/65)\t\t\t<\/a>\n\t\t<\/h3>\n\t\t\n\t\t<a class=\"elementor-post__read-more\" href=\"https:\/\/europoly.com\/it\/realisation\/maxi-euro-armadi-di-grandi-dimensioni-ip55-65\/\" aria-label=\"Leggi tutto MAXI EURO: Armadi di grandi dimensioni (IP55\/65)\" tabindex=\"-1\" >\n\t\t\tScoprire\t\t<\/a>\n\n\t\t\t\t<\/div>\n\t\t\t\t\t<\/div>\n\t\t<\/article>\n\t\t\t\t<article class=\"elementor-post elementor-grid-item post-3314 realisation type-realisation status-publish has-post-thumbnail hentry\" role=\"listitem\">\n\t\t\t<div class=\"elementor-post__card\">\n\t\t\t\t<a class=\"elementor-post__thumbnail__link\" href=\"https:\/\/europoly.com\/it\/realisation\/euro-1500-armadio-a-profondita-estesa-ip55-65\/\" tabindex=\"-1\" ><div class=\"elementor-post__thumbnail\"><img loading=\"lazy\" decoding=\"async\" width=\"300\" height=\"212\" src=\"https:\/\/europoly.com\/wp-content\/uploads\/2024\/06\/euro-1500-3-300x212.jpg\" class=\"attachment-medium size-medium wp-image-2357\" alt=\"\" srcset=\"https:\/\/europoly.com\/wp-content\/uploads\/2024\/06\/euro-1500-3-300x212.jpg 300w, https:\/\/europoly.com\/wp-content\/uploads\/2024\/06\/euro-1500-3.jpg 463w\" sizes=\"(max-width: 300px) 100vw, 300px\" \/><\/div><\/a>\n\t\t\t\t<div class=\"elementor-post__text\">\n\t\t\t\t<h3 class=\"elementor-post__title\">\n\t\t\t<a href=\"https:\/\/europoly.com\/it\/realisation\/euro-1500-armadio-a-profondita-estesa-ip55-65\/\" >\n\t\t\t\tEURO 1500: Armadio a profondit\u00e0 estesa (IP55\/65)\t\t\t<\/a>\n\t\t<\/h3>\n\t\t\n\t\t<a class=\"elementor-post__read-more\" href=\"https:\/\/europoly.com\/it\/realisation\/euro-1500-armadio-a-profondita-estesa-ip55-65\/\" aria-label=\"Leggi tutto EURO 1500: Armadio a profondit\u00e0 estesa (IP55\/65)\" tabindex=\"-1\" >\n\t\t\tScoprire\t\t<\/a>\n\n\t\t\t\t<\/div>\n\t\t\t\t\t<\/div>\n\t\t<\/article>\n\t\t\t\t<article class=\"elementor-post elementor-grid-item post-3316 realisation type-realisation status-publish has-post-thumbnail hentry\" role=\"listitem\">\n\t\t\t<div class=\"elementor-post__card\">\n\t\t\t\t<a class=\"elementor-post__thumbnail__link\" href=\"https:\/\/europoly.com\/it\/realisation\/mini-euro-scatole-standard-ip65\/\" tabindex=\"-1\" ><div class=\"elementor-post__thumbnail\"><img loading=\"lazy\" decoding=\"async\" width=\"300\" height=\"212\" src=\"https:\/\/europoly.com\/wp-content\/uploads\/2024\/06\/mini-euro-3-300x212.jpg\" class=\"attachment-medium size-medium wp-image-2366\" alt=\"\" srcset=\"https:\/\/europoly.com\/wp-content\/uploads\/2024\/06\/mini-euro-3-300x212.jpg 300w, https:\/\/europoly.com\/wp-content\/uploads\/2024\/06\/mini-euro-3.jpg 463w\" sizes=\"(max-width: 300px) 100vw, 300px\" \/><\/div><\/a>\n\t\t\t\t<div class=\"elementor-post__text\">\n\t\t\t\t<h3 class=\"elementor-post__title\">\n\t\t\t<a href=\"https:\/\/europoly.com\/it\/realisation\/mini-euro-scatole-standard-ip65\/\" >\n\t\t\t\tMINI EURO: Scatole standard (IP65)\t\t\t<\/a>\n\t\t<\/h3>\n\t\t\n\t\t<a class=\"elementor-post__read-more\" href=\"https:\/\/europoly.com\/it\/realisation\/mini-euro-scatole-standard-ip65\/\" aria-label=\"Leggi tutto MINI EURO: Scatole standard (IP65)\" tabindex=\"-1\" >\n\t\t\tScoprire\t\t<\/a>\n\n\t\t\t\t<\/div>\n\t\t\t\t\t<\/div>\n\t\t<\/article>\n\t\t\t\t<\/div>\n\t\t\n\t\t\t\t\t\t<\/div>\n\t\t\t\t<\/div>\n\t\t\t\t\t<\/div>\n\t\t<\/div>\n\t\t\t\t\t<\/div>\n\t\t<\/section>\n\t\t\t\t<\/div>\n\t\t","protected":false},"excerpt":{"rendered":"<p>Le nostre realizzazioni Da oltre 24 anni Europoly \u00e8 leader nella produzione di armadi, cabine e contenitori in poliestere, GRP e fibra di vetro rinforzata.<\/p>\n","protected":false},"author":1,"featured_media":0,"parent":0,"menu_order":0,"comment_status":"closed","ping_status":"closed","template":"","meta":{"_acf_changed":false,"_monsterinsights_skip_tracking":false,"_monsterinsights_sitenote_active":false,"_monsterinsights_sitenote_note":"","_monsterinsights_sitenote_category":0,"footnotes":""},"class_list":["post-1822","page","type-page","status-publish","hentry"],"acf":[],"yoast_head":"<!-- This site is optimized with the Yoast SEO plugin v27.4 - https:\/\/yoast.com\/product\/yoast-seo-wordpress\/ -->\n<title>Le nostre realizzazioni - Europoly<\/title>\n<meta name=\"description\" content=\"Le nostre realizzazioni | Europoly, sp\u00e9cialiste des coffrets et armoires polyester pour environnements industriels exigeants.\" \/>\n<meta name=\"robots\" content=\"index, follow, max-snippet:-1, max-image-preview:large, max-video-preview:-1\" \/>\n<link rel=\"canonical\" href=\"https:\/\/europoly.com\/it\/realisation\/mini-euro-scatole-standard-ip65\/\" \/>\n<meta property=\"og:locale\" content=\"it_IT\" \/>\n<meta property=\"og:type\" content=\"article\" \/>\n<meta property=\"og:title\" content=\"Le nostre realizzazioni - Europoly\" \/>\n<meta property=\"og:description\" content=\"Le nostre realizzazioni | Europoly, sp\u00e9cialiste des coffrets et armoires polyester pour environnements industriels exigeants.\" \/>\n<meta property=\"og:url\" content=\"https:\/\/europoly.com\/it\/le-nostre-realizzazioni\/\" \/>\n<meta property=\"og:site_name\" content=\"Europoly\" \/>\n<meta property=\"article:modified_time\" content=\"2026-03-11T10:54:38+00:00\" \/>\n<meta property=\"og:image\" content=\"https:\/\/europoly.com\/wp-content\/uploads\/2023\/11\/mega-euro-photo1-min-1.jpg\" \/>\n\t<meta property=\"og:image:width\" content=\"700\" \/>\n\t<meta property=\"og:image:height\" content=\"525\" \/>\n\t<meta property=\"og:image:type\" content=\"image\/jpeg\" \/>\n<meta name=\"twitter:card\" content=\"summary_large_image\" \/>\n<script type=\"application\/ld+json\" class=\"yoast-schema-graph\">{\"@context\":\"https:\\\/\\\/schema.org\",\"@graph\":[{\"@type\":\"WebPage\",\"@id\":\"https:\\\/\\\/europoly.com\\\/it\\\/le-nostre-realizzazioni\\\/\",\"url\":\"https:\\\/\\\/europoly.com\\\/it\\\/le-nostre-realizzazioni\\\/\",\"name\":\"Le nostre realizzazioni - Europoly\",\"isPartOf\":{\"@id\":\"https:\\\/\\\/europoly.com\\\/#website\"},\"primaryImageOfPage\":{\"@id\":\"https:\\\/\\\/europoly.com\\\/it\\\/le-nostre-realizzazioni\\\/#primaryimage\"},\"image\":{\"@id\":\"https:\\\/\\\/europoly.com\\\/it\\\/le-nostre-realizzazioni\\\/#primaryimage\"},\"thumbnailUrl\":\"https:\\\/\\\/europoly.com\\\/wp-content\\\/uploads\\\/2023\\\/11\\\/mega-euro-photo1-min-1.jpg\",\"datePublished\":\"2023-10-20T05:53:35+00:00\",\"dateModified\":\"2026-03-11T10:54:38+00:00\",\"description\":\"Le nostre realizzazioni | Europoly, sp\u00e9cialiste des coffrets et armoires polyester pour environnements industriels exigeants.\",\"breadcrumb\":{\"@id\":\"https:\\\/\\\/europoly.com\\\/it\\\/le-nostre-realizzazioni\\\/#breadcrumb\"},\"inLanguage\":\"it-IT\",\"potentialAction\":[{\"@type\":\"ReadAction\",\"target\":[\"https:\\\/\\\/europoly.com\\\/it\\\/le-nostre-realizzazioni\\\/\"]}]},{\"@type\":\"ImageObject\",\"inLanguage\":\"it-IT\",\"@id\":\"https:\\\/\\\/europoly.com\\\/it\\\/le-nostre-realizzazioni\\\/#primaryimage\",\"url\":\"https:\\\/\\\/europoly.com\\\/wp-content\\\/uploads\\\/2023\\\/11\\\/mega-euro-photo1-min-1.jpg\",\"contentUrl\":\"https:\\\/\\\/europoly.com\\\/wp-content\\\/uploads\\\/2023\\\/11\\\/mega-euro-photo1-min-1.jpg\"},{\"@type\":\"BreadcrumbList\",\"@id\":\"https:\\\/\\\/europoly.com\\\/it\\\/le-nostre-realizzazioni\\\/#breadcrumb\",\"itemListElement\":[{\"@type\":\"ListItem\",\"position\":1,\"name\":\"Accueil\",\"item\":\"https:\\\/\\\/europoly.com\\\/it\\\/casa\\\/\"},{\"@type\":\"ListItem\",\"position\":2,\"name\":\"Le nostre realizzazioni\"}]},{\"@type\":\"WebSite\",\"@id\":\"https:\\\/\\\/europoly.com\\\/#website\",\"url\":\"https:\\\/\\\/europoly.com\\\/\",\"name\":\"Europoly\",\"description\":\"\",\"publisher\":{\"@id\":\"https:\\\/\\\/europoly.com\\\/#organization\"},\"potentialAction\":[{\"@type\":\"SearchAction\",\"target\":{\"@type\":\"EntryPoint\",\"urlTemplate\":\"https:\\\/\\\/europoly.com\\\/?s={search_term_string}\"},\"query-input\":{\"@type\":\"PropertyValueSpecification\",\"valueRequired\":true,\"valueName\":\"search_term_string\"}}],\"inLanguage\":\"it-IT\"},{\"@type\":\"Organization\",\"@id\":\"https:\\\/\\\/europoly.com\\\/#organization\",\"name\":\"Europoly\",\"url\":\"https:\\\/\\\/europoly.com\\\/\",\"logo\":{\"@type\":\"ImageObject\",\"inLanguage\":\"it-IT\",\"@id\":\"https:\\\/\\\/europoly.com\\\/#\\\/schema\\\/logo\\\/image\\\/\",\"url\":\"https:\\\/\\\/europoly.com\\\/wp-content\\\/uploads\\\/2023\\\/10\\\/Logo-europoly-fabricants-armoires-polyester.png\",\"contentUrl\":\"https:\\\/\\\/europoly.com\\\/wp-content\\\/uploads\\\/2023\\\/10\\\/Logo-europoly-fabricants-armoires-polyester.png\",\"width\":283,\"height\":369,\"caption\":\"Europoly\"},\"image\":{\"@id\":\"https:\\\/\\\/europoly.com\\\/#\\\/schema\\\/logo\\\/image\\\/\"}}]}<\/script>\n<!-- \/ Yoast SEO plugin. -->","yoast_head_json":{"title":"Le nostre realizzazioni - Europoly","description":"Le nostre realizzazioni | Europoly, sp\u00e9cialiste des coffrets et armoires polyester pour environnements industriels exigeants.","robots":{"index":"index","follow":"follow","max-snippet":"max-snippet:-1","max-image-preview":"max-image-preview:large","max-video-preview":"max-video-preview:-1"},"canonical":"https:\/\/europoly.com\/it\/realisation\/mini-euro-scatole-standard-ip65\/","og_locale":"it_IT","og_type":"article","og_title":"Le nostre realizzazioni - Europoly","og_description":"Le nostre realizzazioni | Europoly, sp\u00e9cialiste des coffrets et armoires polyester pour environnements industriels exigeants.","og_url":"https:\/\/europoly.com\/it\/le-nostre-realizzazioni\/","og_site_name":"Europoly","article_modified_time":"2026-03-11T10:54:38+00:00","og_image":[{"width":700,"height":525,"url":"https:\/\/europoly.com\/wp-content\/uploads\/2023\/11\/mega-euro-photo1-min-1.jpg","type":"image\/jpeg"}],"twitter_card":"summary_large_image","schema":{"@context":"https:\/\/schema.org","@graph":[{"@type":"WebPage","@id":"https:\/\/europoly.com\/it\/le-nostre-realizzazioni\/","url":"https:\/\/europoly.com\/it\/le-nostre-realizzazioni\/","name":"Le nostre realizzazioni - Europoly","isPartOf":{"@id":"https:\/\/europoly.com\/#website"},"primaryImageOfPage":{"@id":"https:\/\/europoly.com\/it\/le-nostre-realizzazioni\/#primaryimage"},"image":{"@id":"https:\/\/europoly.com\/it\/le-nostre-realizzazioni\/#primaryimage"},"thumbnailUrl":"https:\/\/europoly.com\/wp-content\/uploads\/2023\/11\/mega-euro-photo1-min-1.jpg","datePublished":"2023-10-20T05:53:35+00:00","dateModified":"2026-03-11T10:54:38+00:00","description":"Le nostre realizzazioni | Europoly, sp\u00e9cialiste des coffrets et armoires polyester pour environnements industriels exigeants.","breadcrumb":{"@id":"https:\/\/europoly.com\/it\/le-nostre-realizzazioni\/#breadcrumb"},"inLanguage":"it-IT","potentialAction":[{"@type":"ReadAction","target":["https:\/\/europoly.com\/it\/le-nostre-realizzazioni\/"]}]},{"@type":"ImageObject","inLanguage":"it-IT","@id":"https:\/\/europoly.com\/it\/le-nostre-realizzazioni\/#primaryimage","url":"https:\/\/europoly.com\/wp-content\/uploads\/2023\/11\/mega-euro-photo1-min-1.jpg","contentUrl":"https:\/\/europoly.com\/wp-content\/uploads\/2023\/11\/mega-euro-photo1-min-1.jpg"},{"@type":"BreadcrumbList","@id":"https:\/\/europoly.com\/it\/le-nostre-realizzazioni\/#breadcrumb","itemListElement":[{"@type":"ListItem","position":1,"name":"Accueil","item":"https:\/\/europoly.com\/it\/casa\/"},{"@type":"ListItem","position":2,"name":"Le nostre realizzazioni"}]},{"@type":"WebSite","@id":"https:\/\/europoly.com\/#website","url":"https:\/\/europoly.com\/","name":"Europoly","description":"","publisher":{"@id":"https:\/\/europoly.com\/#organization"},"potentialAction":[{"@type":"SearchAction","target":{"@type":"EntryPoint","urlTemplate":"https:\/\/europoly.com\/?s={search_term_string}"},"query-input":{"@type":"PropertyValueSpecification","valueRequired":true,"valueName":"search_term_string"}}],"inLanguage":"it-IT"},{"@type":"Organization","@id":"https:\/\/europoly.com\/#organization","name":"Europoly","url":"https:\/\/europoly.com\/","logo":{"@type":"ImageObject","inLanguage":"it-IT","@id":"https:\/\/europoly.com\/#\/schema\/logo\/image\/","url":"https:\/\/europoly.com\/wp-content\/uploads\/2023\/10\/Logo-europoly-fabricants-armoires-polyester.png","contentUrl":"https:\/\/europoly.com\/wp-content\/uploads\/2023\/10\/Logo-europoly-fabricants-armoires-polyester.png","width":283,"height":369,"caption":"Europoly"},"image":{"@id":"https:\/\/europoly.com\/#\/schema\/logo\/image\/"}}]}},"_links":{"self":[{"href":"https:\/\/europoly.com\/it\/wp-json\/wp\/v2\/pages\/1822","targetHints":{"allow":["GET"]}}],"collection":[{"href":"https:\/\/europoly.com\/it\/wp-json\/wp\/v2\/pages"}],"about":[{"href":"https:\/\/europoly.com\/it\/wp-json\/wp\/v2\/types\/page"}],"author":[{"embeddable":true,"href":"https:\/\/europoly.com\/it\/wp-json\/wp\/v2\/users\/1"}],"replies":[{"embeddable":true,"href":"https:\/\/europoly.com\/it\/wp-json\/wp\/v2\/comments?post=1822"}],"version-history":[{"count":3,"href":"https:\/\/europoly.com\/it\/wp-json\/wp\/v2\/pages\/1822\/revisions"}],"predecessor-version":[{"id":2748,"href":"https:\/\/europoly.com\/it\/wp-json\/wp\/v2\/pages\/1822\/revisions\/2748"}],"wp:attachment":[{"href":"https:\/\/europoly.com\/it\/wp-json\/wp\/v2\/media?parent=1822"}],"curies":[{"name":"wp","href":"https:\/\/api.w.org\/{rel}","templated":true}]}}