{"id":2784,"date":"2026-03-11T17:08:27","date_gmt":"2026-03-11T16:08:27","guid":{"rendered":"https:\/\/europoly.com\/informazioni-legali-2\/"},"modified":"2026-03-12T09:40:04","modified_gmt":"2026-03-12T08:40:04","slug":"informazioni-legali-2","status":"publish","type":"page","link":"https:\/\/europoly.com\/it\/informazioni-legali-2\/","title":{"rendered":"Informazioni legali"},"content":{"rendered":"\n<h2 class=\"wp-block-heading\">1. Presentazione del sito <\/h2>\n\n<p>Ai sensi dell&#8217;articolo 6 della legge n. 2004-575 del 21 giugno 2004 sulla fiducia nell&#8217;economia digitale, si precisa agli utenti del sito <a href=\"http:\/\/www.europoly.com\/\">www.europoly.com<\/a> l&#8217;identit\u00e0 dei diversi soggetti coinvolti nella sua realizzazione e nel suo monitoraggio:<\/p>\n\n<p><strong>Proprietario :<\/strong> Europoly<\/p>\n\n<p><strong>Ragione sociale <\/strong>: Europoly<\/p>\n\n<p><strong>Forma giuridica<\/strong> : SAS<\/p>\n\n<p>Capitale sociale : 220 000 \u20ac<\/p>\n\n<p><strong>Sede sociale : <\/strong><\/p>\n\n<p>399 rue de la Garenni\u00e8re<\/p>\n\n<p>PA des Plati\u00e8res<\/p>\n\n<p>69440 Mornant &#8211; France<\/p>\n\n<p><strong>Num\u00e9ro de SIREN<\/strong> : 423 528 124<\/p>\n\n<p><strong>Num\u00e9ro de TVA intracommunautaire<\/strong> : FR08 423528124<\/p>\n\n<p><strong>Cr\u00e9atore<\/strong> : <a href=\"https:\/\/avicom.fr\" type=\"link\" id=\"https:\/\/avicom.fr\">agence avicom<\/a><\/p>\n\n<p><strong>responsabile della pubblicazione :<\/strong> Europoly \u2013 <a>info@europoly.com<\/a><br\/>Il responsabile della pubblicazione \u00e8 una persona fisica o giuridica.<\/p>\n\n<p>Webmaster : <a href=\"http:\/\/avicom.fr\/\">agenzia avicom\u2019<\/a> \u2013 contact@avicom.fr<\/p>\n\n<div style=\"height:63px\" aria-hidden=\"true\" class=\"wp-block-spacer\"><\/div>\n\n<h2 class=\"wp-block-heading\">2. Condizioni generali di utilizzo del sito e dei servizi offerti<\/h2>\n\n<p>L\u2019utilizzo del sito <a href=\"http:\/\/www.europoly.com\/\">www.europoly.com<\/a> comporta l\u2019approvazione piena e intera delle condizioni generali d\u2019utilizzo qui sotto. Tale condizioni d\u2019utilizzo possono essere modificate o completate ad ogni momento, gli utenti del sito <a href=\"http:\/\/www.europoly.com\/\">www.europoly.com<\/a> sono quindi invitati a consultarle periodicamente.<\/p>\n\n<p>Questo sito \u00e8 normalmente accessibile agli utenti ad ogni momento. Tuttavia, un\u2019interruzione per motivo di manutenzione tecnica pu\u00f2 essere decisa da <a href=\"http:\/\/www.europoly.com\/\">www.europoly.com<\/a> che cercher\u00e0 di comunicare preventivamente agli utenti le date e ore dell\u2019intervento.<\/p>\n\n<p>nto. Il sito <a href=\"http:\/\/www.europoly.com\/\">www.europoly.com<\/a> \u00e8 aggiornato periodicamente da Europoly. Cosi\u2019 come le informazioni legali possono essere modificate ad ogni momento : le quali vengono applicate all\u2019utente che tuttavia \u00e8 invitato a controllare il pi\u00f9 spesso possibile affinch\u00e9 ne prenda conoscenza.<\/p>\n\n<div style=\"height:63px\" aria-hidden=\"true\" class=\"wp-block-spacer\"><\/div>\n\n<h2 class=\"wp-block-heading\">3. Descrizione dei servizi forniti<\/h2>\n\n<p>Il sito <a href=\"http:\/\/www.europoly.com\/\">www.europoly.com<\/a> ha per oggetto di fornire un\u2019informazione che riguarda l\u2019insieme delle attivit\u00e0 della societ\u00e0.<\/p>\n\n<p>Europoly cerca di proporre sul sito <a href=\"http:\/\/www.europoly.com\/\">www.europoly.com delle informazioni pi\u00f9 precise che possibile.<\/a> Toutefois, il ne pourra \u00eatre tenu responsable des omissions, des inexactitudes et des carences dans la mise \u00e0 jour, qu\u2019elles soient de son fait ou du fait des tiers partenaires qui lui fournissent ces informations.<\/p>\n\n<p>Toutes les informations indiqu\u00e9es sur le site <strong><a href=\"http:\/\/www.europoly.com\/\">www.europoly.com<\/a><\/strong> sont donn\u00e9es \u00e0 titre indicatif et sont susceptibles d\u2019\u00e9voluer. Tra l\u2019altro, le informazioni presenti sul sito <a href=\"http:\/\/www.europoly.com\/\">www.europoly.com<\/a> non sono esaustive. Sono dati sotto riserva di modifiche che sono state aggiunte alla la loro messa in rete.<\/p>\n\n<div style=\"height:63px\" aria-hidden=\"true\" class=\"wp-block-spacer\"><\/div>\n\n<h2 class=\"wp-block-heading\">4. Limitazioni contrattuali sui dati tecnici<\/h2>\n\n<p>Il sito utilizza la tecnologia JavaScript.<\/p>\n\n<p>Il sito internet non potr\u00e0 essere ritenuto responsabile dei danni materiali legati all\u2019utilizzo del sito. Inoltre, l&#8217;utente del sito si impegna ad accedere al sito utilizzando apparecchiature recenti, prive di virus e con un browser di ultima generazione aggiornato.<\/p>\n\n<div style=\"height:63px\" aria-hidden=\"true\" class=\"wp-block-spacer\"><\/div>\n\n<h2 class=\"wp-block-heading\">5. Propriet\u00e0 intellettuale e contraffazioni <\/h2>\n\n<p>Europoly \u00e8 titolare dei diritti di propriet\u00e0 intellettuale o detiene i diritti d&#8217;uso su tutti gli elementi accessibili sul sito, in particolare testi, immagini, grafici, loghi, icone, suoni e software.<\/p>\n\n<div style=\"height:63px\" aria-hidden=\"true\" class=\"wp-block-spacer\"><\/div>\n\n<h2 class=\"wp-block-heading\">6. Limitazioni di responsabilit\u00e0<\/h2>\n\n<p>Europoly non potr\u00e0 essere ritenuta responsabile per danni diretti e indiretti causati all&#8217;attrezzatura dell&#8217;utente durante l&#8217;accesso al sito www.europoly.com, derivanti dall&#8217;utilizzo di attrezzature non conformi alle specifiche indicate al punto 4, dalla comparsa di un bug o da un&#8217;incompatibilit\u00e0. <\/p>\n\n<p>Il sito utilizza la tecnologia JavaScript.<\/p>\n\n<p>Il sito internet non potr\u00e0 essere ritenuto responsabile dei danni materiali legati all\u2019utilizzo del sito. Inoltre, l&#8217;utente del sito si impegna ad accedere al sito utilizzando apparecchiature recenti, prive di virus e con un browser di ultima generazione aggiornato.<\/p>\n\n<div style=\"height:63px\" aria-hidden=\"true\" class=\"wp-block-spacer\"><\/div>\n\n<h2 class=\"wp-block-heading\">7. Gestion des donn\u00e9es personnelles <\/h2>\n\n<p>In Francia, i dati personali sono protetti in particolare dalla legge n. 78-87 del 6 gennaio 1978, dalla legge n. 2004-801 del 6 agosto 2004, dall&#8217;articolo L.226-13 del Codice penale e dalla Direttiva Europea del 24 ottobre 1995.<\/p>\n\n<p>Durante l&#8217;utilizzo del sito <strong><a href=\"http:\/\/www.europoly.com\/\">www.europoly.com<\/a><\/strong>, possono essere raccolti: l&#8217;URL dei link attraverso i quali l&#8217;utente ha effettuato l&#8217;accesso al sito <strong><a href=\"http:\/\/www.europoly.com\/\">www.europoly.com<\/a><\/strong>, il provider di accesso dell&#8217;utente, l&#8217;indirizzo IP (Internet Protocol) dell&#8217;utente.<\/p>\n\n<p>In ogni caso Europoly raccoglie delle informazioni personali relative all\u2019utente solo per il bisogno di certi servizi offerti dal sito <a href=\"http:\/\/www.europoly.com\/\">www.europoly.com.<\/a><\/p>\n\n<p>Conformemente alle disposizioni degli articoli 38 e seguenti della legge 78-17 del 6 gennaio 1978 relativa all&#8217;informatica, ai file e alle libert\u00e0, ogni utente ha il diritto di accedere, rettificare e opporsi ai dati personali che lo riguardano.<\/p>\n\n<div style=\"height:63px\" aria-hidden=\"true\" class=\"wp-block-spacer\"><\/div>\n\n<h2 class=\"wp-block-heading\">8. Collegamenti ipertestuali e cookie<\/h2>\n\n<p>In Francia, i dati personali sono protetti in particolare dalla legge n. 78-87 del 6 gennaio 1978, dalla legge n. 2004-801 del 6 agosto 2004, dall&#8217;articolo L.226-13 del Codice penale e dalla Direttiva Europea del 24 ottobre 1995.<\/p>\n\n<p>Durante l&#8217;utilizzo del sito <strong><a href=\"http:\/\/www.europoly.com\/\">www.europoly.com<\/a><\/strong>, possono essere raccolti: l&#8217;URL dei link attraverso i quali l&#8217;utente ha effettuato l&#8217;accesso al sito <strong><a href=\"http:\/\/www.europoly.com\/\">www.europoly.com<\/a><\/strong>, il provider di accesso dell&#8217;utente, l&#8217;indirizzo IP (Internet Protocol) dell&#8217;utente.<\/p>\n\n<p>In ogni caso Europoly raccoglie delle informazioni personali relative all\u2019utente solo per il bisogno di certi servizi offerti dal sito <a href=\"http:\/\/www.europoly.com\/\">www.europoly.com.<\/a><\/p>\n\n<p>Conformemente alle disposizioni degli articoli 38 e seguenti della legge 78-17 del 6 gennaio 1978 relativa all&#8217;informatica, ai file e alle libert\u00e0, ogni utente ha il diritto di accedere, rettificare e opporsi ai dati personali che lo riguardano.<\/p>\n\n<div style=\"height:63px\" aria-hidden=\"true\" class=\"wp-block-spacer\"><\/div>\n\n<h2 class=\"wp-block-heading\">9. Diritto applicabile e foro competente<\/h2>\n\n<p>Qualsiasi controversia relativa all&#8217;utilizzo del sito <a href=\"http:\/\/www.europoly.com\" type=\"link\" id=\"www.europoly.com\">www.europoly.com<\/a> \u00e8 soggetto al diritto francese. La competenza giurisdizionale \u00e8 attribuita in via esclusiva ai tribunali competenti. <\/p>\n\n<div style=\"height:63px\" aria-hidden=\"true\" class=\"wp-block-spacer\"><\/div>\n\n<h2 class=\"wp-block-heading\">10. Le principali leggi in questione<\/h2>\n\n<p>Legge n. 78-87 del 6 gennaio 1978 relativa all&#8217;informatica, ai file e alle libert\u00e0.<\/p>\n\n<p>Legge n. 2004-575 del 21 giugno 2004 sulla fiducia nell&#8217;economia digitale.<\/p>\n\n<div style=\"height:63px\" aria-hidden=\"true\" class=\"wp-block-spacer\"><\/div>\n\n<h2 class=\"wp-block-heading\">11. Lessico<\/h2>\n\n<p>Utente: utente Internet che si connette e utilizza il sito sopra indicato. <\/p>\n\n<p>Informazioni personali: \u201cle informazioni che consentono, in qualsiasi forma, direttamente o indirettamente, l&#8217;identificazione delle persone fisiche a cui si riferiscono\u201d. <\/p>\n\n<p><\/p>\n","protected":false},"excerpt":{"rendered":"<p>1. Presentazione del sito Ai sensi dell&#8217;articolo 6 della legge n. 2004-575 del 21 giugno 2004 sulla fiducia nell&#8217;economia digitale, si precisa agli utenti del sito www.europoly.com l&#8217;identit\u00e0 dei diversi soggetti coinvolti nella sua realizzazione e nel suo monitoraggio: Proprietario : Europoly Ragione sociale : Europoly Forma giuridica : SAS Capitale sociale : 220 000 [&hellip;]<\/p>\n","protected":false},"author":241,"featured_media":0,"parent":0,"menu_order":0,"comment_status":"closed","ping_status":"closed","template":"","meta":{"_acf_changed":false,"_monsterinsights_skip_tracking":false,"_monsterinsights_sitenote_active":false,"_monsterinsights_sitenote_note":"","_monsterinsights_sitenote_category":0,"footnotes":""},"class_list":["post-2784","page","type-page","status-publish","hentry"],"acf":[],"yoast_head":"<!-- This site is optimized with the Yoast SEO plugin v27.4 - https:\/\/yoast.com\/product\/yoast-seo-wordpress\/ -->\n<title>Informazioni legali - Europoly<\/title>\n<meta name=\"description\" content=\"Note legali del sito Europoly: informazioni sull&#039;editore del sito, l&#039;hosting, la propriet\u00e0 intellettuale e le condizioni d&#039;uso.\" \/>\n<meta name=\"robots\" content=\"index, follow, max-snippet:-1, max-image-preview:large, max-video-preview:-1\" \/>\n<link rel=\"canonical\" href=\"https:\/\/europoly.com\/it\/informazioni-legali-2\/\" \/>\n<meta property=\"og:locale\" content=\"it_IT\" \/>\n<meta property=\"og:type\" content=\"article\" \/>\n<meta property=\"og:title\" content=\"Informazioni legali - Europoly\" \/>\n<meta property=\"og:description\" content=\"Note legali del sito Europoly: informazioni sull&#039;editore del sito, l&#039;hosting, la propriet\u00e0 intellettuale e le condizioni d&#039;uso.\" \/>\n<meta property=\"og:url\" content=\"https:\/\/europoly.com\/it\/informazioni-legali-2\/\" \/>\n<meta property=\"og:site_name\" content=\"Europoly\" \/>\n<meta property=\"article:modified_time\" content=\"2026-03-12T08:40:04+00:00\" \/>\n<meta name=\"twitter:card\" content=\"summary_large_image\" \/>\n<meta name=\"twitter:label1\" content=\"Tempo di lettura stimato\" \/>\n\t<meta name=\"twitter:data1\" content=\"4 minuti\" \/>\n<script type=\"application\/ld+json\" class=\"yoast-schema-graph\">{\"@context\":\"https:\\\/\\\/schema.org\",\"@graph\":[{\"@type\":\"WebPage\",\"@id\":\"https:\\\/\\\/europoly.com\\\/it\\\/informazioni-legali-2\\\/\",\"url\":\"https:\\\/\\\/europoly.com\\\/it\\\/informazioni-legali-2\\\/\",\"name\":\"Informazioni legali - Europoly\",\"isPartOf\":{\"@id\":\"https:\\\/\\\/europoly.com\\\/#website\"},\"datePublished\":\"2026-03-11T16:08:27+00:00\",\"dateModified\":\"2026-03-12T08:40:04+00:00\",\"description\":\"Note legali del sito Europoly: informazioni sull'editore del sito, l'hosting, la propriet\u00e0 intellettuale e le condizioni d'uso.\",\"breadcrumb\":{\"@id\":\"https:\\\/\\\/europoly.com\\\/it\\\/informazioni-legali-2\\\/#breadcrumb\"},\"inLanguage\":\"it-IT\",\"potentialAction\":[{\"@type\":\"ReadAction\",\"target\":[\"https:\\\/\\\/europoly.com\\\/it\\\/informazioni-legali-2\\\/\"]}]},{\"@type\":\"BreadcrumbList\",\"@id\":\"https:\\\/\\\/europoly.com\\\/it\\\/informazioni-legali-2\\\/#breadcrumb\",\"itemListElement\":[{\"@type\":\"ListItem\",\"position\":1,\"name\":\"Accueil\",\"item\":\"https:\\\/\\\/europoly.com\\\/it\\\/casa\\\/\"},{\"@type\":\"ListItem\",\"position\":2,\"name\":\"Informazioni legali\"}]},{\"@type\":\"WebSite\",\"@id\":\"https:\\\/\\\/europoly.com\\\/#website\",\"url\":\"https:\\\/\\\/europoly.com\\\/\",\"name\":\"Europoly\",\"description\":\"\",\"publisher\":{\"@id\":\"https:\\\/\\\/europoly.com\\\/#organization\"},\"potentialAction\":[{\"@type\":\"SearchAction\",\"target\":{\"@type\":\"EntryPoint\",\"urlTemplate\":\"https:\\\/\\\/europoly.com\\\/?s={search_term_string}\"},\"query-input\":{\"@type\":\"PropertyValueSpecification\",\"valueRequired\":true,\"valueName\":\"search_term_string\"}}],\"inLanguage\":\"it-IT\"},{\"@type\":\"Organization\",\"@id\":\"https:\\\/\\\/europoly.com\\\/#organization\",\"name\":\"Europoly\",\"url\":\"https:\\\/\\\/europoly.com\\\/\",\"logo\":{\"@type\":\"ImageObject\",\"inLanguage\":\"it-IT\",\"@id\":\"https:\\\/\\\/europoly.com\\\/#\\\/schema\\\/logo\\\/image\\\/\",\"url\":\"https:\\\/\\\/europoly.com\\\/wp-content\\\/uploads\\\/2023\\\/10\\\/Logo-europoly-fabricants-armoires-polyester.png\",\"contentUrl\":\"https:\\\/\\\/europoly.com\\\/wp-content\\\/uploads\\\/2023\\\/10\\\/Logo-europoly-fabricants-armoires-polyester.png\",\"width\":283,\"height\":369,\"caption\":\"Europoly\"},\"image\":{\"@id\":\"https:\\\/\\\/europoly.com\\\/#\\\/schema\\\/logo\\\/image\\\/\"}}]}<\/script>\n<!-- \/ Yoast SEO plugin. -->","yoast_head_json":{"title":"Informazioni legali - Europoly","description":"Note legali del sito Europoly: informazioni sull'editore del sito, l'hosting, la propriet\u00e0 intellettuale e le condizioni d'uso.","robots":{"index":"index","follow":"follow","max-snippet":"max-snippet:-1","max-image-preview":"max-image-preview:large","max-video-preview":"max-video-preview:-1"},"canonical":"https:\/\/europoly.com\/it\/informazioni-legali-2\/","og_locale":"it_IT","og_type":"article","og_title":"Informazioni legali - Europoly","og_description":"Note legali del sito Europoly: informazioni sull'editore del sito, l'hosting, la propriet\u00e0 intellettuale e le condizioni d'uso.","og_url":"https:\/\/europoly.com\/it\/informazioni-legali-2\/","og_site_name":"Europoly","article_modified_time":"2026-03-12T08:40:04+00:00","twitter_card":"summary_large_image","twitter_misc":{"Tempo di lettura stimato":"4 minuti"},"schema":{"@context":"https:\/\/schema.org","@graph":[{"@type":"WebPage","@id":"https:\/\/europoly.com\/it\/informazioni-legali-2\/","url":"https:\/\/europoly.com\/it\/informazioni-legali-2\/","name":"Informazioni legali - Europoly","isPartOf":{"@id":"https:\/\/europoly.com\/#website"},"datePublished":"2026-03-11T16:08:27+00:00","dateModified":"2026-03-12T08:40:04+00:00","description":"Note legali del sito Europoly: informazioni sull'editore del sito, l'hosting, la propriet\u00e0 intellettuale e le condizioni d'uso.","breadcrumb":{"@id":"https:\/\/europoly.com\/it\/informazioni-legali-2\/#breadcrumb"},"inLanguage":"it-IT","potentialAction":[{"@type":"ReadAction","target":["https:\/\/europoly.com\/it\/informazioni-legali-2\/"]}]},{"@type":"BreadcrumbList","@id":"https:\/\/europoly.com\/it\/informazioni-legali-2\/#breadcrumb","itemListElement":[{"@type":"ListItem","position":1,"name":"Accueil","item":"https:\/\/europoly.com\/it\/casa\/"},{"@type":"ListItem","position":2,"name":"Informazioni legali"}]},{"@type":"WebSite","@id":"https:\/\/europoly.com\/#website","url":"https:\/\/europoly.com\/","name":"Europoly","description":"","publisher":{"@id":"https:\/\/europoly.com\/#organization"},"potentialAction":[{"@type":"SearchAction","target":{"@type":"EntryPoint","urlTemplate":"https:\/\/europoly.com\/?s={search_term_string}"},"query-input":{"@type":"PropertyValueSpecification","valueRequired":true,"valueName":"search_term_string"}}],"inLanguage":"it-IT"},{"@type":"Organization","@id":"https:\/\/europoly.com\/#organization","name":"Europoly","url":"https:\/\/europoly.com\/","logo":{"@type":"ImageObject","inLanguage":"it-IT","@id":"https:\/\/europoly.com\/#\/schema\/logo\/image\/","url":"https:\/\/europoly.com\/wp-content\/uploads\/2023\/10\/Logo-europoly-fabricants-armoires-polyester.png","contentUrl":"https:\/\/europoly.com\/wp-content\/uploads\/2023\/10\/Logo-europoly-fabricants-armoires-polyester.png","width":283,"height":369,"caption":"Europoly"},"image":{"@id":"https:\/\/europoly.com\/#\/schema\/logo\/image\/"}}]}},"_links":{"self":[{"href":"https:\/\/europoly.com\/it\/wp-json\/wp\/v2\/pages\/2784","targetHints":{"allow":["GET"]}}],"collection":[{"href":"https:\/\/europoly.com\/it\/wp-json\/wp\/v2\/pages"}],"about":[{"href":"https:\/\/europoly.com\/it\/wp-json\/wp\/v2\/types\/page"}],"author":[{"embeddable":true,"href":"https:\/\/europoly.com\/it\/wp-json\/wp\/v2\/users\/241"}],"replies":[{"embeddable":true,"href":"https:\/\/europoly.com\/it\/wp-json\/wp\/v2\/comments?post=2784"}],"version-history":[{"count":1,"href":"https:\/\/europoly.com\/it\/wp-json\/wp\/v2\/pages\/2784\/revisions"}],"predecessor-version":[{"id":2785,"href":"https:\/\/europoly.com\/it\/wp-json\/wp\/v2\/pages\/2784\/revisions\/2785"}],"wp:attachment":[{"href":"https:\/\/europoly.com\/it\/wp-json\/wp\/v2\/media?parent=2784"}],"curies":[{"name":"wp","href":"https:\/\/api.w.org\/{rel}","templated":true}]}}