{"id":1899,"date":"2024-03-26T16:14:19","date_gmt":"2024-03-26T15:14:19","guid":{"rendered":"https:\/\/europoly.com\/?post_type=product&#038;p=1899"},"modified":"2024-06-26T15:32:11","modified_gmt":"2024-06-26T13:32:11","slug":"avalanches","status":"publish","type":"product","link":"https:\/\/europoly.com\/produit\/avalanches\/","title":{"rendered":"Avalanches"},"content":{"rendered":"<p>EUROPOLY, en collaboration \u00e9troite avec son client, a con\u00e7u, r\u00e9alis\u00e9 les outillages d\u2019une cabine permettant de d\u00e9clencher les avalanches \u00e0 distance.<\/p>\n<p>Notre \u00e9quipe du bureau d\u2019\u00e9tudes et d\u00e9veloppements a analys\u00e9 le cahier des charges du client puis a r\u00e9alis\u00e9 les plans de conception et d\u2019outillages. Enfin EUROPOLY, une fois les \u00e9tudes et les outillages termin\u00e9s, a pris en charge la fabrication des cabines polyester. Le d\u00e9fi technique \u00e9tait fort aussi bien pour notre client que pour nous. Des caract\u00e9ristiques sp\u00e9cifiques devaient \u00eatre respect\u00e9es comme la compatibilit\u00e9 \u00e9lectromagn\u00e9tique, l\u2019isolation thermique, la rigidit\u00e9 globale de la cabine tr\u00e8s \u00e9lev\u00e9e car h\u00e9liport\u00e9e, avec tout son mat\u00e9riel int\u00e9rieur install\u00e9, en haut des sommets parfois \u00e0 plus de 4000 m\u00e8tres.<\/p>\n<p>Gr\u00e2ce aux comp\u00e9tences des deux soci\u00e9t\u00e9s nous avons pu r\u00e9aliser une cabine qui est tr\u00e8s demand\u00e9e et s\u2019installe partout dans le monde.<\/p>\n","protected":false},"excerpt":{"rendered":"<p>EUROPOLY, en collaboration \u00e9troite avec son client, a con\u00e7u, r\u00e9alis\u00e9 les outillages d\u2019une cabine permettant de d\u00e9clencher les avalanches \u00e0 distance. Notre \u00e9quipe du bureau d\u2019\u00e9tudes et d\u00e9veloppements a analys\u00e9 le cahier des charges du client puis a r\u00e9alis\u00e9 les plans de conception et d\u2019outillages. Enfin EUROPOLY, une fois les \u00e9tudes et les outillages termin\u00e9s, [&hellip;]<\/p>\n","protected":false},"featured_media":1900,"comment_status":"closed","ping_status":"closed","template":"","meta":{"_acf_changed":false,"_monsterinsights_skip_tracking":false,"_monsterinsights_sitenote_active":false,"_monsterinsights_sitenote_note":"","_monsterinsights_sitenote_category":0},"product_brand":[],"product_cat":[56],"product_tag":[],"class_list":{"0":"post-1899","1":"product","2":"type-product","3":"status-publish","4":"has-post-thumbnail","6":"product_cat-sur-mesure","8":"first","9":"instock","10":"shipping-taxable","11":"product-type-simple"},"acf":[],"yoast_head":"<!-- This site is optimized with the Yoast SEO plugin v27.3 - https:\/\/yoast.com\/product\/yoast-seo-wordpress\/ -->\n<title>Avalanches - Europoly<\/title>\n<meta name=\"description\" content=\"Avalanches \u2013 Coffrets et armoires polyester haute r\u00e9sistance pour applications industrielles. Fabrication Europoly, sp\u00e9cialiste des solutions polyester.\" \/>\n<meta name=\"robots\" content=\"index, follow, max-snippet:-1, max-image-preview:large, max-video-preview:-1\" \/>\n<link rel=\"canonical\" href=\"https:\/\/europoly.com\/produit\/avalanches\/\" \/>\n<meta property=\"og:locale\" content=\"it_IT\" \/>\n<meta property=\"og:type\" content=\"article\" \/>\n<meta property=\"og:title\" content=\"Avalanches - Europoly\" \/>\n<meta property=\"og:description\" content=\"Avalanches \u2013 Coffrets et armoires polyester haute r\u00e9sistance pour applications industrielles. Fabrication Europoly, sp\u00e9cialiste des solutions polyester.\" \/>\n<meta property=\"og:url\" content=\"https:\/\/europoly.com\/produit\/avalanches\/\" \/>\n<meta property=\"og:site_name\" content=\"Europoly\" \/>\n<meta property=\"article:modified_time\" content=\"2024-06-26T13:32:11+00:00\" \/>\n<meta property=\"og:image\" content=\"https:\/\/europoly.com\/wp-content\/uploads\/2024\/03\/armoires_coffrets_polyester_abri_avalanche_xl.jpg\" \/>\n\t<meta property=\"og:image:width\" content=\"650\" \/>\n\t<meta property=\"og:image:height\" content=\"606\" \/>\n\t<meta property=\"og:image:type\" content=\"image\/jpeg\" \/>\n<meta name=\"twitter:card\" content=\"summary_large_image\" \/>\n<meta name=\"twitter:label1\" content=\"Tempo di lettura stimato\" \/>\n\t<meta name=\"twitter:data1\" content=\"1 minuto\" \/>\n<script type=\"application\/ld+json\" class=\"yoast-schema-graph\">{\"@context\":\"https:\\\/\\\/schema.org\",\"@graph\":[{\"@type\":\"WebPage\",\"@id\":\"https:\\\/\\\/europoly.com\\\/produit\\\/avalanches\\\/\",\"url\":\"https:\\\/\\\/europoly.com\\\/produit\\\/avalanches\\\/\",\"name\":\"Avalanches - Europoly\",\"isPartOf\":{\"@id\":\"https:\\\/\\\/europoly.com\\\/#website\"},\"primaryImageOfPage\":{\"@id\":\"https:\\\/\\\/europoly.com\\\/produit\\\/avalanches\\\/#primaryimage\"},\"image\":{\"@id\":\"https:\\\/\\\/europoly.com\\\/produit\\\/avalanches\\\/#primaryimage\"},\"thumbnailUrl\":\"https:\\\/\\\/europoly.com\\\/wp-content\\\/uploads\\\/2024\\\/03\\\/armoires_coffrets_polyester_abri_avalanche_xl.jpg\",\"datePublished\":\"2024-03-26T15:14:19+00:00\",\"dateModified\":\"2024-06-26T13:32:11+00:00\",\"description\":\"Avalanches \u2013 Coffrets et armoires polyester haute r\u00e9sistance pour applications industrielles. Fabrication Europoly, sp\u00e9cialiste des solutions polyester.\",\"breadcrumb\":{\"@id\":\"https:\\\/\\\/europoly.com\\\/produit\\\/avalanches\\\/#breadcrumb\"},\"inLanguage\":\"it-IT\",\"potentialAction\":[{\"@type\":\"ReadAction\",\"target\":[\"https:\\\/\\\/europoly.com\\\/produit\\\/avalanches\\\/\"]}]},{\"@type\":\"ImageObject\",\"inLanguage\":\"it-IT\",\"@id\":\"https:\\\/\\\/europoly.com\\\/produit\\\/avalanches\\\/#primaryimage\",\"url\":\"https:\\\/\\\/europoly.com\\\/wp-content\\\/uploads\\\/2024\\\/03\\\/armoires_coffrets_polyester_abri_avalanche_xl.jpg\",\"contentUrl\":\"https:\\\/\\\/europoly.com\\\/wp-content\\\/uploads\\\/2024\\\/03\\\/armoires_coffrets_polyester_abri_avalanche_xl.jpg\",\"width\":650,\"height\":606},{\"@type\":\"BreadcrumbList\",\"@id\":\"https:\\\/\\\/europoly.com\\\/produit\\\/avalanches\\\/#breadcrumb\",\"itemListElement\":[{\"@type\":\"ListItem\",\"position\":1,\"name\":\"Accueil\",\"item\":\"https:\\\/\\\/europoly.com\\\/it\\\/casa\\\/\"},{\"@type\":\"ListItem\",\"position\":2,\"name\":\"Cieco\",\"item\":\"https:\\\/\\\/europoly.com\\\/it\\\/negozio\\\/\"},{\"@type\":\"ListItem\",\"position\":3,\"name\":\"Avalanches\"}]},{\"@type\":\"WebSite\",\"@id\":\"https:\\\/\\\/europoly.com\\\/#website\",\"url\":\"https:\\\/\\\/europoly.com\\\/\",\"name\":\"Europoly\",\"description\":\"\",\"publisher\":{\"@id\":\"https:\\\/\\\/europoly.com\\\/#organization\"},\"potentialAction\":[{\"@type\":\"SearchAction\",\"target\":{\"@type\":\"EntryPoint\",\"urlTemplate\":\"https:\\\/\\\/europoly.com\\\/?s={search_term_string}\"},\"query-input\":{\"@type\":\"PropertyValueSpecification\",\"valueRequired\":true,\"valueName\":\"search_term_string\"}}],\"inLanguage\":\"it-IT\"},{\"@type\":\"Organization\",\"@id\":\"https:\\\/\\\/europoly.com\\\/#organization\",\"name\":\"Europoly\",\"url\":\"https:\\\/\\\/europoly.com\\\/\",\"logo\":{\"@type\":\"ImageObject\",\"inLanguage\":\"it-IT\",\"@id\":\"https:\\\/\\\/europoly.com\\\/#\\\/schema\\\/logo\\\/image\\\/\",\"url\":\"https:\\\/\\\/europoly.com\\\/wp-content\\\/uploads\\\/2023\\\/10\\\/Logo-europoly-fabricants-armoires-polyester.png\",\"contentUrl\":\"https:\\\/\\\/europoly.com\\\/wp-content\\\/uploads\\\/2023\\\/10\\\/Logo-europoly-fabricants-armoires-polyester.png\",\"width\":283,\"height\":369,\"caption\":\"Europoly\"},\"image\":{\"@id\":\"https:\\\/\\\/europoly.com\\\/#\\\/schema\\\/logo\\\/image\\\/\"}}]}<\/script>\n<!-- \/ Yoast SEO plugin. -->","yoast_head_json":{"title":"Avalanches - Europoly","description":"Avalanches \u2013 Coffrets et armoires polyester haute r\u00e9sistance pour applications industrielles. Fabrication Europoly, sp\u00e9cialiste des solutions polyester.","robots":{"index":"index","follow":"follow","max-snippet":"max-snippet:-1","max-image-preview":"max-image-preview:large","max-video-preview":"max-video-preview:-1"},"canonical":"https:\/\/europoly.com\/produit\/avalanches\/","og_locale":"it_IT","og_type":"article","og_title":"Avalanches - Europoly","og_description":"Avalanches \u2013 Coffrets et armoires polyester haute r\u00e9sistance pour applications industrielles. Fabrication Europoly, sp\u00e9cialiste des solutions polyester.","og_url":"https:\/\/europoly.com\/produit\/avalanches\/","og_site_name":"Europoly","article_modified_time":"2024-06-26T13:32:11+00:00","og_image":[{"width":650,"height":606,"url":"https:\/\/europoly.com\/wp-content\/uploads\/2024\/03\/armoires_coffrets_polyester_abri_avalanche_xl.jpg","type":"image\/jpeg"}],"twitter_card":"summary_large_image","twitter_misc":{"Tempo di lettura stimato":"1 minuto"},"schema":{"@context":"https:\/\/schema.org","@graph":[{"@type":"WebPage","@id":"https:\/\/europoly.com\/produit\/avalanches\/","url":"https:\/\/europoly.com\/produit\/avalanches\/","name":"Avalanches - Europoly","isPartOf":{"@id":"https:\/\/europoly.com\/#website"},"primaryImageOfPage":{"@id":"https:\/\/europoly.com\/produit\/avalanches\/#primaryimage"},"image":{"@id":"https:\/\/europoly.com\/produit\/avalanches\/#primaryimage"},"thumbnailUrl":"https:\/\/europoly.com\/wp-content\/uploads\/2024\/03\/armoires_coffrets_polyester_abri_avalanche_xl.jpg","datePublished":"2024-03-26T15:14:19+00:00","dateModified":"2024-06-26T13:32:11+00:00","description":"Avalanches \u2013 Coffrets et armoires polyester haute r\u00e9sistance pour applications industrielles. Fabrication Europoly, sp\u00e9cialiste des solutions polyester.","breadcrumb":{"@id":"https:\/\/europoly.com\/produit\/avalanches\/#breadcrumb"},"inLanguage":"it-IT","potentialAction":[{"@type":"ReadAction","target":["https:\/\/europoly.com\/produit\/avalanches\/"]}]},{"@type":"ImageObject","inLanguage":"it-IT","@id":"https:\/\/europoly.com\/produit\/avalanches\/#primaryimage","url":"https:\/\/europoly.com\/wp-content\/uploads\/2024\/03\/armoires_coffrets_polyester_abri_avalanche_xl.jpg","contentUrl":"https:\/\/europoly.com\/wp-content\/uploads\/2024\/03\/armoires_coffrets_polyester_abri_avalanche_xl.jpg","width":650,"height":606},{"@type":"BreadcrumbList","@id":"https:\/\/europoly.com\/produit\/avalanches\/#breadcrumb","itemListElement":[{"@type":"ListItem","position":1,"name":"Accueil","item":"https:\/\/europoly.com\/it\/casa\/"},{"@type":"ListItem","position":2,"name":"Cieco","item":"https:\/\/europoly.com\/it\/negozio\/"},{"@type":"ListItem","position":3,"name":"Avalanches"}]},{"@type":"WebSite","@id":"https:\/\/europoly.com\/#website","url":"https:\/\/europoly.com\/","name":"Europoly","description":"","publisher":{"@id":"https:\/\/europoly.com\/#organization"},"potentialAction":[{"@type":"SearchAction","target":{"@type":"EntryPoint","urlTemplate":"https:\/\/europoly.com\/?s={search_term_string}"},"query-input":{"@type":"PropertyValueSpecification","valueRequired":true,"valueName":"search_term_string"}}],"inLanguage":"it-IT"},{"@type":"Organization","@id":"https:\/\/europoly.com\/#organization","name":"Europoly","url":"https:\/\/europoly.com\/","logo":{"@type":"ImageObject","inLanguage":"it-IT","@id":"https:\/\/europoly.com\/#\/schema\/logo\/image\/","url":"https:\/\/europoly.com\/wp-content\/uploads\/2023\/10\/Logo-europoly-fabricants-armoires-polyester.png","contentUrl":"https:\/\/europoly.com\/wp-content\/uploads\/2023\/10\/Logo-europoly-fabricants-armoires-polyester.png","width":283,"height":369,"caption":"Europoly"},"image":{"@id":"https:\/\/europoly.com\/#\/schema\/logo\/image\/"}}]}},"_links":{"self":[{"href":"https:\/\/europoly.com\/it\/wp-json\/wp\/v2\/product\/1899","targetHints":{"allow":["GET"]}}],"collection":[{"href":"https:\/\/europoly.com\/it\/wp-json\/wp\/v2\/product"}],"about":[{"href":"https:\/\/europoly.com\/it\/wp-json\/wp\/v2\/types\/product"}],"replies":[{"embeddable":true,"href":"https:\/\/europoly.com\/it\/wp-json\/wp\/v2\/comments?post=1899"}],"wp:featuredmedia":[{"embeddable":true,"href":"https:\/\/europoly.com\/it\/wp-json\/wp\/v2\/media\/1900"}],"wp:attachment":[{"href":"https:\/\/europoly.com\/it\/wp-json\/wp\/v2\/media?parent=1899"}],"wp:term":[{"taxonomy":"product_brand","embeddable":true,"href":"https:\/\/europoly.com\/it\/wp-json\/wp\/v2\/product_brand?post=1899"},{"taxonomy":"product_cat","embeddable":true,"href":"https:\/\/europoly.com\/it\/wp-json\/wp\/v2\/product_cat?post=1899"},{"taxonomy":"product_tag","embeddable":true,"href":"https:\/\/europoly.com\/it\/wp-json\/wp\/v2\/product_tag?post=1899"}],"curies":[{"name":"wp","href":"https:\/\/api.w.org\/{rel}","templated":true}]}}