{"id":2722,"date":"2024-03-26T16:18:29","date_gmt":"2024-03-26T15:18:29","guid":{"rendered":"https:\/\/europoly.com\/produit\/scatola-batterie\/"},"modified":"2024-03-26T16:18:29","modified_gmt":"2024-03-26T15:18:29","slug":"scatola-batterie","status":"publish","type":"product","link":"https:\/\/europoly.com\/it\/produit\/scatola-batterie\/","title":{"rendered":"Scatola batterie"},"content":{"rendered":"<p>SCATOLA BATTERIE<br \/>\nEuropoly ha progettato un armadio appositamente destinato alla protezione delle batterie. Questo armadio a due ripiani pu\u00f2 contenere 22 batterie per un peso complessivo di 400 kg. \u00c8 stato previsto un bacino di raccolta in resina DERACANE per recuperare eventuali depositi di acido. Sul tetto \u00e8 stato realizzato uno sportello girevole, mantenuto in posizione aperta da un fermo integrato nello stampo. Questo sportello consente l&#8217;accesso diretto alle batterie dall&#8217;alto.    <\/p>\n","protected":false},"excerpt":{"rendered":"<p>SCATOLA BATTERIE Europoly ha progettato un armadio appositamente destinato alla protezione delle batterie. Questo armadio a due ripiani pu\u00f2 contenere 22 batterie per un peso complessivo di 400 kg. \u00c8 stato previsto un bacino di raccolta in resina DERACANE per recuperare eventuali depositi di acido. Sul tetto \u00e8 stato realizzato uno sportello girevole, mantenuto in [&hellip;]<\/p>\n","protected":false},"featured_media":1919,"comment_status":"closed","ping_status":"closed","template":"","meta":{"_acf_changed":false,"_monsterinsights_skip_tracking":false,"_monsterinsights_sitenote_active":false,"_monsterinsights_sitenote_note":"","_monsterinsights_sitenote_category":0},"product_brand":[],"product_cat":[61],"product_tag":[],"class_list":{"0":"post-2722","1":"product","2":"type-product","3":"status-publish","4":"has-post-thumbnail","6":"product_cat-su-misura","8":"first","9":"instock","10":"shipping-taxable","11":"product-type-simple"},"acf":[],"yoast_head":"<!-- This site is optimized with the Yoast SEO plugin v27.4 - https:\/\/yoast.com\/product\/yoast-seo-wordpress\/ -->\n<title>Scatola batterie - Europoly<\/title>\n<meta name=\"description\" content=\"Scatola batterie \u2013 Coffrets et armoires polyester haute r\u00e9sistance pour applications industrielles. Fabrication Europoly, sp\u00e9cialiste des solutions polyester.\" \/>\n<meta name=\"robots\" content=\"index, follow, max-snippet:-1, max-image-preview:large, max-video-preview:-1\" \/>\n<link rel=\"canonical\" href=\"https:\/\/europoly.com\/it\/produit\/scatola-batterie\/\" \/>\n<meta property=\"og:locale\" content=\"it_IT\" \/>\n<meta property=\"og:type\" content=\"article\" \/>\n<meta property=\"og:title\" content=\"Scatola batterie - Europoly\" \/>\n<meta property=\"og:description\" content=\"Scatola batterie \u2013 Coffrets et armoires polyester haute r\u00e9sistance pour applications industrielles. Fabrication Europoly, sp\u00e9cialiste des solutions polyester.\" \/>\n<meta property=\"og:url\" content=\"https:\/\/europoly.com\/it\/produit\/scatola-batterie\/\" \/>\n<meta property=\"og:site_name\" content=\"Europoly\" \/>\n<meta property=\"og:image\" content=\"https:\/\/europoly.com\/wp-content\/uploads\/2024\/03\/armoires_coffrets_polyester_coffret_batterie_xl.jpg\" \/>\n\t<meta property=\"og:image:width\" content=\"300\" \/>\n\t<meta property=\"og:image:height\" content=\"584\" \/>\n\t<meta property=\"og:image:type\" content=\"image\/jpeg\" \/>\n<meta name=\"twitter:card\" content=\"summary_large_image\" \/>\n<script type=\"application\/ld+json\" class=\"yoast-schema-graph\">{\"@context\":\"https:\\\/\\\/schema.org\",\"@graph\":[{\"@type\":\"WebPage\",\"@id\":\"https:\\\/\\\/europoly.com\\\/it\\\/produit\\\/scatola-batterie\\\/\",\"url\":\"https:\\\/\\\/europoly.com\\\/it\\\/produit\\\/scatola-batterie\\\/\",\"name\":\"Scatola batterie - Europoly\",\"isPartOf\":{\"@id\":\"https:\\\/\\\/europoly.com\\\/#website\"},\"primaryImageOfPage\":{\"@id\":\"https:\\\/\\\/europoly.com\\\/it\\\/produit\\\/scatola-batterie\\\/#primaryimage\"},\"image\":{\"@id\":\"https:\\\/\\\/europoly.com\\\/it\\\/produit\\\/scatola-batterie\\\/#primaryimage\"},\"thumbnailUrl\":\"https:\\\/\\\/europoly.com\\\/wp-content\\\/uploads\\\/2024\\\/03\\\/armoires_coffrets_polyester_coffret_batterie_xl.jpg\",\"datePublished\":\"2024-03-26T15:18:29+00:00\",\"description\":\"Scatola batterie \u2013 Coffrets et armoires polyester haute r\u00e9sistance pour applications industrielles. Fabrication Europoly, sp\u00e9cialiste des solutions polyester.\",\"breadcrumb\":{\"@id\":\"https:\\\/\\\/europoly.com\\\/it\\\/produit\\\/scatola-batterie\\\/#breadcrumb\"},\"inLanguage\":\"it-IT\",\"potentialAction\":[{\"@type\":\"ReadAction\",\"target\":[\"https:\\\/\\\/europoly.com\\\/it\\\/produit\\\/scatola-batterie\\\/\"]}]},{\"@type\":\"ImageObject\",\"inLanguage\":\"it-IT\",\"@id\":\"https:\\\/\\\/europoly.com\\\/it\\\/produit\\\/scatola-batterie\\\/#primaryimage\",\"url\":\"https:\\\/\\\/europoly.com\\\/wp-content\\\/uploads\\\/2024\\\/03\\\/armoires_coffrets_polyester_coffret_batterie_xl.jpg\",\"contentUrl\":\"https:\\\/\\\/europoly.com\\\/wp-content\\\/uploads\\\/2024\\\/03\\\/armoires_coffrets_polyester_coffret_batterie_xl.jpg\",\"width\":300,\"height\":584},{\"@type\":\"BreadcrumbList\",\"@id\":\"https:\\\/\\\/europoly.com\\\/it\\\/produit\\\/scatola-batterie\\\/#breadcrumb\",\"itemListElement\":[{\"@type\":\"ListItem\",\"position\":1,\"name\":\"Accueil\",\"item\":\"https:\\\/\\\/europoly.com\\\/it\\\/casa\\\/\"},{\"@type\":\"ListItem\",\"position\":2,\"name\":\"Cieco\",\"item\":\"https:\\\/\\\/europoly.com\\\/it\\\/negozio\\\/\"},{\"@type\":\"ListItem\",\"position\":3,\"name\":\"Scatola batterie\"}]},{\"@type\":\"WebSite\",\"@id\":\"https:\\\/\\\/europoly.com\\\/#website\",\"url\":\"https:\\\/\\\/europoly.com\\\/\",\"name\":\"Europoly\",\"description\":\"\",\"publisher\":{\"@id\":\"https:\\\/\\\/europoly.com\\\/#organization\"},\"potentialAction\":[{\"@type\":\"SearchAction\",\"target\":{\"@type\":\"EntryPoint\",\"urlTemplate\":\"https:\\\/\\\/europoly.com\\\/?s={search_term_string}\"},\"query-input\":{\"@type\":\"PropertyValueSpecification\",\"valueRequired\":true,\"valueName\":\"search_term_string\"}}],\"inLanguage\":\"it-IT\"},{\"@type\":\"Organization\",\"@id\":\"https:\\\/\\\/europoly.com\\\/#organization\",\"name\":\"Europoly\",\"url\":\"https:\\\/\\\/europoly.com\\\/\",\"logo\":{\"@type\":\"ImageObject\",\"inLanguage\":\"it-IT\",\"@id\":\"https:\\\/\\\/europoly.com\\\/#\\\/schema\\\/logo\\\/image\\\/\",\"url\":\"https:\\\/\\\/europoly.com\\\/wp-content\\\/uploads\\\/2023\\\/10\\\/Logo-europoly-fabricants-armoires-polyester.png\",\"contentUrl\":\"https:\\\/\\\/europoly.com\\\/wp-content\\\/uploads\\\/2023\\\/10\\\/Logo-europoly-fabricants-armoires-polyester.png\",\"width\":283,\"height\":369,\"caption\":\"Europoly\"},\"image\":{\"@id\":\"https:\\\/\\\/europoly.com\\\/#\\\/schema\\\/logo\\\/image\\\/\"}}]}<\/script>\n<!-- \/ Yoast SEO plugin. -->","yoast_head_json":{"title":"Scatola batterie - Europoly","description":"Scatola batterie \u2013 Coffrets et armoires polyester haute r\u00e9sistance pour applications industrielles. Fabrication Europoly, sp\u00e9cialiste des solutions polyester.","robots":{"index":"index","follow":"follow","max-snippet":"max-snippet:-1","max-image-preview":"max-image-preview:large","max-video-preview":"max-video-preview:-1"},"canonical":"https:\/\/europoly.com\/it\/produit\/scatola-batterie\/","og_locale":"it_IT","og_type":"article","og_title":"Scatola batterie - Europoly","og_description":"Scatola batterie \u2013 Coffrets et armoires polyester haute r\u00e9sistance pour applications industrielles. Fabrication Europoly, sp\u00e9cialiste des solutions polyester.","og_url":"https:\/\/europoly.com\/it\/produit\/scatola-batterie\/","og_site_name":"Europoly","og_image":[{"width":300,"height":584,"url":"https:\/\/europoly.com\/wp-content\/uploads\/2024\/03\/armoires_coffrets_polyester_coffret_batterie_xl.jpg","type":"image\/jpeg"}],"twitter_card":"summary_large_image","schema":{"@context":"https:\/\/schema.org","@graph":[{"@type":"WebPage","@id":"https:\/\/europoly.com\/it\/produit\/scatola-batterie\/","url":"https:\/\/europoly.com\/it\/produit\/scatola-batterie\/","name":"Scatola batterie - Europoly","isPartOf":{"@id":"https:\/\/europoly.com\/#website"},"primaryImageOfPage":{"@id":"https:\/\/europoly.com\/it\/produit\/scatola-batterie\/#primaryimage"},"image":{"@id":"https:\/\/europoly.com\/it\/produit\/scatola-batterie\/#primaryimage"},"thumbnailUrl":"https:\/\/europoly.com\/wp-content\/uploads\/2024\/03\/armoires_coffrets_polyester_coffret_batterie_xl.jpg","datePublished":"2024-03-26T15:18:29+00:00","description":"Scatola batterie \u2013 Coffrets et armoires polyester haute r\u00e9sistance pour applications industrielles. Fabrication Europoly, sp\u00e9cialiste des solutions polyester.","breadcrumb":{"@id":"https:\/\/europoly.com\/it\/produit\/scatola-batterie\/#breadcrumb"},"inLanguage":"it-IT","potentialAction":[{"@type":"ReadAction","target":["https:\/\/europoly.com\/it\/produit\/scatola-batterie\/"]}]},{"@type":"ImageObject","inLanguage":"it-IT","@id":"https:\/\/europoly.com\/it\/produit\/scatola-batterie\/#primaryimage","url":"https:\/\/europoly.com\/wp-content\/uploads\/2024\/03\/armoires_coffrets_polyester_coffret_batterie_xl.jpg","contentUrl":"https:\/\/europoly.com\/wp-content\/uploads\/2024\/03\/armoires_coffrets_polyester_coffret_batterie_xl.jpg","width":300,"height":584},{"@type":"BreadcrumbList","@id":"https:\/\/europoly.com\/it\/produit\/scatola-batterie\/#breadcrumb","itemListElement":[{"@type":"ListItem","position":1,"name":"Accueil","item":"https:\/\/europoly.com\/it\/casa\/"},{"@type":"ListItem","position":2,"name":"Cieco","item":"https:\/\/europoly.com\/it\/negozio\/"},{"@type":"ListItem","position":3,"name":"Scatola batterie"}]},{"@type":"WebSite","@id":"https:\/\/europoly.com\/#website","url":"https:\/\/europoly.com\/","name":"Europoly","description":"","publisher":{"@id":"https:\/\/europoly.com\/#organization"},"potentialAction":[{"@type":"SearchAction","target":{"@type":"EntryPoint","urlTemplate":"https:\/\/europoly.com\/?s={search_term_string}"},"query-input":{"@type":"PropertyValueSpecification","valueRequired":true,"valueName":"search_term_string"}}],"inLanguage":"it-IT"},{"@type":"Organization","@id":"https:\/\/europoly.com\/#organization","name":"Europoly","url":"https:\/\/europoly.com\/","logo":{"@type":"ImageObject","inLanguage":"it-IT","@id":"https:\/\/europoly.com\/#\/schema\/logo\/image\/","url":"https:\/\/europoly.com\/wp-content\/uploads\/2023\/10\/Logo-europoly-fabricants-armoires-polyester.png","contentUrl":"https:\/\/europoly.com\/wp-content\/uploads\/2023\/10\/Logo-europoly-fabricants-armoires-polyester.png","width":283,"height":369,"caption":"Europoly"},"image":{"@id":"https:\/\/europoly.com\/#\/schema\/logo\/image\/"}}]}},"_links":{"self":[{"href":"https:\/\/europoly.com\/it\/wp-json\/wp\/v2\/product\/2722","targetHints":{"allow":["GET"]}}],"collection":[{"href":"https:\/\/europoly.com\/it\/wp-json\/wp\/v2\/product"}],"about":[{"href":"https:\/\/europoly.com\/it\/wp-json\/wp\/v2\/types\/product"}],"replies":[{"embeddable":true,"href":"https:\/\/europoly.com\/it\/wp-json\/wp\/v2\/comments?post=2722"}],"wp:featuredmedia":[{"embeddable":true,"href":"https:\/\/europoly.com\/it\/wp-json\/wp\/v2\/media\/1919"}],"wp:attachment":[{"href":"https:\/\/europoly.com\/it\/wp-json\/wp\/v2\/media?parent=2722"}],"wp:term":[{"taxonomy":"product_brand","embeddable":true,"href":"https:\/\/europoly.com\/it\/wp-json\/wp\/v2\/product_brand?post=2722"},{"taxonomy":"product_cat","embeddable":true,"href":"https:\/\/europoly.com\/it\/wp-json\/wp\/v2\/product_cat?post=2722"},{"taxonomy":"product_tag","embeddable":true,"href":"https:\/\/europoly.com\/it\/wp-json\/wp\/v2\/product_tag?post=2722"}],"curies":[{"name":"wp","href":"https:\/\/api.w.org\/{rel}","templated":true}]}}