{"id":2732,"date":"2024-03-26T16:14:19","date_gmt":"2024-03-26T15:14:19","guid":{"rendered":"https:\/\/europoly.com\/produit\/valanghe\/"},"modified":"2024-03-26T16:14:19","modified_gmt":"2024-03-26T15:14:19","slug":"valanghe","status":"publish","type":"product","link":"https:\/\/europoly.com\/it\/produit\/valanghe\/","title":{"rendered":"Valanghe"},"content":{"rendered":"<p>EUROPOLY, in stretta collaborazione con il proprio cliente, ha progettato e realizzato gli strumenti necessari per una cabina che consente di provocare valanghe a distanza.<\/p>\n<p>Il nostro team dell&#8217;ufficio progettazione e sviluppo ha analizzato le specifiche del cliente e ha quindi realizzato i progetti di concezione e gli strumenti. Infine, una volta completati gli studi e gli strumenti, EUROPOLY si \u00e8 occupata della produzione delle cabine in poliestere. La sfida tecnica era impegnativa sia per il nostro cliente che per noi. Era necessario rispettare caratteristiche specifiche quali la compatibilit\u00e0 elettromagnetica, l&#8217;isolamento termico, l&#8217;elevata rigidit\u00e0 complessiva della cabina, poich\u00e9 trasportata in elicottero, con tutte le sue attrezzature interne installate, in cima a vette che talvolta superano i 4000 metri.<\/p>\n<p>Grazie alle competenze delle due aziende, siamo riusciti a realizzare una cabina molto richiesta e installata in tutto il mondo.<\/p>\n","protected":false},"excerpt":{"rendered":"<p>EUROPOLY, in stretta collaborazione con il proprio cliente, ha progettato e realizzato gli strumenti necessari per una cabina che consente di provocare valanghe a distanza. Il nostro team dell&#8217;ufficio progettazione e sviluppo ha analizzato le specifiche del cliente e ha quindi realizzato i progetti di concezione e gli strumenti. Infine, una volta completati gli studi [&hellip;]<\/p>\n","protected":false},"featured_media":1902,"comment_status":"closed","ping_status":"closed","template":"","meta":{"_acf_changed":false,"_monsterinsights_skip_tracking":false,"_monsterinsights_sitenote_active":false,"_monsterinsights_sitenote_note":"","_monsterinsights_sitenote_category":0},"product_brand":[],"product_cat":[61],"product_tag":[],"class_list":{"0":"post-2732","1":"product","2":"type-product","3":"status-publish","4":"has-post-thumbnail","6":"product_cat-su-misura","8":"first","9":"instock","10":"shipping-taxable","11":"product-type-simple"},"acf":[],"yoast_head":"<!-- This site is optimized with the Yoast SEO plugin v27.4 - https:\/\/yoast.com\/product\/yoast-seo-wordpress\/ -->\n<title>Valanghe - Europoly<\/title>\n<meta name=\"description\" content=\"Valanghe \u2013 Coffrets et armoires polyester haute r\u00e9sistance pour applications industrielles. Fabrication Europoly, sp\u00e9cialiste des solutions polyester.\" \/>\n<meta name=\"robots\" content=\"index, follow, max-snippet:-1, max-image-preview:large, max-video-preview:-1\" \/>\n<link rel=\"canonical\" href=\"https:\/\/europoly.com\/it\/produit\/valanghe\/\" \/>\n<meta property=\"og:locale\" content=\"it_IT\" \/>\n<meta property=\"og:type\" content=\"article\" \/>\n<meta property=\"og:title\" content=\"Valanghe - Europoly\" \/>\n<meta property=\"og:description\" content=\"Valanghe \u2013 Coffrets et armoires polyester haute r\u00e9sistance pour applications industrielles. Fabrication Europoly, sp\u00e9cialiste des solutions polyester.\" \/>\n<meta property=\"og:url\" content=\"https:\/\/europoly.com\/it\/produit\/valanghe\/\" \/>\n<meta property=\"og:site_name\" content=\"Europoly\" \/>\n<meta property=\"og:image\" content=\"https:\/\/europoly.com\/wp-content\/uploads\/2024\/03\/armoires_coffrets_polyester_abri_avalanche_xl.jpg\" \/>\n\t<meta property=\"og:image:width\" content=\"650\" \/>\n\t<meta property=\"og:image:height\" content=\"606\" \/>\n\t<meta property=\"og:image:type\" content=\"image\/jpeg\" \/>\n<meta name=\"twitter:card\" content=\"summary_large_image\" \/>\n<meta name=\"twitter:label1\" content=\"Tempo di lettura stimato\" \/>\n\t<meta name=\"twitter:data1\" content=\"1 minuto\" \/>\n<script type=\"application\/ld+json\" class=\"yoast-schema-graph\">{\"@context\":\"https:\\\/\\\/schema.org\",\"@graph\":[{\"@type\":\"WebPage\",\"@id\":\"https:\\\/\\\/europoly.com\\\/it\\\/produit\\\/valanghe\\\/\",\"url\":\"https:\\\/\\\/europoly.com\\\/it\\\/produit\\\/valanghe\\\/\",\"name\":\"Valanghe - Europoly\",\"isPartOf\":{\"@id\":\"https:\\\/\\\/europoly.com\\\/#website\"},\"primaryImageOfPage\":{\"@id\":\"https:\\\/\\\/europoly.com\\\/it\\\/produit\\\/valanghe\\\/#primaryimage\"},\"image\":{\"@id\":\"https:\\\/\\\/europoly.com\\\/it\\\/produit\\\/valanghe\\\/#primaryimage\"},\"thumbnailUrl\":\"https:\\\/\\\/europoly.com\\\/wp-content\\\/uploads\\\/2024\\\/03\\\/armoires_coffrets_polyester_abri_avalanche_xl.jpg\",\"datePublished\":\"2024-03-26T15:14:19+00:00\",\"description\":\"Valanghe \u2013 Coffrets et armoires polyester haute r\u00e9sistance pour applications industrielles. Fabrication Europoly, sp\u00e9cialiste des solutions polyester.\",\"breadcrumb\":{\"@id\":\"https:\\\/\\\/europoly.com\\\/it\\\/produit\\\/valanghe\\\/#breadcrumb\"},\"inLanguage\":\"it-IT\",\"potentialAction\":[{\"@type\":\"ReadAction\",\"target\":[\"https:\\\/\\\/europoly.com\\\/it\\\/produit\\\/valanghe\\\/\"]}]},{\"@type\":\"ImageObject\",\"inLanguage\":\"it-IT\",\"@id\":\"https:\\\/\\\/europoly.com\\\/it\\\/produit\\\/valanghe\\\/#primaryimage\",\"url\":\"https:\\\/\\\/europoly.com\\\/wp-content\\\/uploads\\\/2024\\\/03\\\/armoires_coffrets_polyester_abri_avalanche_xl.jpg\",\"contentUrl\":\"https:\\\/\\\/europoly.com\\\/wp-content\\\/uploads\\\/2024\\\/03\\\/armoires_coffrets_polyester_abri_avalanche_xl.jpg\",\"width\":650,\"height\":606},{\"@type\":\"BreadcrumbList\",\"@id\":\"https:\\\/\\\/europoly.com\\\/it\\\/produit\\\/valanghe\\\/#breadcrumb\",\"itemListElement\":[{\"@type\":\"ListItem\",\"position\":1,\"name\":\"Accueil\",\"item\":\"https:\\\/\\\/europoly.com\\\/it\\\/casa\\\/\"},{\"@type\":\"ListItem\",\"position\":2,\"name\":\"Cieco\",\"item\":\"https:\\\/\\\/europoly.com\\\/it\\\/negozio\\\/\"},{\"@type\":\"ListItem\",\"position\":3,\"name\":\"Valanghe\"}]},{\"@type\":\"WebSite\",\"@id\":\"https:\\\/\\\/europoly.com\\\/#website\",\"url\":\"https:\\\/\\\/europoly.com\\\/\",\"name\":\"Europoly\",\"description\":\"\",\"publisher\":{\"@id\":\"https:\\\/\\\/europoly.com\\\/#organization\"},\"potentialAction\":[{\"@type\":\"SearchAction\",\"target\":{\"@type\":\"EntryPoint\",\"urlTemplate\":\"https:\\\/\\\/europoly.com\\\/?s={search_term_string}\"},\"query-input\":{\"@type\":\"PropertyValueSpecification\",\"valueRequired\":true,\"valueName\":\"search_term_string\"}}],\"inLanguage\":\"it-IT\"},{\"@type\":\"Organization\",\"@id\":\"https:\\\/\\\/europoly.com\\\/#organization\",\"name\":\"Europoly\",\"url\":\"https:\\\/\\\/europoly.com\\\/\",\"logo\":{\"@type\":\"ImageObject\",\"inLanguage\":\"it-IT\",\"@id\":\"https:\\\/\\\/europoly.com\\\/#\\\/schema\\\/logo\\\/image\\\/\",\"url\":\"https:\\\/\\\/europoly.com\\\/wp-content\\\/uploads\\\/2023\\\/10\\\/Logo-europoly-fabricants-armoires-polyester.png\",\"contentUrl\":\"https:\\\/\\\/europoly.com\\\/wp-content\\\/uploads\\\/2023\\\/10\\\/Logo-europoly-fabricants-armoires-polyester.png\",\"width\":283,\"height\":369,\"caption\":\"Europoly\"},\"image\":{\"@id\":\"https:\\\/\\\/europoly.com\\\/#\\\/schema\\\/logo\\\/image\\\/\"}}]}<\/script>\n<!-- \/ Yoast SEO plugin. -->","yoast_head_json":{"title":"Valanghe - Europoly","description":"Valanghe \u2013 Coffrets et armoires polyester haute r\u00e9sistance pour applications industrielles. Fabrication Europoly, sp\u00e9cialiste des solutions polyester.","robots":{"index":"index","follow":"follow","max-snippet":"max-snippet:-1","max-image-preview":"max-image-preview:large","max-video-preview":"max-video-preview:-1"},"canonical":"https:\/\/europoly.com\/it\/produit\/valanghe\/","og_locale":"it_IT","og_type":"article","og_title":"Valanghe - Europoly","og_description":"Valanghe \u2013 Coffrets et armoires polyester haute r\u00e9sistance pour applications industrielles. Fabrication Europoly, sp\u00e9cialiste des solutions polyester.","og_url":"https:\/\/europoly.com\/it\/produit\/valanghe\/","og_site_name":"Europoly","og_image":[{"width":650,"height":606,"url":"https:\/\/europoly.com\/wp-content\/uploads\/2024\/03\/armoires_coffrets_polyester_abri_avalanche_xl.jpg","type":"image\/jpeg"}],"twitter_card":"summary_large_image","twitter_misc":{"Tempo di lettura stimato":"1 minuto"},"schema":{"@context":"https:\/\/schema.org","@graph":[{"@type":"WebPage","@id":"https:\/\/europoly.com\/it\/produit\/valanghe\/","url":"https:\/\/europoly.com\/it\/produit\/valanghe\/","name":"Valanghe - Europoly","isPartOf":{"@id":"https:\/\/europoly.com\/#website"},"primaryImageOfPage":{"@id":"https:\/\/europoly.com\/it\/produit\/valanghe\/#primaryimage"},"image":{"@id":"https:\/\/europoly.com\/it\/produit\/valanghe\/#primaryimage"},"thumbnailUrl":"https:\/\/europoly.com\/wp-content\/uploads\/2024\/03\/armoires_coffrets_polyester_abri_avalanche_xl.jpg","datePublished":"2024-03-26T15:14:19+00:00","description":"Valanghe \u2013 Coffrets et armoires polyester haute r\u00e9sistance pour applications industrielles. Fabrication Europoly, sp\u00e9cialiste des solutions polyester.","breadcrumb":{"@id":"https:\/\/europoly.com\/it\/produit\/valanghe\/#breadcrumb"},"inLanguage":"it-IT","potentialAction":[{"@type":"ReadAction","target":["https:\/\/europoly.com\/it\/produit\/valanghe\/"]}]},{"@type":"ImageObject","inLanguage":"it-IT","@id":"https:\/\/europoly.com\/it\/produit\/valanghe\/#primaryimage","url":"https:\/\/europoly.com\/wp-content\/uploads\/2024\/03\/armoires_coffrets_polyester_abri_avalanche_xl.jpg","contentUrl":"https:\/\/europoly.com\/wp-content\/uploads\/2024\/03\/armoires_coffrets_polyester_abri_avalanche_xl.jpg","width":650,"height":606},{"@type":"BreadcrumbList","@id":"https:\/\/europoly.com\/it\/produit\/valanghe\/#breadcrumb","itemListElement":[{"@type":"ListItem","position":1,"name":"Accueil","item":"https:\/\/europoly.com\/it\/casa\/"},{"@type":"ListItem","position":2,"name":"Cieco","item":"https:\/\/europoly.com\/it\/negozio\/"},{"@type":"ListItem","position":3,"name":"Valanghe"}]},{"@type":"WebSite","@id":"https:\/\/europoly.com\/#website","url":"https:\/\/europoly.com\/","name":"Europoly","description":"","publisher":{"@id":"https:\/\/europoly.com\/#organization"},"potentialAction":[{"@type":"SearchAction","target":{"@type":"EntryPoint","urlTemplate":"https:\/\/europoly.com\/?s={search_term_string}"},"query-input":{"@type":"PropertyValueSpecification","valueRequired":true,"valueName":"search_term_string"}}],"inLanguage":"it-IT"},{"@type":"Organization","@id":"https:\/\/europoly.com\/#organization","name":"Europoly","url":"https:\/\/europoly.com\/","logo":{"@type":"ImageObject","inLanguage":"it-IT","@id":"https:\/\/europoly.com\/#\/schema\/logo\/image\/","url":"https:\/\/europoly.com\/wp-content\/uploads\/2023\/10\/Logo-europoly-fabricants-armoires-polyester.png","contentUrl":"https:\/\/europoly.com\/wp-content\/uploads\/2023\/10\/Logo-europoly-fabricants-armoires-polyester.png","width":283,"height":369,"caption":"Europoly"},"image":{"@id":"https:\/\/europoly.com\/#\/schema\/logo\/image\/"}}]}},"_links":{"self":[{"href":"https:\/\/europoly.com\/it\/wp-json\/wp\/v2\/product\/2732","targetHints":{"allow":["GET"]}}],"collection":[{"href":"https:\/\/europoly.com\/it\/wp-json\/wp\/v2\/product"}],"about":[{"href":"https:\/\/europoly.com\/it\/wp-json\/wp\/v2\/types\/product"}],"replies":[{"embeddable":true,"href":"https:\/\/europoly.com\/it\/wp-json\/wp\/v2\/comments?post=2732"}],"wp:featuredmedia":[{"embeddable":true,"href":"https:\/\/europoly.com\/it\/wp-json\/wp\/v2\/media\/1902"}],"wp:attachment":[{"href":"https:\/\/europoly.com\/it\/wp-json\/wp\/v2\/media?parent=2732"}],"wp:term":[{"taxonomy":"product_brand","embeddable":true,"href":"https:\/\/europoly.com\/it\/wp-json\/wp\/v2\/product_brand?post=2732"},{"taxonomy":"product_cat","embeddable":true,"href":"https:\/\/europoly.com\/it\/wp-json\/wp\/v2\/product_cat?post=2732"},{"taxonomy":"product_tag","embeddable":true,"href":"https:\/\/europoly.com\/it\/wp-json\/wp\/v2\/product_tag?post=2732"}],"curies":[{"name":"wp","href":"https:\/\/api.w.org\/{rel}","templated":true}]}}