{"id":2931,"date":"2026-03-11T17:08:27","date_gmt":"2026-03-11T16:08:27","guid":{"rendered":"https:\/\/europoly.com\/wettelijke-vermeldingen-2\/"},"modified":"2026-03-24T12:01:25","modified_gmt":"2026-03-24T11:01:25","slug":"wettelijke-vermeldingen-2","status":"publish","type":"page","link":"https:\/\/europoly.com\/nl\/wettelijke-vermeldingen-2\/","title":{"rendered":"Wettelijke vermeldingen"},"content":{"rendered":"\n<h2 class=\"wp-block-heading\">1. Voorstelling van de website <\/h2>\n\n<p>Op grond van artikel 6 van wet nr. 2004-575 van 21 juni 2004 betreffende het vertrouwen in de digitale economie wordt aan de gebruikers van de website <a href=\"http:\/\/www.europoly.com\/\">www.europoly.com<\/a> meegedeeld wie er bij de totstandkoming en het beheer van de website betrokken zijn:<\/p>\n\n<p><strong>Eigenaar :<\/strong> Europoly<\/p>\n\n<p><strong>Bedrijfsnaam <\/strong>: Europoly<\/p>\n\n<p>Rechtsvorm : SAS<\/p>\n\n<p><strong>Maatschappelijk kapitaal<\/strong> : 220 000 \u20ac<\/p>\n\n<p><strong>Hoofdkantoor: <\/strong><\/p>\n\n<p>399 rue de la Garenni\u00e8re<\/p>\n\n<p>PA des Plati\u00e8res<\/p>\n\n<p>69440 Mornant &#8211; France<\/p>\n\n<p><strong>SIREN-nummer<\/strong> : 423 528 124<\/p>\n\n<p><strong>Btw-nummer<\/strong> : FR08 423528124<\/p>\n\n<p><strong>ontwerper<\/strong> : <a href=\"https:\/\/avicom.fr\" type=\"link\" id=\"https:\/\/avicom.fr\">agence avicom<\/a><\/p>\n\n<p><strong>verantwoordelijke :<\/strong> Europoly \u2013 <a>info@europoly.com<\/a><br\/>De verantwoordelijke voor de publicatie is een natuurlijke persoon of een rechtspersoon.<\/p>\n\n<p>Webmaster : <a href=\"http:\/\/avicom.fr\/\">agence avicom\u2019<\/a> \u2013 contact@avicom.fr<\/p>\n\n<div style=\"height:63px\" aria-hidden=\"true\" class=\"wp-block-spacer\"><\/div>\n\n<h2 class=\"wp-block-heading\">2. Algemene gebruiksvoorwaarden voor de website en de aangeboden diensten<\/h2>\n\n<p>Het gebruik van de website <a href=\"http:\/\/www.europoly.com\/\">www.europoly.com<\/a> houdt in dat u de hieronder beschreven algemene gebruiksvoorwaarden volledig aanvaardt. Deze gebruiksvoorwaarden kunnen te allen tijde worden gewijzigd of aangevuld; gebruikers van de website <a href=\"http:\/\/www.europoly.com\/\">www.europoly.com<\/a> worden daarom verzocht deze regelmatig te raadplegen. <\/p>\n\n<p>Deze website is normaal gesproken te allen tijde toegankelijk voor gebruikers. <a href=\"http:\/\/www.europoly.com\/\">www.europoly.com<\/a> kan echter besluiten de website tijdelijk buiten gebruik te stellen voor technisch onderhoud; in dat geval zal www.europoly.com ernaar streven de gebruikers vooraf op de hoogte te stellen van de data en tijden van de werkzaamheden. <\/p>\n\n<p>De website <a href=\"http:\/\/www.europoly.com\/\">www.europoly.com<\/a> wordt regelmatig bijgewerkt door Europoly. Ook de wettelijke vermeldingen kunnen te allen tijde worden gewijzigd: deze zijn echter bindend voor de gebruiker, die wordt verzocht deze zo vaak mogelijk te raadplegen om er kennis van te nemen. <\/p>\n\n<div style=\"height:63px\" aria-hidden=\"true\" class=\"wp-block-spacer\"><\/div>\n\n<h2 class=\"wp-block-heading\">3. Beschrijving van de geleverde diensten<\/h2>\n\n<p>De website <a href=\"http:\/\/www.europoly.com\/\">www.europoly.com<\/a> is bedoeld om informatie te verstrekken over alle activiteiten van het bedrijf.<\/p>\n\n<p>Europoly streeft ernaar om op de website <a href=\"http:\/\/www.europoly.com\/\">www.europoly.com<\/a> zo nauwkeurig mogelijke informatie te verstrekken. Het bedrijf kan echter niet aansprakelijk worden gesteld voor weglatingen, onjuistheden en tekortkomingen in de actualisering, ongeacht of deze te wijten zijn aan het bedrijf zelf of aan derde partners die deze informatie verstrekken. <\/p>\n\n<p>Alle informatie op de website <a href=\"http:\/\/www.europoly.com\/\">www.europoly.com <\/a>is louter ter indicatie en kan worden gewijzigd. Bovendien is de informatie op de website <a href=\"http:\/\/www.europoly.com\/\">www.europoly.com<\/a> niet volledig. Deze informatie wordt verstrekt onder voorbehoud van wijzigingen die sinds de publicatie ervan zijn aangebracht.  <\/p>\n\n<div style=\"height:63px\" aria-hidden=\"true\" class=\"wp-block-spacer\"><\/div>\n\n<h2 class=\"wp-block-heading\">4. Contractuele beperkingen met betrekking tot technische gegevens<\/h2>\n\n<p>Deze website maakt gebruik van JavaScript.<\/p>\n\n<p>De website kan niet aansprakelijk worden gesteld voor materi\u00eble schade die voortvloeit uit het gebruik van de website. Bovendien verbindt de gebruiker zich ertoe de website te bezoeken met behulp van recente apparatuur die vrij is van virussen en met een up-to-date browser van de nieuwste generatie. <\/p>\n\n<div style=\"height:63px\" aria-hidden=\"true\" class=\"wp-block-spacer\"><\/div>\n\n<h2 class=\"wp-block-heading\">5. Propri\u00e9t\u00e9 intellectuelle et contrefa\u00e7ons <\/h2>\n\n<p>Europoly is eigenaar van de intellectuele-eigendomsrechten of bezit de gebruiksrechten op alle elementen die op de website toegankelijk zijn, met name teksten, afbeeldingen, grafische elementen, logo\u2019s, pictogrammen, geluiden en software.<\/p>\n\n<div style=\"height:63px\" aria-hidden=\"true\" class=\"wp-block-spacer\"><\/div>\n\n<h2 class=\"wp-block-heading\">6. Aansprakelijkheidsbeperkingen<\/h2>\n\n<p>Europoly kan niet aansprakelijk worden gesteld voor directe of indirecte schade aan de apparatuur van de gebruiker die ontstaat bij het bezoeken van de website www.europoly.com, en die het gevolg is van het gebruik van apparatuur die niet voldoet aan de in punt 4 vermelde specificaties, of van het optreden van een bug of een incompatibiliteit. <\/p>\n\n<p>Deze website maakt gebruik van JavaScript.<\/p>\n\n<p>De website kan niet aansprakelijk worden gesteld voor materi\u00eble schade die voortvloeit uit het gebruik van de website. Bovendien verbindt de gebruiker zich ertoe de website te bezoeken met behulp van recente apparatuur die vrij is van virussen en met een up-to-date browser van de nieuwste generatie. <\/p>\n\n<div style=\"height:63px\" aria-hidden=\"true\" class=\"wp-block-spacer\"><\/div>\n\n<h2 class=\"wp-block-heading\">7. Beheer van persoonsgegevens <\/h2>\n\n<p>In Frankrijk worden persoonsgegevens met name beschermd door wet nr. 78-87 van 6 januari 1978, wet nr. 2004-801 van 6 augustus 2004, artikel L.226-13 van het Wetboek van Strafrecht en de Europese richtlijn van 24 oktober 1995.<\/p>\n\n<p>Bij het gebruik van de website <a href=\"http:\/\/www.europoly.com\/\">www.europoly.com<\/a> kunnen de volgende gegevens worden verzameld: de URL van de links via welke de gebruiker de website <a href=\"http:\/\/www.europoly.com\/\">www.europoly.com <\/a>heeft bezocht, de internetprovider van de gebruiker en het IP-adres van de gebruiker.<\/p>\n\n<p>In ieder geval verzamelt Europoly alleen persoonsgegevens van de gebruiker voor zover dat nodig is voor bepaalde diensten die worden aangeboden op de website <a href=\"http:\/\/www.europoly.com\/\">www.europoly.com.<\/a><\/p>\n\n<p>Overeenkomstig de bepalingen van artikel 38 en volgende van wet nr. 78-17 van 6 januari 1978 betreffende informatica, bestanden en vrijheden heeft elke gebruiker het recht op inzage, rectificatie en verzet tegen de hem betreffende persoonsgegevens.<\/p>\n\n<div style=\"height:63px\" aria-hidden=\"true\" class=\"wp-block-spacer\"><\/div>\n\n<h2 class=\"wp-block-heading\">8. Hyperlinks en cookies<\/h2>\n\n<p>In Frankrijk worden persoonsgegevens met name beschermd door wet nr. 78-87 van 6 januari 1978, wet nr. 2004-801 van 6 augustus 2004, artikel L.226-13 van het Wetboek van Strafrecht en de Europese richtlijn van 24 oktober 1995.<\/p>\n\n<p>Bij het gebruik van de website <a href=\"http:\/\/www.europoly.com\/\">www.europoly.com<\/a> kunnen de volgende gegevens worden verzameld: de URL van de links via welke de gebruiker de website <a href=\"http:\/\/www.europoly.com\/\">www.europoly.com <\/a>heeft bezocht, de internetprovider van de gebruiker en het IP-adres van de gebruiker.<\/p>\n\n<p>In ieder geval verzamelt Europoly alleen persoonsgegevens van de gebruiker voor zover dat nodig is voor bepaalde diensten die worden aangeboden op de website <a href=\"http:\/\/www.europoly.com\/\">www.europoly.com.<\/a><\/p>\n\n<p>Overeenkomstig de bepalingen van artikel 38 en volgende van wet nr. 78-17 van 6 januari 1978 betreffende informatica, bestanden en vrijheden heeft elke gebruiker het recht op inzage, rectificatie en verzet tegen de hem betreffende persoonsgegevens<\/p>\n\n<div style=\"height:63px\" aria-hidden=\"true\" class=\"wp-block-spacer\"><\/div>\n\n<h2 class=\"wp-block-heading\">9. Toepasselijk recht en bevoegde rechtbank<\/h2>\n\n<p>Elk geschil met betrekking tot het gebruik van de website <a href=\"http:\/\/www.europoly.com\" type=\"link\" id=\"www.europoly.com\">www.europoly.com<\/a> valt onder het Franse recht. De bevoegde rechtbanken zijn bij uitsluiting bevoegd. <\/p>\n\n<div style=\"height:63px\" aria-hidden=\"true\" class=\"wp-block-spacer\"><\/div>\n\n<h2 class=\"wp-block-heading\">10. De belangrijkste relevante wetten<\/h2>\n\n<p>Wet nr. 78-87 van 6 januari 1978 betreffende informatica, bestanden en vrijheden.<\/p>\n\n<p>Wet nr. 2004-575 van 21 juni 2004 ter bevordering van het vertrouwen in de digitale economie.<\/p>\n\n<div style=\"height:63px\" aria-hidden=\"true\" class=\"wp-block-spacer\"><\/div>\n\n<h2 class=\"wp-block-heading\">11. Woordenlijst<\/h2>\n\n<p>Gebruiker: internetgebruiker die inlogt op en gebruikmaakt van de bovengenoemde website. <\/p>\n\n<p>Persoonsgegevens: \u201cgegevens die, in welke vorm dan ook, direct of indirect, de identificatie mogelijk maken van de natuurlijke personen op wie zij betrekking hebben\u201d. <\/p>\n\n<p><\/p>\n","protected":false},"excerpt":{"rendered":"<p>1. Voorstelling van de website Op grond van artikel 6 van wet nr. 2004-575 van 21 juni 2004 betreffende het vertrouwen in de digitale economie wordt aan de gebruikers van de website www.europoly.com meegedeeld wie er bij de totstandkoming en het beheer van de website betrokken zijn: Eigenaar : Europoly Bedrijfsnaam : Europoly Rechtsvorm : [&hellip;]<\/p>\n","protected":false},"author":241,"featured_media":0,"parent":0,"menu_order":0,"comment_status":"closed","ping_status":"closed","template":"","meta":{"_acf_changed":false,"_monsterinsights_skip_tracking":false,"_monsterinsights_sitenote_active":false,"_monsterinsights_sitenote_note":"","_monsterinsights_sitenote_category":0,"footnotes":""},"class_list":["post-2931","page","type-page","status-publish","hentry"],"acf":[],"yoast_head":"<!-- This site is optimized with the Yoast SEO plugin v27.4 - https:\/\/yoast.com\/product\/yoast-seo-wordpress\/ -->\n<title>Wettelijke vermeldingen - Europoly<\/title>\n<meta name=\"description\" content=\"Wettelijke vermeldingen van de Europoly-website: informatie over de uitgever van de website, de hosting, intellectueel eigendom en de gebruiksvoorwaarden.\" \/>\n<meta name=\"robots\" content=\"index, follow, max-snippet:-1, max-image-preview:large, max-video-preview:-1\" \/>\n<link rel=\"canonical\" href=\"https:\/\/europoly.com\/nl\/wettelijke-vermeldingen-2\/\" \/>\n<meta property=\"og:locale\" content=\"nl_NL\" \/>\n<meta property=\"og:type\" content=\"article\" \/>\n<meta property=\"og:title\" content=\"Wettelijke vermeldingen - Europoly\" \/>\n<meta property=\"og:description\" content=\"Wettelijke vermeldingen van de Europoly-website: informatie over de uitgever van de website, de hosting, intellectueel eigendom en de gebruiksvoorwaarden.\" \/>\n<meta property=\"og:url\" content=\"https:\/\/europoly.com\/nl\/wettelijke-vermeldingen-2\/\" \/>\n<meta property=\"og:site_name\" content=\"Europoly\" \/>\n<meta property=\"article:modified_time\" content=\"2026-03-24T11:01:25+00:00\" \/>\n<meta name=\"twitter:card\" content=\"summary_large_image\" \/>\n<meta name=\"twitter:label1\" content=\"Geschatte leestijd\" \/>\n\t<meta name=\"twitter:data1\" content=\"5 minuten\" \/>\n<script type=\"application\/ld+json\" class=\"yoast-schema-graph\">{\"@context\":\"https:\\\/\\\/schema.org\",\"@graph\":[{\"@type\":\"WebPage\",\"@id\":\"https:\\\/\\\/europoly.com\\\/nl\\\/wettelijke-vermeldingen-2\\\/\",\"url\":\"https:\\\/\\\/europoly.com\\\/nl\\\/wettelijke-vermeldingen-2\\\/\",\"name\":\"Wettelijke vermeldingen - Europoly\",\"isPartOf\":{\"@id\":\"https:\\\/\\\/europoly.com\\\/#website\"},\"datePublished\":\"2026-03-11T16:08:27+00:00\",\"dateModified\":\"2026-03-24T11:01:25+00:00\",\"description\":\"Wettelijke vermeldingen van de Europoly-website: informatie over de uitgever van de website, de hosting, intellectueel eigendom en de gebruiksvoorwaarden.\",\"breadcrumb\":{\"@id\":\"https:\\\/\\\/europoly.com\\\/nl\\\/wettelijke-vermeldingen-2\\\/#breadcrumb\"},\"inLanguage\":\"nl-NL\",\"potentialAction\":[{\"@type\":\"ReadAction\",\"target\":[\"https:\\\/\\\/europoly.com\\\/nl\\\/wettelijke-vermeldingen-2\\\/\"]}]},{\"@type\":\"BreadcrumbList\",\"@id\":\"https:\\\/\\\/europoly.com\\\/nl\\\/wettelijke-vermeldingen-2\\\/#breadcrumb\",\"itemListElement\":[{\"@type\":\"ListItem\",\"position\":1,\"name\":\"Accueil\",\"item\":\"https:\\\/\\\/europoly.com\\\/nl\\\/welkom\\\/\"},{\"@type\":\"ListItem\",\"position\":2,\"name\":\"Wettelijke vermeldingen\"}]},{\"@type\":\"WebSite\",\"@id\":\"https:\\\/\\\/europoly.com\\\/#website\",\"url\":\"https:\\\/\\\/europoly.com\\\/\",\"name\":\"Europoly\",\"description\":\"\",\"publisher\":{\"@id\":\"https:\\\/\\\/europoly.com\\\/#organization\"},\"potentialAction\":[{\"@type\":\"SearchAction\",\"target\":{\"@type\":\"EntryPoint\",\"urlTemplate\":\"https:\\\/\\\/europoly.com\\\/?s={search_term_string}\"},\"query-input\":{\"@type\":\"PropertyValueSpecification\",\"valueRequired\":true,\"valueName\":\"search_term_string\"}}],\"inLanguage\":\"nl-NL\"},{\"@type\":\"Organization\",\"@id\":\"https:\\\/\\\/europoly.com\\\/#organization\",\"name\":\"Europoly\",\"url\":\"https:\\\/\\\/europoly.com\\\/\",\"logo\":{\"@type\":\"ImageObject\",\"inLanguage\":\"nl-NL\",\"@id\":\"https:\\\/\\\/europoly.com\\\/#\\\/schema\\\/logo\\\/image\\\/\",\"url\":\"https:\\\/\\\/europoly.com\\\/wp-content\\\/uploads\\\/2023\\\/10\\\/Logo-europoly-fabricants-armoires-polyester.png\",\"contentUrl\":\"https:\\\/\\\/europoly.com\\\/wp-content\\\/uploads\\\/2023\\\/10\\\/Logo-europoly-fabricants-armoires-polyester.png\",\"width\":283,\"height\":369,\"caption\":\"Europoly\"},\"image\":{\"@id\":\"https:\\\/\\\/europoly.com\\\/#\\\/schema\\\/logo\\\/image\\\/\"}}]}<\/script>\n<!-- \/ Yoast SEO plugin. -->","yoast_head_json":{"title":"Wettelijke vermeldingen - Europoly","description":"Wettelijke vermeldingen van de Europoly-website: informatie over de uitgever van de website, de hosting, intellectueel eigendom en de gebruiksvoorwaarden.","robots":{"index":"index","follow":"follow","max-snippet":"max-snippet:-1","max-image-preview":"max-image-preview:large","max-video-preview":"max-video-preview:-1"},"canonical":"https:\/\/europoly.com\/nl\/wettelijke-vermeldingen-2\/","og_locale":"nl_NL","og_type":"article","og_title":"Wettelijke vermeldingen - Europoly","og_description":"Wettelijke vermeldingen van de Europoly-website: informatie over de uitgever van de website, de hosting, intellectueel eigendom en de gebruiksvoorwaarden.","og_url":"https:\/\/europoly.com\/nl\/wettelijke-vermeldingen-2\/","og_site_name":"Europoly","article_modified_time":"2026-03-24T11:01:25+00:00","twitter_card":"summary_large_image","twitter_misc":{"Geschatte leestijd":"5 minuten"},"schema":{"@context":"https:\/\/schema.org","@graph":[{"@type":"WebPage","@id":"https:\/\/europoly.com\/nl\/wettelijke-vermeldingen-2\/","url":"https:\/\/europoly.com\/nl\/wettelijke-vermeldingen-2\/","name":"Wettelijke vermeldingen - Europoly","isPartOf":{"@id":"https:\/\/europoly.com\/#website"},"datePublished":"2026-03-11T16:08:27+00:00","dateModified":"2026-03-24T11:01:25+00:00","description":"Wettelijke vermeldingen van de Europoly-website: informatie over de uitgever van de website, de hosting, intellectueel eigendom en de gebruiksvoorwaarden.","breadcrumb":{"@id":"https:\/\/europoly.com\/nl\/wettelijke-vermeldingen-2\/#breadcrumb"},"inLanguage":"nl-NL","potentialAction":[{"@type":"ReadAction","target":["https:\/\/europoly.com\/nl\/wettelijke-vermeldingen-2\/"]}]},{"@type":"BreadcrumbList","@id":"https:\/\/europoly.com\/nl\/wettelijke-vermeldingen-2\/#breadcrumb","itemListElement":[{"@type":"ListItem","position":1,"name":"Accueil","item":"https:\/\/europoly.com\/nl\/welkom\/"},{"@type":"ListItem","position":2,"name":"Wettelijke vermeldingen"}]},{"@type":"WebSite","@id":"https:\/\/europoly.com\/#website","url":"https:\/\/europoly.com\/","name":"Europoly","description":"","publisher":{"@id":"https:\/\/europoly.com\/#organization"},"potentialAction":[{"@type":"SearchAction","target":{"@type":"EntryPoint","urlTemplate":"https:\/\/europoly.com\/?s={search_term_string}"},"query-input":{"@type":"PropertyValueSpecification","valueRequired":true,"valueName":"search_term_string"}}],"inLanguage":"nl-NL"},{"@type":"Organization","@id":"https:\/\/europoly.com\/#organization","name":"Europoly","url":"https:\/\/europoly.com\/","logo":{"@type":"ImageObject","inLanguage":"nl-NL","@id":"https:\/\/europoly.com\/#\/schema\/logo\/image\/","url":"https:\/\/europoly.com\/wp-content\/uploads\/2023\/10\/Logo-europoly-fabricants-armoires-polyester.png","contentUrl":"https:\/\/europoly.com\/wp-content\/uploads\/2023\/10\/Logo-europoly-fabricants-armoires-polyester.png","width":283,"height":369,"caption":"Europoly"},"image":{"@id":"https:\/\/europoly.com\/#\/schema\/logo\/image\/"}}]}},"_links":{"self":[{"href":"https:\/\/europoly.com\/nl\/wp-json\/wp\/v2\/pages\/2931","targetHints":{"allow":["GET"]}}],"collection":[{"href":"https:\/\/europoly.com\/nl\/wp-json\/wp\/v2\/pages"}],"about":[{"href":"https:\/\/europoly.com\/nl\/wp-json\/wp\/v2\/types\/page"}],"author":[{"embeddable":true,"href":"https:\/\/europoly.com\/nl\/wp-json\/wp\/v2\/users\/241"}],"replies":[{"embeddable":true,"href":"https:\/\/europoly.com\/nl\/wp-json\/wp\/v2\/comments?post=2931"}],"version-history":[{"count":1,"href":"https:\/\/europoly.com\/nl\/wp-json\/wp\/v2\/pages\/2931\/revisions"}],"predecessor-version":[{"id":2932,"href":"https:\/\/europoly.com\/nl\/wp-json\/wp\/v2\/pages\/2931\/revisions\/2932"}],"wp:attachment":[{"href":"https:\/\/europoly.com\/nl\/wp-json\/wp\/v2\/media?parent=2931"}],"curies":[{"name":"wp","href":"https:\/\/api.w.org\/{rel}","templated":true}]}}