{"id":2935,"date":"2023-10-20T07:53:35","date_gmt":"2023-10-20T05:53:35","guid":{"rendered":"https:\/\/europoly.com\/onze-projecten\/"},"modified":"2026-03-24T13:27:19","modified_gmt":"2026-03-24T12:27:19","slug":"onze-projecten","status":"publish","type":"page","link":"https:\/\/europoly.com\/nl\/onze-projecten\/","title":{"rendered":"Onze projecten"},"content":{"rendered":"\t\t<div data-elementor-type=\"wp-page\" data-elementor-id=\"2935\" class=\"elementor elementor-2935 elementor-14\" data-elementor-post-type=\"page\">\n\t\t\t\t\t\t<section class=\"elementor-section elementor-top-section elementor-element elementor-element-917300b elementor-section-boxed elementor-section-height-default elementor-section-height-default\" data-id=\"917300b\" data-element_type=\"section\" data-e-type=\"section\" data-settings=\"{&quot;jet_parallax_layout_list&quot;:[]}\">\n\t\t\t\t\t\t<div class=\"elementor-container elementor-column-gap-default\">\n\t\t\t\t\t<div class=\"elementor-column elementor-col-100 elementor-top-column elementor-element elementor-element-1c1a1ee\" data-id=\"1c1a1ee\" data-element_type=\"column\" data-e-type=\"column\">\n\t\t\t<div class=\"elementor-widget-wrap elementor-element-populated\">\n\t\t\t\t\t\t<section class=\"elementor-section elementor-inner-section elementor-element elementor-element-693c88b elementor-section-boxed elementor-section-height-default elementor-section-height-default\" data-id=\"693c88b\" data-element_type=\"section\" data-e-type=\"section\" data-settings=\"{&quot;jet_parallax_layout_list&quot;:[]}\">\n\t\t\t\t\t\t<div class=\"elementor-container elementor-column-gap-default\">\n\t\t\t\t\t<div class=\"elementor-column elementor-col-50 elementor-inner-column elementor-element elementor-element-91d3259\" data-id=\"91d3259\" data-element_type=\"column\" data-e-type=\"column\">\n\t\t\t<div class=\"elementor-widget-wrap elementor-element-populated\">\n\t\t\t\t\t\t<div class=\"elementor-element elementor-element-32ec296 elementor-widget elementor-widget-heading\" data-id=\"32ec296\" data-element_type=\"widget\" data-e-type=\"widget\" data-widget_type=\"heading.default\">\n\t\t\t\t<div class=\"elementor-widget-container\">\n\t\t\t\t\t<h1 class=\"elementor-heading-title elementor-size-default\">Onze projecten<\/h1>\t\t\t\t<\/div>\n\t\t\t\t<\/div>\n\t\t\t\t<div class=\"elementor-element elementor-element-1df8b36 elementor-widget elementor-widget-text-editor\" data-id=\"1df8b36\" data-element_type=\"widget\" data-e-type=\"widget\" data-widget_type=\"text-editor.default\">\n\t\t\t\t<div class=\"elementor-widget-container\">\n\t\t\t\t\t\t\t\t\t<p><span class=\"s2\">Europoly is al meer dan 24 jaar een van de marktleiders op het gebied van de productie van behuizingen, kasten en cabines van polyester, GRP en glasvezelversterkt materiaal.<\/span><\/p><p><span class=\"s2\">Polyester wordt vooral gebruikt voor toepassingen buitenshuis of binnenshuis in vochtige en\/of corrosieve omgevingen.<\/span><\/p><p><span class=\"s2\">Dankzij ons uitgebreide assortiment producten \u201eMade in France\u201c vindt u ongetwijfeld een product dat aan uw verwachtingen voldoet.<\/span><\/p><p><span class=\"s2\">Aan de hand van deze enkele voorbeelden van gerealiseerde projecten kunt u zich een beeld vormen van onze verschillende installaties in de praktijk.<\/span><\/p><p><span class=\"s2\">Aarzel niet om contact met ons op te nemen voor uw specifieke wensen.<\/span><\/p>\t\t\t\t\t\t\t\t<\/div>\n\t\t\t\t<\/div>\n\t\t\t\t<div class=\"elementor-element elementor-element-e4dda75 elementor-widget elementor-widget-button\" data-id=\"e4dda75\" data-element_type=\"widget\" data-e-type=\"widget\" data-widget_type=\"button.default\">\n\t\t\t\t<div class=\"elementor-widget-container\">\n\t\t\t\t\t\t\t\t\t<div class=\"elementor-button-wrapper\">\n\t\t\t\t\t<a class=\"elementor-button elementor-button-link elementor-size-sm\" href=\"https:\/\/europoly.com\/produits\/\">\n\t\t\t\t\t\t<span class=\"elementor-button-content-wrapper\">\n\t\t\t\t\t\t\t\t\t<span class=\"elementor-button-text\">De producten<\/span>\n\t\t\t\t\t<\/span>\n\t\t\t\t\t<\/a>\n\t\t\t\t<\/div>\n\t\t\t\t\t\t\t\t<\/div>\n\t\t\t\t<\/div>\n\t\t\t\t\t<\/div>\n\t\t<\/div>\n\t\t\t\t<div class=\"elementor-column elementor-col-50 elementor-inner-column elementor-element elementor-element-3393a23\" data-id=\"3393a23\" data-element_type=\"column\" data-e-type=\"column\">\n\t\t\t<div class=\"elementor-widget-wrap elementor-element-populated\">\n\t\t\t\t\t\t<div class=\"elementor-element elementor-element-b6bd8a7 elementor-widget elementor-widget-image\" data-id=\"b6bd8a7\" data-element_type=\"widget\" data-e-type=\"widget\" data-widget_type=\"image.default\">\n\t\t\t\t<div class=\"elementor-widget-container\">\n\t\t\t\t\t\t\t\t\t\t\t\t\t\t\t<img fetchpriority=\"high\" decoding=\"async\" width=\"700\" height=\"525\" src=\"https:\/\/europoly.com\/wp-content\/uploads\/2023\/11\/mega-euro-photo1-min-1.jpg\" class=\"attachment-large size-large wp-image-3125\" alt=\"\" srcset=\"https:\/\/europoly.com\/wp-content\/uploads\/2023\/11\/mega-euro-photo1-min-1.jpg 700w, https:\/\/europoly.com\/wp-content\/uploads\/2023\/11\/mega-euro-photo1-min-1-300x225.jpg 300w, https:\/\/europoly.com\/wp-content\/uploads\/2023\/11\/mega-euro-photo1-min-1-600x450.jpg 600w\" sizes=\"(max-width: 700px) 100vw, 700px\" \/>\t\t\t\t\t\t\t\t\t\t\t\t\t\t\t<\/div>\n\t\t\t\t<\/div>\n\t\t\t\t<div class=\"elementor-element elementor-element-32f2012 elementor-absolute elementor-widget elementor-widget-image\" data-id=\"32f2012\" data-element_type=\"widget\" data-e-type=\"widget\" data-settings=\"{&quot;_position&quot;:&quot;absolute&quot;}\" data-widget_type=\"image.default\">\n\t\t\t\t<div class=\"elementor-widget-container\">\n\t\t\t\t\t\t\t\t\t\t\t\t\t\t\t<img decoding=\"async\" width=\"800\" height=\"799\" src=\"https:\/\/europoly.com\/wp-content\/uploads\/2023\/10\/fond-europoly-2.png\" class=\"attachment-large size-large wp-image-2867\" alt=\"\" srcset=\"https:\/\/europoly.com\/wp-content\/uploads\/2023\/10\/fond-europoly-2.png 839w, https:\/\/europoly.com\/wp-content\/uploads\/2023\/10\/fond-europoly-2-300x300.png 300w, https:\/\/europoly.com\/wp-content\/uploads\/2023\/10\/fond-europoly-2-150x150.png 150w, https:\/\/europoly.com\/wp-content\/uploads\/2023\/10\/fond-europoly-2-768x767.png 768w, https:\/\/europoly.com\/wp-content\/uploads\/2023\/10\/fond-europoly-2-600x599.png 600w, https:\/\/europoly.com\/wp-content\/uploads\/2023\/10\/fond-europoly-2-100x100.png 100w\" sizes=\"(max-width: 800px) 100vw, 800px\" \/>\t\t\t\t\t\t\t\t\t\t\t\t\t\t\t<\/div>\n\t\t\t\t<\/div>\n\t\t\t\t\t<\/div>\n\t\t<\/div>\n\t\t\t\t\t<\/div>\n\t\t<\/section>\n\t\t\t\t\t<\/div>\n\t\t<\/div>\n\t\t\t\t\t<\/div>\n\t\t<\/section>\n\t\t\t\t<section class=\"elementor-section elementor-top-section elementor-element elementor-element-993553e elementor-section-boxed elementor-section-height-default elementor-section-height-default\" data-id=\"993553e\" data-element_type=\"section\" data-e-type=\"section\" data-settings=\"{&quot;jet_parallax_layout_list&quot;:[]}\">\n\t\t\t\t\t\t<div class=\"elementor-container elementor-column-gap-default\">\n\t\t\t\t\t<div class=\"elementor-column elementor-col-100 elementor-top-column elementor-element elementor-element-8b4a742\" data-id=\"8b4a742\" data-element_type=\"column\" data-e-type=\"column\">\n\t\t\t<div class=\"elementor-widget-wrap elementor-element-populated\">\n\t\t\t\t\t\t<div class=\"elementor-element elementor-element-480b608 elementor-grid-3 elementor-grid-tablet-2 elementor-grid-mobile-1 elementor-posts--thumbnail-top elementor-card-shadow-yes elementor-posts__hover-gradient elementor-widget elementor-widget-posts\" data-id=\"480b608\" data-element_type=\"widget\" data-e-type=\"widget\" data-settings=\"{&quot;cards_columns&quot;:&quot;3&quot;,&quot;cards_columns_tablet&quot;:&quot;2&quot;,&quot;cards_columns_mobile&quot;:&quot;1&quot;,&quot;cards_row_gap&quot;:{&quot;unit&quot;:&quot;px&quot;,&quot;size&quot;:35,&quot;sizes&quot;:[]},&quot;cards_row_gap_widescreen&quot;:{&quot;unit&quot;:&quot;px&quot;,&quot;size&quot;:&quot;&quot;,&quot;sizes&quot;:[]},&quot;cards_row_gap_tablet&quot;:{&quot;unit&quot;:&quot;px&quot;,&quot;size&quot;:&quot;&quot;,&quot;sizes&quot;:[]},&quot;cards_row_gap_mobile&quot;:{&quot;unit&quot;:&quot;px&quot;,&quot;size&quot;:&quot;&quot;,&quot;sizes&quot;:[]}}\" data-widget_type=\"posts.cards\">\n\t\t\t\t<div class=\"elementor-widget-container\">\n\t\t\t\t\t\t\t<div class=\"elementor-posts-container elementor-posts elementor-posts--skin-cards elementor-grid\" role=\"list\">\n\t\t\t\t<article class=\"elementor-post elementor-grid-item post-2100 realisation type-realisation status-publish has-post-thumbnail hentry\" role=\"listitem\">\n\t\t\t<div class=\"elementor-post__card\">\n\t\t\t\t<a class=\"elementor-post__thumbnail__link\" href=\"https:\/\/europoly.com\/nl\/realisation\/sur-mesure-armoires-bornes-coffrets-equipements-dedies\/\" tabindex=\"-1\" ><div class=\"elementor-post__thumbnail\"><img decoding=\"async\" width=\"300\" height=\"212\" src=\"https:\/\/europoly.com\/wp-content\/uploads\/2024\/07\/sur-mesure-3-300x212.jpg\" class=\"attachment-medium size-medium wp-image-2325\" alt=\"\" srcset=\"https:\/\/europoly.com\/wp-content\/uploads\/2024\/07\/sur-mesure-3-300x212.jpg 300w, https:\/\/europoly.com\/wp-content\/uploads\/2024\/07\/sur-mesure-3.jpg 463w\" sizes=\"(max-width: 300px) 100vw, 300px\" \/><\/div><\/a>\n\t\t\t\t<div class=\"elementor-post__text\">\n\t\t\t\t<h3 class=\"elementor-post__title\">\n\t\t\t<a href=\"https:\/\/europoly.com\/nl\/realisation\/sur-mesure-armoires-bornes-coffrets-equipements-dedies\/\" >\n\t\t\t\tSUR MESURE :\u00a0\u00a0Armoires, bornes, coffrets, \u00e9quipements d\u00e9di\u00e9s\t\t\t<\/a>\n\t\t<\/h3>\n\t\t\n\t\t<a class=\"elementor-post__read-more\" href=\"https:\/\/europoly.com\/nl\/realisation\/sur-mesure-armoires-bornes-coffrets-equipements-dedies\/\" aria-label=\"Lees meer over SUR MESURE :\u00a0\u00a0Armoires, bornes, coffrets, \u00e9quipements d\u00e9di\u00e9s\" tabindex=\"-1\" >\n\t\t\tOntdekken\t\t<\/a>\n\n\t\t\t\t<\/div>\n\t\t\t\t\t<\/div>\n\t\t<\/article>\n\t\t\t\t<article class=\"elementor-post elementor-grid-item post-2099 realisation type-realisation status-publish has-post-thumbnail hentry\" role=\"listitem\">\n\t\t\t<div class=\"elementor-post__card\">\n\t\t\t\t<a class=\"elementor-post__thumbnail__link\" href=\"https:\/\/europoly.com\/nl\/realisation\/maxi-euro-armoires-de-grandes-dimensions-ip55-65\/\" tabindex=\"-1\" ><div class=\"elementor-post__thumbnail\"><img loading=\"lazy\" decoding=\"async\" width=\"300\" height=\"212\" src=\"https:\/\/europoly.com\/wp-content\/uploads\/2024\/06\/maxi-euro-3-300x212.jpg\" class=\"attachment-medium size-medium wp-image-2349\" alt=\"\" srcset=\"https:\/\/europoly.com\/wp-content\/uploads\/2024\/06\/maxi-euro-3-300x212.jpg 300w, https:\/\/europoly.com\/wp-content\/uploads\/2024\/06\/maxi-euro-3.jpg 463w\" sizes=\"(max-width: 300px) 100vw, 300px\" \/><\/div><\/a>\n\t\t\t\t<div class=\"elementor-post__text\">\n\t\t\t\t<h3 class=\"elementor-post__title\">\n\t\t\t<a href=\"https:\/\/europoly.com\/nl\/realisation\/maxi-euro-armoires-de-grandes-dimensions-ip55-65\/\" >\n\t\t\t\tMAXI EURO :\u00a0\u00a0Armoires de grandes dimensions (IP55\/65 )\t\t\t<\/a>\n\t\t<\/h3>\n\t\t\n\t\t<a class=\"elementor-post__read-more\" href=\"https:\/\/europoly.com\/nl\/realisation\/maxi-euro-armoires-de-grandes-dimensions-ip55-65\/\" aria-label=\"Lees meer over MAXI EURO :\u00a0\u00a0Armoires de grandes dimensions (IP55\/65 )\" tabindex=\"-1\" >\n\t\t\tOntdekken\t\t<\/a>\n\n\t\t\t\t<\/div>\n\t\t\t\t\t<\/div>\n\t\t<\/article>\n\t\t\t\t<article class=\"elementor-post elementor-grid-item post-2098 realisation type-realisation status-publish has-post-thumbnail hentry\" role=\"listitem\">\n\t\t\t<div class=\"elementor-post__card\">\n\t\t\t\t<a class=\"elementor-post__thumbnail__link\" href=\"https:\/\/europoly.com\/nl\/realisation\/euro-1500-armoire-grande-profondeur-ip55-65\/\" tabindex=\"-1\" ><div class=\"elementor-post__thumbnail\"><img loading=\"lazy\" decoding=\"async\" width=\"300\" height=\"212\" src=\"https:\/\/europoly.com\/wp-content\/uploads\/2024\/06\/euro-1500-3-300x212.jpg\" class=\"attachment-medium size-medium wp-image-2355\" alt=\"\" srcset=\"https:\/\/europoly.com\/wp-content\/uploads\/2024\/06\/euro-1500-3-300x212.jpg 300w, https:\/\/europoly.com\/wp-content\/uploads\/2024\/06\/euro-1500-3.jpg 463w\" sizes=\"(max-width: 300px) 100vw, 300px\" \/><\/div><\/a>\n\t\t\t\t<div class=\"elementor-post__text\">\n\t\t\t\t<h3 class=\"elementor-post__title\">\n\t\t\t<a href=\"https:\/\/europoly.com\/nl\/realisation\/euro-1500-armoire-grande-profondeur-ip55-65\/\" >\n\t\t\t\tEURO 1500\u00a0:\u00a0\u00a0Armoire grande profondeur\u00a0(IP55\/65)\t\t\t<\/a>\n\t\t<\/h3>\n\t\t\n\t\t<a class=\"elementor-post__read-more\" href=\"https:\/\/europoly.com\/nl\/realisation\/euro-1500-armoire-grande-profondeur-ip55-65\/\" aria-label=\"Lees meer over EURO 1500\u00a0:\u00a0\u00a0Armoire grande profondeur\u00a0(IP55\/65)\" tabindex=\"-1\" >\n\t\t\tOntdekken\t\t<\/a>\n\n\t\t\t\t<\/div>\n\t\t\t\t\t<\/div>\n\t\t<\/article>\n\t\t\t\t<article class=\"elementor-post elementor-grid-item post-2097 realisation type-realisation status-publish has-post-thumbnail hentry\" role=\"listitem\">\n\t\t\t<div class=\"elementor-post__card\">\n\t\t\t\t<a class=\"elementor-post__thumbnail__link\" href=\"https:\/\/europoly.com\/nl\/realisation\/mini-euro-coffrets-standards-ip65\/\" tabindex=\"-1\" ><div class=\"elementor-post__thumbnail\"><img loading=\"lazy\" decoding=\"async\" width=\"300\" height=\"212\" src=\"https:\/\/europoly.com\/wp-content\/uploads\/2024\/06\/mini-euro-3-300x212.jpg\" class=\"attachment-medium size-medium wp-image-2364\" alt=\"\" srcset=\"https:\/\/europoly.com\/wp-content\/uploads\/2024\/06\/mini-euro-3-300x212.jpg 300w, https:\/\/europoly.com\/wp-content\/uploads\/2024\/06\/mini-euro-3.jpg 463w\" sizes=\"(max-width: 300px) 100vw, 300px\" \/><\/div><\/a>\n\t\t\t\t<div class=\"elementor-post__text\">\n\t\t\t\t<h3 class=\"elementor-post__title\">\n\t\t\t<a href=\"https:\/\/europoly.com\/nl\/realisation\/mini-euro-coffrets-standards-ip65\/\" >\n\t\t\t\tMINI EURO :\u00a0Coffrets standards ( IP65 )\t\t\t<\/a>\n\t\t<\/h3>\n\t\t\n\t\t<a class=\"elementor-post__read-more\" href=\"https:\/\/europoly.com\/nl\/realisation\/mini-euro-coffrets-standards-ip65\/\" aria-label=\"Lees meer over MINI EURO :\u00a0Coffrets standards ( IP65 )\" tabindex=\"-1\" >\n\t\t\tOntdekken\t\t<\/a>\n\n\t\t\t\t<\/div>\n\t\t\t\t\t<\/div>\n\t\t<\/article>\n\t\t\t\t<\/div>\n\t\t\n\t\t\t\t\t\t<\/div>\n\t\t\t\t<\/div>\n\t\t\t\t\t<\/div>\n\t\t<\/div>\n\t\t\t\t\t<\/div>\n\t\t<\/section>\n\t\t\t\t<\/div>\n\t\t","protected":false},"excerpt":{"rendered":"<p>Onze projecten Europoly is al meer dan 24 jaar een van de marktleiders op het gebied van de productie van behuizingen, kasten en cabines van<\/p>\n","protected":false},"author":1,"featured_media":0,"parent":0,"menu_order":0,"comment_status":"closed","ping_status":"closed","template":"","meta":{"_acf_changed":false,"_monsterinsights_skip_tracking":false,"_monsterinsights_sitenote_active":false,"_monsterinsights_sitenote_note":"","_monsterinsights_sitenote_category":0,"footnotes":""},"class_list":["post-2935","page","type-page","status-publish","hentry"],"acf":[],"yoast_head":"<!-- This site is optimized with the Yoast SEO plugin v27.4 - https:\/\/yoast.com\/product\/yoast-seo-wordpress\/ -->\n<title>Onze projecten - Europoly<\/title>\n<meta name=\"description\" content=\"Onze projecten | Europoly, sp\u00e9cialiste des coffrets et armoires polyester pour environnements industriels exigeants.\" \/>\n<meta name=\"robots\" content=\"index, follow, max-snippet:-1, max-image-preview:large, max-video-preview:-1\" \/>\n<link rel=\"canonical\" href=\"https:\/\/europoly.com\/nl\/realisation\/mini-euro-coffrets-standards-ip65\/\" \/>\n<meta property=\"og:locale\" content=\"nl_NL\" \/>\n<meta property=\"og:type\" content=\"article\" \/>\n<meta property=\"og:title\" content=\"Onze projecten - Europoly\" \/>\n<meta property=\"og:description\" content=\"Onze projecten | Europoly, sp\u00e9cialiste des coffrets et armoires polyester pour environnements industriels exigeants.\" \/>\n<meta property=\"og:url\" content=\"https:\/\/europoly.com\/nl\/onze-projecten\/\" \/>\n<meta property=\"og:site_name\" content=\"Europoly\" \/>\n<meta property=\"article:modified_time\" content=\"2026-03-24T12:27:19+00:00\" \/>\n<meta property=\"og:image\" content=\"https:\/\/europoly.com\/wp-content\/uploads\/2023\/11\/mega-euro-photo1-min-1.jpg\" \/>\n\t<meta property=\"og:image:width\" content=\"700\" \/>\n\t<meta property=\"og:image:height\" content=\"525\" \/>\n\t<meta property=\"og:image:type\" content=\"image\/jpeg\" \/>\n<meta name=\"twitter:card\" content=\"summary_large_image\" \/>\n<meta name=\"twitter:label1\" content=\"Geschatte leestijd\" \/>\n\t<meta name=\"twitter:data1\" content=\"1 minuut\" \/>\n<script type=\"application\/ld+json\" class=\"yoast-schema-graph\">{\"@context\":\"https:\\\/\\\/schema.org\",\"@graph\":[{\"@type\":\"WebPage\",\"@id\":\"https:\\\/\\\/europoly.com\\\/nl\\\/onze-projecten\\\/\",\"url\":\"https:\\\/\\\/europoly.com\\\/nl\\\/onze-projecten\\\/\",\"name\":\"Onze projecten - Europoly\",\"isPartOf\":{\"@id\":\"https:\\\/\\\/europoly.com\\\/#website\"},\"primaryImageOfPage\":{\"@id\":\"https:\\\/\\\/europoly.com\\\/nl\\\/onze-projecten\\\/#primaryimage\"},\"image\":{\"@id\":\"https:\\\/\\\/europoly.com\\\/nl\\\/onze-projecten\\\/#primaryimage\"},\"thumbnailUrl\":\"https:\\\/\\\/europoly.com\\\/wp-content\\\/uploads\\\/2023\\\/11\\\/mega-euro-photo1-min-1.jpg\",\"datePublished\":\"2023-10-20T05:53:35+00:00\",\"dateModified\":\"2026-03-24T12:27:19+00:00\",\"description\":\"Onze projecten | Europoly, sp\u00e9cialiste des coffrets et armoires polyester pour environnements industriels exigeants.\",\"breadcrumb\":{\"@id\":\"https:\\\/\\\/europoly.com\\\/nl\\\/onze-projecten\\\/#breadcrumb\"},\"inLanguage\":\"nl-NL\",\"potentialAction\":[{\"@type\":\"ReadAction\",\"target\":[\"https:\\\/\\\/europoly.com\\\/nl\\\/onze-projecten\\\/\"]}]},{\"@type\":\"ImageObject\",\"inLanguage\":\"nl-NL\",\"@id\":\"https:\\\/\\\/europoly.com\\\/nl\\\/onze-projecten\\\/#primaryimage\",\"url\":\"https:\\\/\\\/europoly.com\\\/wp-content\\\/uploads\\\/2023\\\/11\\\/mega-euro-photo1-min-1.jpg\",\"contentUrl\":\"https:\\\/\\\/europoly.com\\\/wp-content\\\/uploads\\\/2023\\\/11\\\/mega-euro-photo1-min-1.jpg\"},{\"@type\":\"BreadcrumbList\",\"@id\":\"https:\\\/\\\/europoly.com\\\/nl\\\/onze-projecten\\\/#breadcrumb\",\"itemListElement\":[{\"@type\":\"ListItem\",\"position\":1,\"name\":\"Accueil\",\"item\":\"https:\\\/\\\/europoly.com\\\/nl\\\/welkom\\\/\"},{\"@type\":\"ListItem\",\"position\":2,\"name\":\"Onze projecten\"}]},{\"@type\":\"WebSite\",\"@id\":\"https:\\\/\\\/europoly.com\\\/#website\",\"url\":\"https:\\\/\\\/europoly.com\\\/\",\"name\":\"Europoly\",\"description\":\"\",\"publisher\":{\"@id\":\"https:\\\/\\\/europoly.com\\\/#organization\"},\"potentialAction\":[{\"@type\":\"SearchAction\",\"target\":{\"@type\":\"EntryPoint\",\"urlTemplate\":\"https:\\\/\\\/europoly.com\\\/?s={search_term_string}\"},\"query-input\":{\"@type\":\"PropertyValueSpecification\",\"valueRequired\":true,\"valueName\":\"search_term_string\"}}],\"inLanguage\":\"nl-NL\"},{\"@type\":\"Organization\",\"@id\":\"https:\\\/\\\/europoly.com\\\/#organization\",\"name\":\"Europoly\",\"url\":\"https:\\\/\\\/europoly.com\\\/\",\"logo\":{\"@type\":\"ImageObject\",\"inLanguage\":\"nl-NL\",\"@id\":\"https:\\\/\\\/europoly.com\\\/#\\\/schema\\\/logo\\\/image\\\/\",\"url\":\"https:\\\/\\\/europoly.com\\\/wp-content\\\/uploads\\\/2023\\\/10\\\/Logo-europoly-fabricants-armoires-polyester.png\",\"contentUrl\":\"https:\\\/\\\/europoly.com\\\/wp-content\\\/uploads\\\/2023\\\/10\\\/Logo-europoly-fabricants-armoires-polyester.png\",\"width\":283,\"height\":369,\"caption\":\"Europoly\"},\"image\":{\"@id\":\"https:\\\/\\\/europoly.com\\\/#\\\/schema\\\/logo\\\/image\\\/\"}}]}<\/script>\n<!-- \/ Yoast SEO plugin. -->","yoast_head_json":{"title":"Onze projecten - Europoly","description":"Onze projecten | Europoly, sp\u00e9cialiste des coffrets et armoires polyester pour environnements industriels exigeants.","robots":{"index":"index","follow":"follow","max-snippet":"max-snippet:-1","max-image-preview":"max-image-preview:large","max-video-preview":"max-video-preview:-1"},"canonical":"https:\/\/europoly.com\/nl\/realisation\/mini-euro-coffrets-standards-ip65\/","og_locale":"nl_NL","og_type":"article","og_title":"Onze projecten - Europoly","og_description":"Onze projecten | Europoly, sp\u00e9cialiste des coffrets et armoires polyester pour environnements industriels exigeants.","og_url":"https:\/\/europoly.com\/nl\/onze-projecten\/","og_site_name":"Europoly","article_modified_time":"2026-03-24T12:27:19+00:00","og_image":[{"width":700,"height":525,"url":"https:\/\/europoly.com\/wp-content\/uploads\/2023\/11\/mega-euro-photo1-min-1.jpg","type":"image\/jpeg"}],"twitter_card":"summary_large_image","twitter_misc":{"Geschatte leestijd":"1 minuut"},"schema":{"@context":"https:\/\/schema.org","@graph":[{"@type":"WebPage","@id":"https:\/\/europoly.com\/nl\/onze-projecten\/","url":"https:\/\/europoly.com\/nl\/onze-projecten\/","name":"Onze projecten - Europoly","isPartOf":{"@id":"https:\/\/europoly.com\/#website"},"primaryImageOfPage":{"@id":"https:\/\/europoly.com\/nl\/onze-projecten\/#primaryimage"},"image":{"@id":"https:\/\/europoly.com\/nl\/onze-projecten\/#primaryimage"},"thumbnailUrl":"https:\/\/europoly.com\/wp-content\/uploads\/2023\/11\/mega-euro-photo1-min-1.jpg","datePublished":"2023-10-20T05:53:35+00:00","dateModified":"2026-03-24T12:27:19+00:00","description":"Onze projecten | Europoly, sp\u00e9cialiste des coffrets et armoires polyester pour environnements industriels exigeants.","breadcrumb":{"@id":"https:\/\/europoly.com\/nl\/onze-projecten\/#breadcrumb"},"inLanguage":"nl-NL","potentialAction":[{"@type":"ReadAction","target":["https:\/\/europoly.com\/nl\/onze-projecten\/"]}]},{"@type":"ImageObject","inLanguage":"nl-NL","@id":"https:\/\/europoly.com\/nl\/onze-projecten\/#primaryimage","url":"https:\/\/europoly.com\/wp-content\/uploads\/2023\/11\/mega-euro-photo1-min-1.jpg","contentUrl":"https:\/\/europoly.com\/wp-content\/uploads\/2023\/11\/mega-euro-photo1-min-1.jpg"},{"@type":"BreadcrumbList","@id":"https:\/\/europoly.com\/nl\/onze-projecten\/#breadcrumb","itemListElement":[{"@type":"ListItem","position":1,"name":"Accueil","item":"https:\/\/europoly.com\/nl\/welkom\/"},{"@type":"ListItem","position":2,"name":"Onze projecten"}]},{"@type":"WebSite","@id":"https:\/\/europoly.com\/#website","url":"https:\/\/europoly.com\/","name":"Europoly","description":"","publisher":{"@id":"https:\/\/europoly.com\/#organization"},"potentialAction":[{"@type":"SearchAction","target":{"@type":"EntryPoint","urlTemplate":"https:\/\/europoly.com\/?s={search_term_string}"},"query-input":{"@type":"PropertyValueSpecification","valueRequired":true,"valueName":"search_term_string"}}],"inLanguage":"nl-NL"},{"@type":"Organization","@id":"https:\/\/europoly.com\/#organization","name":"Europoly","url":"https:\/\/europoly.com\/","logo":{"@type":"ImageObject","inLanguage":"nl-NL","@id":"https:\/\/europoly.com\/#\/schema\/logo\/image\/","url":"https:\/\/europoly.com\/wp-content\/uploads\/2023\/10\/Logo-europoly-fabricants-armoires-polyester.png","contentUrl":"https:\/\/europoly.com\/wp-content\/uploads\/2023\/10\/Logo-europoly-fabricants-armoires-polyester.png","width":283,"height":369,"caption":"Europoly"},"image":{"@id":"https:\/\/europoly.com\/#\/schema\/logo\/image\/"}}]}},"_links":{"self":[{"href":"https:\/\/europoly.com\/nl\/wp-json\/wp\/v2\/pages\/2935","targetHints":{"allow":["GET"]}}],"collection":[{"href":"https:\/\/europoly.com\/nl\/wp-json\/wp\/v2\/pages"}],"about":[{"href":"https:\/\/europoly.com\/nl\/wp-json\/wp\/v2\/types\/page"}],"author":[{"embeddable":true,"href":"https:\/\/europoly.com\/nl\/wp-json\/wp\/v2\/users\/1"}],"replies":[{"embeddable":true,"href":"https:\/\/europoly.com\/nl\/wp-json\/wp\/v2\/comments?post=2935"}],"version-history":[{"count":1,"href":"https:\/\/europoly.com\/nl\/wp-json\/wp\/v2\/pages\/2935\/revisions"}],"predecessor-version":[{"id":2936,"href":"https:\/\/europoly.com\/nl\/wp-json\/wp\/v2\/pages\/2935\/revisions\/2936"}],"wp:attachment":[{"href":"https:\/\/europoly.com\/nl\/wp-json\/wp\/v2\/media?parent=2935"}],"curies":[{"name":"wp","href":"https:\/\/api.w.org\/{rel}","templated":true}]}}