{"id":2941,"date":"2024-02-16T10:20:07","date_gmt":"2024-02-16T09:20:07","guid":{"rendered":"https:\/\/europoly.com\/plannen\/"},"modified":"2026-03-26T14:33:54","modified_gmt":"2026-03-26T13:33:54","slug":"plannen","status":"publish","type":"page","link":"https:\/\/europoly.com\/nl\/plannen\/","title":{"rendered":"Plannen"},"content":{"rendered":"\t\t<div data-elementor-type=\"wp-page\" data-elementor-id=\"2941\" class=\"elementor elementor-2941 elementor-1012\" data-elementor-post-type=\"page\">\n\t\t\t\t\t\t<section class=\"elementor-section elementor-top-section elementor-element elementor-element-ba3dcf4 elementor-section-boxed elementor-section-height-default elementor-section-height-default\" data-id=\"ba3dcf4\" data-element_type=\"section\" data-e-type=\"section\" data-settings=\"{&quot;jet_parallax_layout_list&quot;:[]}\">\n\t\t\t\t\t\t<div class=\"elementor-container elementor-column-gap-default\">\n\t\t\t\t\t<div class=\"elementor-column elementor-col-100 elementor-top-column elementor-element elementor-element-7acff4b\" data-id=\"7acff4b\" data-element_type=\"column\" data-e-type=\"column\">\n\t\t\t<div class=\"elementor-widget-wrap elementor-element-populated\">\n\t\t\t\t\t\t<div class=\"elementor-element elementor-element-23680ec elementor-widget elementor-widget-heading\" data-id=\"23680ec\" data-element_type=\"widget\" data-e-type=\"widget\" data-widget_type=\"heading.default\">\n\t\t\t\t<div class=\"elementor-widget-container\">\n\t\t\t\t\t<h2 class=\"elementor-heading-title elementor-size-default\">Onze plannen<\/h2>\t\t\t\t<\/div>\n\t\t\t\t<\/div>\n\t\t\t\t<div class=\"elementor-element elementor-element-cd096c4 elementor-absolute elementor-widget__width-initial elementor-align-center elementor-widget elementor-widget-lottie\" data-id=\"cd096c4\" data-element_type=\"widget\" data-e-type=\"widget\" data-settings=\"{&quot;source_json&quot;:{&quot;url&quot;:&quot;https:\\\/\\\/europoly.com\\\/wp-content\\\/uploads\\\/2023\\\/11\\\/POINTS-VERTICAL.json&quot;,&quot;id&quot;:504,&quot;size&quot;:&quot;&quot;,&quot;alt&quot;:&quot;&quot;,&quot;source&quot;:&quot;library&quot;},&quot;_position&quot;:&quot;absolute&quot;,&quot;loop&quot;:&quot;yes&quot;,&quot;source&quot;:&quot;media_file&quot;,&quot;caption_source&quot;:&quot;none&quot;,&quot;link_to&quot;:&quot;none&quot;,&quot;trigger&quot;:&quot;arriving_to_viewport&quot;,&quot;viewport&quot;:{&quot;unit&quot;:&quot;%&quot;,&quot;size&quot;:&quot;&quot;,&quot;sizes&quot;:{&quot;start&quot;:0,&quot;end&quot;:100}},&quot;play_speed&quot;:{&quot;unit&quot;:&quot;px&quot;,&quot;size&quot;:1,&quot;sizes&quot;:[]},&quot;start_point&quot;:{&quot;unit&quot;:&quot;%&quot;,&quot;size&quot;:0,&quot;sizes&quot;:[]},&quot;end_point&quot;:{&quot;unit&quot;:&quot;%&quot;,&quot;size&quot;:100,&quot;sizes&quot;:[]},&quot;renderer&quot;:&quot;svg&quot;}\" data-widget_type=\"lottie.default\">\n\t\t\t\t<div class=\"elementor-widget-container\">\n\t\t\t\t\t<div class=\"e-lottie__container\"><div class=\"e-lottie__animation\"><\/div><\/div>\t\t\t\t<\/div>\n\t\t\t\t<\/div>\n\t\t\t\t\t<\/div>\n\t\t<\/div>\n\t\t\t\t\t<\/div>\n\t\t<\/section>\n\t\t\t\t<section class=\"elementor-section elementor-top-section elementor-element elementor-element-d3093c9 elementor-section-boxed elementor-section-height-default elementor-section-height-default\" data-id=\"d3093c9\" data-element_type=\"section\" data-e-type=\"section\" data-settings=\"{&quot;jet_parallax_layout_list&quot;:[]}\">\n\t\t\t\t\t\t<div class=\"elementor-container elementor-column-gap-default\">\n\t\t\t\t\t<div class=\"elementor-column elementor-col-100 elementor-top-column elementor-element elementor-element-6b33025\" data-id=\"6b33025\" data-element_type=\"column\" data-e-type=\"column\">\n\t\t\t<div class=\"elementor-widget-wrap elementor-element-populated\">\n\t\t\t\t\t\t<div class=\"elementor-element elementor-element-b44af55 elementor-widget elementor-widget-jet-tabs\" data-id=\"b44af55\" data-element_type=\"widget\" data-e-type=\"widget\" data-settings=\"{&quot;tabs_position&quot;:&quot;top&quot;,&quot;no_active_tabs&quot;:&quot;false&quot;}\" data-widget_type=\"jet-tabs.default\">\n\t\t\t\t<div class=\"elementor-widget-container\">\n\t\t\t\t\t\n\t\t<div class=\"jet-tabs jet-tabs-position-top jet-tabs-move-up-effect \" data-settings=\"{&quot;activeIndex&quot;:0,&quot;event&quot;:&quot;click&quot;,&quot;autoSwitch&quot;:false,&quot;autoSwitchDelay&quot;:3000,&quot;ajaxTemplate&quot;:false,&quot;tabsPosition&quot;:&quot;top&quot;,&quot;switchScrolling&quot;:false,&quot;switchScrollingOffset&quot;:0}\">\n\t\t\t<div class=\"jet-tabs__control-wrapper \" \trole=\"tablist\">\n\t\t\t\t<div id=\"micro\" class=\"jet-tabs__control jet-tabs__control-icon-left elementor-menu-anchor active-tab\" data-tab=\"1\" tabindex=\"0\" role=\"tab\" aria-controls=\"jet-tabs-content-1891\" aria-expanded=\"true\" data-template-id=\"false\"><div class=\"jet-tabs__control-inner\"><div class=\"jet-tabs__label-text\">Micro-euro plannen<\/div><\/div><\/div><div id=\"mini\" class=\"jet-tabs__control jet-tabs__control-icon-left elementor-menu-anchor \" data-tab=\"2\" tabindex=\"0\" role=\"tab\" aria-controls=\"jet-tabs-content-1892\" aria-expanded=\"false\" data-template-id=\"false\"><div class=\"jet-tabs__control-inner\"><div class=\"jet-tabs__label-text\">Mini-euro plannen<\/div><\/div><\/div><div id=\"jet-tabs-control-1893\" class=\"jet-tabs__control jet-tabs__control-icon-left elementor-menu-anchor \" data-tab=\"3\" tabindex=\"0\" role=\"tab\" aria-controls=\"jet-tabs-content-1893\" aria-expanded=\"false\" data-template-id=\"false\"><div class=\"jet-tabs__control-inner\"><div class=\"jet-tabs__label-text\">Euro Medium plannen<\/div><\/div><\/div><div id=\"jet-tabs-control-1894\" class=\"jet-tabs__control jet-tabs__control-icon-left elementor-menu-anchor \" data-tab=\"4\" tabindex=\"0\" role=\"tab\" aria-controls=\"jet-tabs-content-1894\" aria-expanded=\"false\" data-template-id=\"false\"><div class=\"jet-tabs__control-inner\"><div class=\"jet-tabs__label-text\">Maxi Euro 1500 plannen<\/div><\/div><\/div><div id=\"jet-tabs-control-1895\" class=\"jet-tabs__control jet-tabs__control-icon-left elementor-menu-anchor \" data-tab=\"5\" tabindex=\"0\" role=\"tab\" aria-controls=\"jet-tabs-content-1895\" aria-expanded=\"false\" data-template-id=\"false\"><div class=\"jet-tabs__control-inner\"><div class=\"jet-tabs__label-text\">Maxi Euro 1900 plannen<\/div><\/div><\/div>\t\t\t<\/div>\n\t\t\t<div class=\"jet-tabs__content-wrapper\">\n\t\t\t\t<div id=\"jet-tabs-content-1891\" class=\"jet-tabs__content active-content\" data-tab=\"1\" role=\"tabpanel\" aria-hidden=\"false\" data-template-id=\"false\"><div class=\"um-locked-content\">\n\t<div class=\"um-locked-content-msg\">Deze inhoud is beperkt tot alleen ingelogde gebruikers. <a href=\"https:\/\/europoly.com\/nl\/inloggen\/?redirect_to=https%3A%2F%2Feuropoly.com%2Fnl%2Fwp-json%2Fwp%2Fv2%2Fpages%2F2941\">Login<\/a> om deze inhoud te bekijken.<\/div>\n<\/div>\n\n<\/div><div id=\"jet-tabs-content-1892\" class=\"jet-tabs__content \" data-tab=\"2\" role=\"tabpanel\" aria-hidden=\"true\" data-template-id=\"false\"><div class=\"um-locked-content\">\n\t<div class=\"um-locked-content-msg\">Deze inhoud is beperkt tot alleen ingelogde gebruikers. <a href=\"https:\/\/europoly.com\/nl\/inloggen\/?redirect_to=https%3A%2F%2Feuropoly.com%2Fnl%2Fwp-json%2Fwp%2Fv2%2Fpages%2F2941\">Login<\/a> om deze inhoud te bekijken.<\/div>\n<\/div>\n\n<\/div><div id=\"jet-tabs-content-1893\" class=\"jet-tabs__content \" data-tab=\"3\" role=\"tabpanel\" aria-hidden=\"true\" data-template-id=\"false\"><div class=\"um-locked-content\">\n\t<div class=\"um-locked-content-msg\">Deze inhoud is beperkt tot alleen ingelogde gebruikers. <a href=\"https:\/\/europoly.com\/nl\/inloggen\/?redirect_to=https%3A%2F%2Feuropoly.com%2Fnl%2Fwp-json%2Fwp%2Fv2%2Fpages%2F2941\">Login<\/a> om deze inhoud te bekijken.<\/div>\n<\/div>\n\n<\/div><div id=\"jet-tabs-content-1894\" class=\"jet-tabs__content \" data-tab=\"4\" role=\"tabpanel\" aria-hidden=\"true\" data-template-id=\"false\"><div class=\"um-locked-content\">\n\t<div class=\"um-locked-content-msg\">Deze inhoud is beperkt tot alleen ingelogde gebruikers. <a href=\"https:\/\/europoly.com\/nl\/inloggen\/?redirect_to=https%3A%2F%2Feuropoly.com%2Fnl%2Fwp-json%2Fwp%2Fv2%2Fpages%2F2941\">Login<\/a> om deze inhoud te bekijken.<\/div>\n<\/div>\n\n<\/div><div id=\"jet-tabs-content-1895\" class=\"jet-tabs__content \" data-tab=\"5\" role=\"tabpanel\" aria-hidden=\"true\" data-template-id=\"false\"><div class=\"um-locked-content\">\n\t<div class=\"um-locked-content-msg\">Deze inhoud is beperkt tot alleen ingelogde gebruikers. <a href=\"https:\/\/europoly.com\/nl\/inloggen\/?redirect_to=https%3A%2F%2Feuropoly.com%2Fnl%2Fwp-json%2Fwp%2Fv2%2Fpages%2F2941\">Login<\/a> om deze inhoud te bekijken.<\/div>\n<\/div>\n\n<\/div>\t\t\t<\/div>\n\t\t<\/div>\n\t\t\t\t\t\t<\/div>\n\t\t\t\t<\/div>\n\t\t\t\t\t<\/div>\n\t\t<\/div>\n\t\t\t\t\t<\/div>\n\t\t<\/section>\n\t\t\t\t<\/div>\n\t\t","protected":false},"excerpt":{"rendered":"<p>Onze plannen Micro-euro plannenMini-euro plannenEuro Medium plannenMaxi Euro 1500 plannenMaxi Euro 1900 plannen Ce contenu est r\u00e9serv\u00e9 uniquement aux utilisateurs et utilisatrices connect\u00e9s. Veuillez vous connecter pour voir ce contenu. Ce contenu est r\u00e9serv\u00e9 uniquement aux utilisateurs et utilisatrices connect\u00e9s. Veuillez vous connecter pour voir ce contenu. Ce contenu est r\u00e9serv\u00e9 uniquement aux utilisateurs et [&hellip;]<\/p>\n","protected":false},"author":1,"featured_media":0,"parent":0,"menu_order":0,"comment_status":"closed","ping_status":"closed","template":"","meta":{"_acf_changed":false,"_monsterinsights_skip_tracking":false,"_monsterinsights_sitenote_active":false,"_monsterinsights_sitenote_note":"","_monsterinsights_sitenote_category":0,"footnotes":""},"class_list":["post-2941","page","type-page","status-publish","hentry"],"acf":[],"yoast_head":"<!-- This site is optimized with the Yoast SEO plugin v27.4 - https:\/\/yoast.com\/product\/yoast-seo-wordpress\/ -->\n<title>Plannen - Europoly<\/title>\n<meta name=\"description\" content=\"Plannen | Europoly, sp\u00e9cialiste des coffrets et armoires polyester pour environnements industriels exigeants.\" \/>\n<meta name=\"robots\" content=\"index, follow, max-snippet:-1, max-image-preview:large, max-video-preview:-1\" \/>\n<link rel=\"canonical\" href=\"https:\/\/europoly.com\/nl\/plannen\/\" \/>\n<meta property=\"og:locale\" content=\"nl_NL\" \/>\n<meta property=\"og:type\" content=\"article\" \/>\n<meta property=\"og:title\" content=\"Plannen - Europoly\" \/>\n<meta property=\"og:description\" content=\"Plannen | Europoly, sp\u00e9cialiste des coffrets et armoires polyester pour environnements industriels exigeants.\" \/>\n<meta property=\"og:url\" content=\"https:\/\/europoly.com\/nl\/plannen\/\" \/>\n<meta property=\"og:site_name\" content=\"Europoly\" \/>\n<meta property=\"article:modified_time\" content=\"2026-03-26T13:33:54+00:00\" \/>\n<meta name=\"twitter:card\" content=\"summary_large_image\" \/>\n<meta name=\"twitter:label1\" content=\"Geschatte leestijd\" \/>\n\t<meta name=\"twitter:data1\" content=\"1 minuut\" \/>\n<script type=\"application\/ld+json\" class=\"yoast-schema-graph\">{\"@context\":\"https:\\\/\\\/schema.org\",\"@graph\":[{\"@type\":\"WebPage\",\"@id\":\"https:\\\/\\\/europoly.com\\\/nl\\\/plannen\\\/\",\"url\":\"https:\\\/\\\/europoly.com\\\/nl\\\/plannen\\\/\",\"name\":\"Plannen - Europoly\",\"isPartOf\":{\"@id\":\"https:\\\/\\\/europoly.com\\\/#website\"},\"datePublished\":\"2024-02-16T09:20:07+00:00\",\"dateModified\":\"2026-03-26T13:33:54+00:00\",\"description\":\"Plannen | Europoly, sp\u00e9cialiste des coffrets et armoires polyester pour environnements industriels exigeants.\",\"breadcrumb\":{\"@id\":\"https:\\\/\\\/europoly.com\\\/nl\\\/plannen\\\/#breadcrumb\"},\"inLanguage\":\"nl-NL\",\"potentialAction\":[{\"@type\":\"ReadAction\",\"target\":[\"https:\\\/\\\/europoly.com\\\/nl\\\/plannen\\\/\"]}]},{\"@type\":\"BreadcrumbList\",\"@id\":\"https:\\\/\\\/europoly.com\\\/nl\\\/plannen\\\/#breadcrumb\",\"itemListElement\":[{\"@type\":\"ListItem\",\"position\":1,\"name\":\"Accueil\",\"item\":\"https:\\\/\\\/europoly.com\\\/nl\\\/welkom\\\/\"},{\"@type\":\"ListItem\",\"position\":2,\"name\":\"Plannen\"}]},{\"@type\":\"WebSite\",\"@id\":\"https:\\\/\\\/europoly.com\\\/#website\",\"url\":\"https:\\\/\\\/europoly.com\\\/\",\"name\":\"Europoly\",\"description\":\"\",\"publisher\":{\"@id\":\"https:\\\/\\\/europoly.com\\\/#organization\"},\"potentialAction\":[{\"@type\":\"SearchAction\",\"target\":{\"@type\":\"EntryPoint\",\"urlTemplate\":\"https:\\\/\\\/europoly.com\\\/?s={search_term_string}\"},\"query-input\":{\"@type\":\"PropertyValueSpecification\",\"valueRequired\":true,\"valueName\":\"search_term_string\"}}],\"inLanguage\":\"nl-NL\"},{\"@type\":\"Organization\",\"@id\":\"https:\\\/\\\/europoly.com\\\/#organization\",\"name\":\"Europoly\",\"url\":\"https:\\\/\\\/europoly.com\\\/\",\"logo\":{\"@type\":\"ImageObject\",\"inLanguage\":\"nl-NL\",\"@id\":\"https:\\\/\\\/europoly.com\\\/#\\\/schema\\\/logo\\\/image\\\/\",\"url\":\"https:\\\/\\\/europoly.com\\\/wp-content\\\/uploads\\\/2023\\\/10\\\/Logo-europoly-fabricants-armoires-polyester.png\",\"contentUrl\":\"https:\\\/\\\/europoly.com\\\/wp-content\\\/uploads\\\/2023\\\/10\\\/Logo-europoly-fabricants-armoires-polyester.png\",\"width\":283,\"height\":369,\"caption\":\"Europoly\"},\"image\":{\"@id\":\"https:\\\/\\\/europoly.com\\\/#\\\/schema\\\/logo\\\/image\\\/\"}}]}<\/script>\n<!-- \/ Yoast SEO plugin. -->","yoast_head_json":{"title":"Plannen - Europoly","description":"Plannen | Europoly, sp\u00e9cialiste des coffrets et armoires polyester pour environnements industriels exigeants.","robots":{"index":"index","follow":"follow","max-snippet":"max-snippet:-1","max-image-preview":"max-image-preview:large","max-video-preview":"max-video-preview:-1"},"canonical":"https:\/\/europoly.com\/nl\/plannen\/","og_locale":"nl_NL","og_type":"article","og_title":"Plannen - Europoly","og_description":"Plannen | Europoly, sp\u00e9cialiste des coffrets et armoires polyester pour environnements industriels exigeants.","og_url":"https:\/\/europoly.com\/nl\/plannen\/","og_site_name":"Europoly","article_modified_time":"2026-03-26T13:33:54+00:00","twitter_card":"summary_large_image","twitter_misc":{"Geschatte leestijd":"1 minuut"},"schema":{"@context":"https:\/\/schema.org","@graph":[{"@type":"WebPage","@id":"https:\/\/europoly.com\/nl\/plannen\/","url":"https:\/\/europoly.com\/nl\/plannen\/","name":"Plannen - Europoly","isPartOf":{"@id":"https:\/\/europoly.com\/#website"},"datePublished":"2024-02-16T09:20:07+00:00","dateModified":"2026-03-26T13:33:54+00:00","description":"Plannen | Europoly, sp\u00e9cialiste des coffrets et armoires polyester pour environnements industriels exigeants.","breadcrumb":{"@id":"https:\/\/europoly.com\/nl\/plannen\/#breadcrumb"},"inLanguage":"nl-NL","potentialAction":[{"@type":"ReadAction","target":["https:\/\/europoly.com\/nl\/plannen\/"]}]},{"@type":"BreadcrumbList","@id":"https:\/\/europoly.com\/nl\/plannen\/#breadcrumb","itemListElement":[{"@type":"ListItem","position":1,"name":"Accueil","item":"https:\/\/europoly.com\/nl\/welkom\/"},{"@type":"ListItem","position":2,"name":"Plannen"}]},{"@type":"WebSite","@id":"https:\/\/europoly.com\/#website","url":"https:\/\/europoly.com\/","name":"Europoly","description":"","publisher":{"@id":"https:\/\/europoly.com\/#organization"},"potentialAction":[{"@type":"SearchAction","target":{"@type":"EntryPoint","urlTemplate":"https:\/\/europoly.com\/?s={search_term_string}"},"query-input":{"@type":"PropertyValueSpecification","valueRequired":true,"valueName":"search_term_string"}}],"inLanguage":"nl-NL"},{"@type":"Organization","@id":"https:\/\/europoly.com\/#organization","name":"Europoly","url":"https:\/\/europoly.com\/","logo":{"@type":"ImageObject","inLanguage":"nl-NL","@id":"https:\/\/europoly.com\/#\/schema\/logo\/image\/","url":"https:\/\/europoly.com\/wp-content\/uploads\/2023\/10\/Logo-europoly-fabricants-armoires-polyester.png","contentUrl":"https:\/\/europoly.com\/wp-content\/uploads\/2023\/10\/Logo-europoly-fabricants-armoires-polyester.png","width":283,"height":369,"caption":"Europoly"},"image":{"@id":"https:\/\/europoly.com\/#\/schema\/logo\/image\/"}}]}},"_links":{"self":[{"href":"https:\/\/europoly.com\/nl\/wp-json\/wp\/v2\/pages\/2941","targetHints":{"allow":["GET"]}}],"collection":[{"href":"https:\/\/europoly.com\/nl\/wp-json\/wp\/v2\/pages"}],"about":[{"href":"https:\/\/europoly.com\/nl\/wp-json\/wp\/v2\/types\/page"}],"author":[{"embeddable":true,"href":"https:\/\/europoly.com\/nl\/wp-json\/wp\/v2\/users\/1"}],"replies":[{"embeddable":true,"href":"https:\/\/europoly.com\/nl\/wp-json\/wp\/v2\/comments?post=2941"}],"version-history":[{"count":1,"href":"https:\/\/europoly.com\/nl\/wp-json\/wp\/v2\/pages\/2941\/revisions"}],"predecessor-version":[{"id":2942,"href":"https:\/\/europoly.com\/nl\/wp-json\/wp\/v2\/pages\/2941\/revisions\/2942"}],"wp:attachment":[{"href":"https:\/\/europoly.com\/nl\/wp-json\/wp\/v2\/media?parent=2941"}],"curies":[{"name":"wp","href":"https:\/\/api.w.org\/{rel}","templated":true}]}}