{"id":63,"date":"2023-10-20T11:04:53","date_gmt":"2023-10-20T09:04:53","guid":{"rendered":"https:\/\/europoly.com\/?post_type=product&#038;p=63"},"modified":"2024-11-19T16:14:24","modified_gmt":"2024-11-19T15:14:24","slug":"micro-euro","status":"publish","type":"product","link":"https:\/\/europoly.com\/nl\/produit\/micro-euro\/","title":{"rendered":"Micro euro"},"content":{"rendered":"<p><strong>Bo\u00eetes modulaires<\/strong><br \/>\n180x270x176 \u00e0 720x540x206 mm<\/p>\n<p><strong>Les + qui font la diff\u00e9rence<\/strong><\/p>\n<div class=\"description-none\">\n<ul>\n<li>Bo\u00eetes modulaires pouvant \u00eatre assembl\u00e9es les uns aux autres<\/li>\n<li>Couvercle plombable fermant avec des vis imperdables<\/li>\n<li>Choix entre un couvercle opaque ou un couvercle transparent anti-UV avec joint d\u2019\u00e9tanch\u00e9it\u00e9<\/li>\n<li>Personnalisation possible : per\u00e7ages, presse-\u00e9toupes, montage rails DIN\u2026<\/li>\n<\/ul>\n<p><strong>Degr\u00e9 de protection IP66<\/strong><br \/>\nBo\u00eetes particuli\u00e8rement utilis\u00e9es pour des installations d\u2019\u00e9quipement \u00e9lectriques et \u00e9lectroniques en milieux corrosifs. Applications : coffrets de distribution, appareillage de commutation, bo\u00eetes de d\u00e9rivation, tableaux de commandes\u2026<\/p>\n<p><strong>Tr\u00e8s haute r\u00e9sistance \u00e0 la corrosion<\/strong><\/p>\n<\/div>\n","protected":false},"excerpt":{"rendered":"<p>Bo\u00eetes modulaires 180x270x176 \u00e0 720x540x206 mm Les + qui font la diff\u00e9rence Bo\u00eetes modulaires pouvant \u00eatre assembl\u00e9es les uns aux autres Couvercle plombable fermant avec des vis imperdables Choix entre un couvercle opaque ou un couvercle transparent anti-UV avec joint d\u2019\u00e9tanch\u00e9it\u00e9 Personnalisation possible : per\u00e7ages, presse-\u00e9toupes, montage rails DIN\u2026 Degr\u00e9 de protection IP66 Bo\u00eetes particuli\u00e8rement [&hellip;]<\/p>\n","protected":false},"featured_media":1314,"comment_status":"closed","ping_status":"closed","template":"","meta":{"_acf_changed":false,"_monsterinsights_skip_tracking":false,"_monsterinsights_sitenote_active":false,"_monsterinsights_sitenote_note":"","_monsterinsights_sitenote_category":0},"product_brand":[],"product_cat":[17],"product_tag":[],"class_list":{"0":"post-63","1":"product","2":"type-product","3":"status-publish","4":"has-post-thumbnail","6":"product_cat-non-classe","8":"first","9":"instock","10":"shipping-taxable","11":"product-type-simple"},"acf":[],"yoast_head":"<!-- This site is optimized with the Yoast SEO plugin v27.3 - https:\/\/yoast.com\/product\/yoast-seo-wordpress\/ -->\n<title>Micro euro - Europoly<\/title>\n<meta name=\"description\" content=\"Micro euro \u2013 Coffrets et armoires polyester haute r\u00e9sistance pour applications industrielles. Fabrication Europoly, sp\u00e9cialiste des solutions polyester.\" \/>\n<meta name=\"robots\" content=\"index, follow, max-snippet:-1, max-image-preview:large, max-video-preview:-1\" \/>\n<link rel=\"canonical\" href=\"https:\/\/europoly.com\/nl\/produit\/micro-euro\/\" \/>\n<meta property=\"og:locale\" content=\"nl_NL\" \/>\n<meta property=\"og:type\" content=\"article\" \/>\n<meta property=\"og:title\" content=\"Micro euro - Europoly\" \/>\n<meta property=\"og:description\" content=\"Micro euro \u2013 Coffrets et armoires polyester haute r\u00e9sistance pour applications industrielles. Fabrication Europoly, sp\u00e9cialiste des solutions polyester.\" \/>\n<meta property=\"og:url\" content=\"https:\/\/europoly.com\/produit\/micro-euro\/\" \/>\n<meta property=\"og:site_name\" content=\"Europoly\" \/>\n<meta property=\"article:modified_time\" content=\"2024-11-19T15:14:24+00:00\" \/>\n<meta property=\"og:image\" content=\"https:\/\/europoly.com\/wp-content\/uploads\/2023\/10\/PictoMICROEUROcouleur-1.png\" \/>\n\t<meta property=\"og:image:width\" content=\"826\" \/>\n\t<meta property=\"og:image:height\" content=\"1169\" \/>\n\t<meta property=\"og:image:type\" content=\"image\/png\" \/>\n<meta name=\"twitter:card\" content=\"summary_large_image\" \/>\n<meta name=\"twitter:label1\" content=\"Geschatte leestijd\" \/>\n\t<meta name=\"twitter:data1\" content=\"1 minuut\" \/>\n<script type=\"application\/ld+json\" class=\"yoast-schema-graph\">{\"@context\":\"https:\\\/\\\/schema.org\",\"@graph\":[{\"@type\":\"WebPage\",\"@id\":\"https:\\\/\\\/europoly.com\\\/produit\\\/micro-euro\\\/\",\"url\":\"https:\\\/\\\/europoly.com\\\/produit\\\/micro-euro\\\/\",\"name\":\"Micro euro - Europoly\",\"isPartOf\":{\"@id\":\"https:\\\/\\\/europoly.com\\\/#website\"},\"primaryImageOfPage\":{\"@id\":\"https:\\\/\\\/europoly.com\\\/produit\\\/micro-euro\\\/#primaryimage\"},\"image\":{\"@id\":\"https:\\\/\\\/europoly.com\\\/produit\\\/micro-euro\\\/#primaryimage\"},\"thumbnailUrl\":\"https:\\\/\\\/europoly.com\\\/wp-content\\\/uploads\\\/2023\\\/10\\\/PictoMICROEUROcouleur-1.png\",\"datePublished\":\"2023-10-20T09:04:53+00:00\",\"dateModified\":\"2024-11-19T15:14:24+00:00\",\"description\":\"Micro euro \u2013 Coffrets et armoires polyester haute r\u00e9sistance pour applications industrielles. Fabrication Europoly, sp\u00e9cialiste des solutions polyester.\",\"breadcrumb\":{\"@id\":\"https:\\\/\\\/europoly.com\\\/produit\\\/micro-euro\\\/#breadcrumb\"},\"inLanguage\":\"nl-NL\",\"potentialAction\":[{\"@type\":\"ReadAction\",\"target\":[\"https:\\\/\\\/europoly.com\\\/produit\\\/micro-euro\\\/\"]}]},{\"@type\":\"ImageObject\",\"inLanguage\":\"nl-NL\",\"@id\":\"https:\\\/\\\/europoly.com\\\/produit\\\/micro-euro\\\/#primaryimage\",\"url\":\"https:\\\/\\\/europoly.com\\\/wp-content\\\/uploads\\\/2023\\\/10\\\/PictoMICROEUROcouleur-1.png\",\"contentUrl\":\"https:\\\/\\\/europoly.com\\\/wp-content\\\/uploads\\\/2023\\\/10\\\/PictoMICROEUROcouleur-1.png\",\"width\":826,\"height\":1169},{\"@type\":\"BreadcrumbList\",\"@id\":\"https:\\\/\\\/europoly.com\\\/produit\\\/micro-euro\\\/#breadcrumb\",\"itemListElement\":[{\"@type\":\"ListItem\",\"position\":1,\"name\":\"Accueil\",\"item\":\"https:\\\/\\\/europoly.com\\\/nl\\\/welkom\\\/\"},{\"@type\":\"ListItem\",\"position\":2,\"name\":\"Winkel\",\"item\":\"https:\\\/\\\/europoly.com\\\/winkel\\\/\"},{\"@type\":\"ListItem\",\"position\":3,\"name\":\"Micro euro\"}]},{\"@type\":\"WebSite\",\"@id\":\"https:\\\/\\\/europoly.com\\\/#website\",\"url\":\"https:\\\/\\\/europoly.com\\\/\",\"name\":\"Europoly\",\"description\":\"\",\"publisher\":{\"@id\":\"https:\\\/\\\/europoly.com\\\/#organization\"},\"potentialAction\":[{\"@type\":\"SearchAction\",\"target\":{\"@type\":\"EntryPoint\",\"urlTemplate\":\"https:\\\/\\\/europoly.com\\\/?s={search_term_string}\"},\"query-input\":{\"@type\":\"PropertyValueSpecification\",\"valueRequired\":true,\"valueName\":\"search_term_string\"}}],\"inLanguage\":\"nl-NL\"},{\"@type\":\"Organization\",\"@id\":\"https:\\\/\\\/europoly.com\\\/#organization\",\"name\":\"Europoly\",\"url\":\"https:\\\/\\\/europoly.com\\\/\",\"logo\":{\"@type\":\"ImageObject\",\"inLanguage\":\"nl-NL\",\"@id\":\"https:\\\/\\\/europoly.com\\\/#\\\/schema\\\/logo\\\/image\\\/\",\"url\":\"https:\\\/\\\/europoly.com\\\/wp-content\\\/uploads\\\/2023\\\/10\\\/Logo-europoly-fabricants-armoires-polyester.png\",\"contentUrl\":\"https:\\\/\\\/europoly.com\\\/wp-content\\\/uploads\\\/2023\\\/10\\\/Logo-europoly-fabricants-armoires-polyester.png\",\"width\":283,\"height\":369,\"caption\":\"Europoly\"},\"image\":{\"@id\":\"https:\\\/\\\/europoly.com\\\/#\\\/schema\\\/logo\\\/image\\\/\"}}]}<\/script>\n<!-- \/ Yoast SEO plugin. -->","yoast_head_json":{"title":"Micro euro - Europoly","description":"Micro euro \u2013 Coffrets et armoires polyester haute r\u00e9sistance pour applications industrielles. Fabrication Europoly, sp\u00e9cialiste des solutions polyester.","robots":{"index":"index","follow":"follow","max-snippet":"max-snippet:-1","max-image-preview":"max-image-preview:large","max-video-preview":"max-video-preview:-1"},"canonical":"https:\/\/europoly.com\/nl\/produit\/micro-euro\/","og_locale":"nl_NL","og_type":"article","og_title":"Micro euro - Europoly","og_description":"Micro euro \u2013 Coffrets et armoires polyester haute r\u00e9sistance pour applications industrielles. Fabrication Europoly, sp\u00e9cialiste des solutions polyester.","og_url":"https:\/\/europoly.com\/produit\/micro-euro\/","og_site_name":"Europoly","article_modified_time":"2024-11-19T15:14:24+00:00","og_image":[{"width":826,"height":1169,"url":"https:\/\/europoly.com\/wp-content\/uploads\/2023\/10\/PictoMICROEUROcouleur-1.png","type":"image\/png"}],"twitter_card":"summary_large_image","twitter_misc":{"Geschatte leestijd":"1 minuut"},"schema":{"@context":"https:\/\/schema.org","@graph":[{"@type":"WebPage","@id":"https:\/\/europoly.com\/produit\/micro-euro\/","url":"https:\/\/europoly.com\/produit\/micro-euro\/","name":"Micro euro - Europoly","isPartOf":{"@id":"https:\/\/europoly.com\/#website"},"primaryImageOfPage":{"@id":"https:\/\/europoly.com\/produit\/micro-euro\/#primaryimage"},"image":{"@id":"https:\/\/europoly.com\/produit\/micro-euro\/#primaryimage"},"thumbnailUrl":"https:\/\/europoly.com\/wp-content\/uploads\/2023\/10\/PictoMICROEUROcouleur-1.png","datePublished":"2023-10-20T09:04:53+00:00","dateModified":"2024-11-19T15:14:24+00:00","description":"Micro euro \u2013 Coffrets et armoires polyester haute r\u00e9sistance pour applications industrielles. Fabrication Europoly, sp\u00e9cialiste des solutions polyester.","breadcrumb":{"@id":"https:\/\/europoly.com\/produit\/micro-euro\/#breadcrumb"},"inLanguage":"nl-NL","potentialAction":[{"@type":"ReadAction","target":["https:\/\/europoly.com\/produit\/micro-euro\/"]}]},{"@type":"ImageObject","inLanguage":"nl-NL","@id":"https:\/\/europoly.com\/produit\/micro-euro\/#primaryimage","url":"https:\/\/europoly.com\/wp-content\/uploads\/2023\/10\/PictoMICROEUROcouleur-1.png","contentUrl":"https:\/\/europoly.com\/wp-content\/uploads\/2023\/10\/PictoMICROEUROcouleur-1.png","width":826,"height":1169},{"@type":"BreadcrumbList","@id":"https:\/\/europoly.com\/produit\/micro-euro\/#breadcrumb","itemListElement":[{"@type":"ListItem","position":1,"name":"Accueil","item":"https:\/\/europoly.com\/nl\/welkom\/"},{"@type":"ListItem","position":2,"name":"Winkel","item":"https:\/\/europoly.com\/winkel\/"},{"@type":"ListItem","position":3,"name":"Micro euro"}]},{"@type":"WebSite","@id":"https:\/\/europoly.com\/#website","url":"https:\/\/europoly.com\/","name":"Europoly","description":"","publisher":{"@id":"https:\/\/europoly.com\/#organization"},"potentialAction":[{"@type":"SearchAction","target":{"@type":"EntryPoint","urlTemplate":"https:\/\/europoly.com\/?s={search_term_string}"},"query-input":{"@type":"PropertyValueSpecification","valueRequired":true,"valueName":"search_term_string"}}],"inLanguage":"nl-NL"},{"@type":"Organization","@id":"https:\/\/europoly.com\/#organization","name":"Europoly","url":"https:\/\/europoly.com\/","logo":{"@type":"ImageObject","inLanguage":"nl-NL","@id":"https:\/\/europoly.com\/#\/schema\/logo\/image\/","url":"https:\/\/europoly.com\/wp-content\/uploads\/2023\/10\/Logo-europoly-fabricants-armoires-polyester.png","contentUrl":"https:\/\/europoly.com\/wp-content\/uploads\/2023\/10\/Logo-europoly-fabricants-armoires-polyester.png","width":283,"height":369,"caption":"Europoly"},"image":{"@id":"https:\/\/europoly.com\/#\/schema\/logo\/image\/"}}]}},"_links":{"self":[{"href":"https:\/\/europoly.com\/nl\/wp-json\/wp\/v2\/product\/63","targetHints":{"allow":["GET"]}}],"collection":[{"href":"https:\/\/europoly.com\/nl\/wp-json\/wp\/v2\/product"}],"about":[{"href":"https:\/\/europoly.com\/nl\/wp-json\/wp\/v2\/types\/product"}],"replies":[{"embeddable":true,"href":"https:\/\/europoly.com\/nl\/wp-json\/wp\/v2\/comments?post=63"}],"wp:featuredmedia":[{"embeddable":true,"href":"https:\/\/europoly.com\/nl\/wp-json\/wp\/v2\/media\/1314"}],"wp:attachment":[{"href":"https:\/\/europoly.com\/nl\/wp-json\/wp\/v2\/media?parent=63"}],"wp:term":[{"taxonomy":"product_brand","embeddable":true,"href":"https:\/\/europoly.com\/nl\/wp-json\/wp\/v2\/product_brand?post=63"},{"taxonomy":"product_cat","embeddable":true,"href":"https:\/\/europoly.com\/nl\/wp-json\/wp\/v2\/product_cat?post=63"},{"taxonomy":"product_tag","embeddable":true,"href":"https:\/\/europoly.com\/nl\/wp-json\/wp\/v2\/product_tag?post=63"}],"curies":[{"name":"wp","href":"https:\/\/api.w.org\/{rel}","templated":true}]}}